{"id":9486,"date":"2026-01-05T16:29:08","date_gmt":"2026-01-05T15:29:08","guid":{"rendered":"https:\/\/unidis.fr\/portail\/?page_id=9486"},"modified":"2026-03-05T10:53:24","modified_gmt":"2026-03-05T09:53:24","slug":"recrutement-et-developpement-rh","status":"publish","type":"page","link":"https:\/\/unidis.fr\/portail\/recrutement-et-developpement-rh\/","title":{"rendered":"Recrutement et D\u00e9veloppement RH"},"content":{"rendered":"<section class=\"wpb-content-wrapper\"><p>[vc_row bg_type=\u00a0\u00bbbg_color\u00a0\u00bb bg_color_value=\u00a0\u00bb#ffffff\u00a0\u00bb][vc_column parallax=\u00a0\u00bbcontent-moving\u00a0\u00bb css=\u00a0\u00bb.vc_custom_1555078384522{background-color: #ffffff !important;}\u00a0\u00bb offset=\u00a0\u00bbvc_hidden-lg vc_hidden-md vc_hidden-sm\u00a0\u00bb][vc_tta_accordion color=\u00a0\u00bbgreen\u00a0\u00bb c_icon=\u00a0\u00bb\u00a0\u00bb active_section=\u00a0\u00bb$\u00a0\u00bb collapsible_all=\u00a0\u00bbtrue\u00a0\u00bb][vc_tta_section i_icon_fontawesome=\u00a0\u00bbfa fa-bars\u00a0\u00bb add_icon=\u00a0\u00bbtrue\u00a0\u00bb title=\u00a0\u00bbMENU\u00a0\u00bb tab_id=\u00a0\u00bb1555076975667-ca4cfdf5-b7d3&Prime;][vc_wp_custommenu nav_menu=\u00a0\u00bb12&Prime;][\/vc_tta_section][\/vc_tta_accordion][\/vc_column][\/vc_row][vc_row bg_type=\u00a0\u00bbbg_color\u00a0\u00bb bg_color_value=\u00a0\u00bb#ffffff\u00a0\u00bb][vc_column width=\u00a0\u00bb1\/4&Prime; offset=\u00a0\u00bbvc_hidden-xs\u00a0\u00bb][vc_empty_space height=\u00a0\u00bb12px\u00a0\u00bb][vc_wp_custommenu nav_menu=\u00a0\u00bb12&Prime;][\/vc_column][vc_column width=\u00a0\u00bb3\/4&Prime; css=\u00a0\u00bb.vc_custom_1543336856262{padding-right: 50px !important;padding-left: 50px !important;}\u00a0\u00bb][vc_custom_heading text=\u00a0\u00bbOffre de service Recrutement et D\u00e9veloppement RH\u00a0\u00bb font_container=\u00a0\u00bbtag:h3|text_align:left\u00a0\u00bb use_theme_fonts=\u00a0\u00bbyes\u00a0\u00bb css_animation=\u00a0\u00bbfadeIn\u00a0\u00bb][vc_separator color=\u00a0\u00bbcustom\u00a0\u00bb align=\u00a0\u00bbalign_left\u00a0\u00bb border_width=\u00a0\u00bb3&Prime; el_width=\u00a0\u00bb10&Prime; accent_color=\u00a0\u00bb#163e75&Prime;][vc_column_text el_class=\u00a0\u00bbjustify\u00a0\u00bb]Le d\u00e9fi des comp\u00e9tences est plus que jamais central pour l\u2019Industrie Papier Carton.<\/p>\n<p>Entre renouvellement des effectifs, d\u00e9veloppement de l\u2019apprentissage et mont\u00e9e en comp\u00e9tences interne, la branche propose un panel complet de services pour ATTIRER, RECRUTER, FORMER, FIDELISER et COOPERER.<\/p>\n<p>D\u00e9couvrez les outils mis \u00e0 disposition gratuitement et des services sur-mesure pour les entreprises gr\u00e2ce \u00e0 peut s\u2019appuyer sur un r\u00e9seau formation (initiale et continue) solide et mobilis\u00e9.<\/p>\n<p>Ensemble, construisons l\u2019avenir des comp\u00e9tences dans l\u2019IPC ![\/vc_column_text][vc_single_image image=\u00a0\u00bb9490&Prime; img_size=\u00a0\u00bblarge\u00a0\u00bb onclick=\u00a0\u00bbcustom_link\u00a0\u00bb link=\u00a0\u00bbhttps:\/\/unidis.fr\/portail\/wp-content\/uploads\/2026\/01\/IPC_OFFRE-DE-SERVICES-ENTREPRISES-2026_VF.pdf\u00a0\u00bb][vc_empty_space][\/vc_column][\/vc_row][vc_row full_width=\u00a0\u00bbstretch_row\u00a0\u00bb bg_type=\u00a0\u00bbimage\u00a0\u00bb css=\u00a0\u00bb.vc_custom_1701165703191{background-image: url(https:\/\/unidis.fr\/portail\/wp-content\/uploads\/2023\/11\/Footer-1.webp?id=8241) !important;background-position: center !important;background-repeat: no-repeat !important;background-size: contain !important;}\u00a0\u00bb][vc_column][vc_row_inner][vc_column_inner width=\u00a0\u00bb1\/3&Prime;][vc_column_text css=\u00a0\u00bb.vc_custom_1701163668254{margin-bottom: 15px !important;padding-top: 20px !important;background-position: 0 0 !important;background-repeat: no-repeat !important;}\u00a0\u00bb]<img decoding=\"async\" loading=\"lazy\" class=\"attachment-large size-large wp-image-9\" src=\"https:\/\/www.industriepapiercarton.fr\/wp-content\/uploads\/2022\/10\/Cercle-titres-1.svg\" alt=\"\" width=\"34\" height=\"34\" \/>[\/vc_column_text][vc_column_text css=\u00a0\u00bb.vc_custom_1705485020642{background-position: 0 0 !important;background-repeat: no-repeat !important;}\u00a0\u00bb]<strong>L\u2019IPC Formation<\/strong> participe activement aux actions port\u00e9es par la marque <strong>IPC &#8211; Naturellement Papier Carton<\/strong>, marque qui promeut les m\u00e9tiers de la fili\u00e8re et ses activit\u00e9s, notamment \u00e0 destination du jeune public.[\/vc_column_text][\/vc_column_inner][vc_column_inner width=\u00a0\u00bb1\/3&Prime; css=\u00a0\u00bb.vc_custom_1701167758401{padding-left: 100px !important;}\u00a0\u00bb][vc_column_text css=\u00a0\u00bb.vc_custom_1701163681855{margin-bottom: 15px !important;padding-top: 20px !important;background-position: 0 0 !important;background-repeat: no-repeat !important;}\u00a0\u00bb]<img decoding=\"async\" loading=\"lazy\" class=\"attachment-large size-large wp-image-9\" src=\"https:\/\/www.industriepapiercarton.fr\/wp-content\/uploads\/2022\/10\/Decor-cercle-ondulation-1.svg\" alt=\"\" width=\"34\" height=\"34\" \/>[\/vc_column_text][vc_column_text]Suivez-nous sur LinkedIn :<br \/>\n<a href=\"https:\/\/www.linkedin.com\/company\/unidis-papier-carton\" target=\"_blank\" rel=\"noopener\"><img decoding=\"async\" loading=\"lazy\" class=\"size-full wp-image-8249 aligncenter alignleft\" src=\"https:\/\/unidis.fr\/portail\/wp-content\/uploads\/2023\/11\/linkedin.png\" alt=\"\" width=\"30\" height=\"30\" \/><\/a>[\/vc_column_text][\/vc_column_inner][vc_column_inner width=\u00a0\u00bb1\/3&Prime;][vc_single_image image=\u00a0\u00bb8237&Prime; img_size=\u00a0\u00bbfull\u00a0\u00bb onclick=\u00a0\u00bbcustom_link\u00a0\u00bb img_link_target=\u00a0\u00bb_blank\u00a0\u00bb css=\u00a0\u00bb.vc_custom_1701164061419{padding-top: 30px !important;}\u00a0\u00bb link=\u00a0\u00bbhttps:\/\/www.industriepapiercarton.fr\u00a0\u00bb][\/vc_column_inner][\/vc_row_inner][vc_row_inner][vc_column_inner width=\u00a0\u00bb1\/3&Prime;][\/vc_column_inner][vc_column_inner width=\u00a0\u00bb1\/3&Prime;][\/vc_column_inner][vc_column_inner width=\u00a0\u00bb1\/3&Prime;][\/vc_column_inner][\/vc_row_inner][vc_row_inner][vc_column_inner width=\u00a0\u00bb1\/2&Prime;][vc_column_text el_class=\u00a0\u00bb.footersmall\u00a0\u00bb]<a href=\"https:\/\/unidis.fr\/portail\/mentions-legales\/\">Mentions l\u00e9gales<\/a> \u00b7 <a href=\"https:\/\/unidis.fr\/portail\/politique-de-confidentialite\/\">Politique de confidentialit\u00e9 et cookies <\/a>[\/vc_column_text][\/vc_column_inner][vc_column_inner width=\u00a0\u00bb1\/2&Prime;][vc_column_text el_class=\u00a0\u00bb.footersmall\u00a0\u00bb]<\/p>\n<p style=\"text-align: right;\">Copyright 2024 Unidis &#8211; Tous droits r\u00e9serv\u00e9s.<\/p>\n<p>[\/vc_column_text][\/vc_column_inner][\/vc_row_inner][\/vc_column][\/vc_row]<\/p>\n<\/section>","protected":false},"excerpt":{"rendered":"<p>[vc_row bg_type=\u00a0\u00bbbg_color\u00a0\u00bb bg_color_value=\u00a0\u00bb#ffffff\u00a0\u00bb][vc_column parallax=\u00a0\u00bbcontent-moving\u00a0\u00bb css=\u00a0\u00bb.vc_custom_1555078384522{background-color: #ffffff !important;}\u00a0\u00bb offset=\u00a0\u00bbvc_hidden-lg vc_hidden-md vc_hidden-sm\u00a0\u00bb][vc_tta_accordion color=\u00a0\u00bbgreen\u00a0\u00bb c_icon=\u00a0\u00bb\u00a0\u00bb active_section=\u00a0\u00bb$\u00a0\u00bb collapsible_all=\u00a0\u00bbtrue\u00a0\u00bb][vc_tta_section i_icon_fontawesome=\u00a0\u00bbfa fa-bars\u00a0\u00bb add_icon=\u00a0\u00bbtrue\u00a0\u00bb title=\u00a0\u00bbMENU\u00a0\u00bb tab_id=\u00a0\u00bb1555076975667-ca4cfdf5-b7d3&Prime;][vc_wp_custommenu nav_menu=\u00a0\u00bb12&Prime;][\/vc_tta_section][\/vc_tta_accordion][\/vc_column][\/vc_row][vc_row bg_type=\u00a0\u00bbbg_color\u00a0\u00bb bg_color_value=\u00a0\u00bb#ffffff\u00a0\u00bb][vc_column width=\u00a0\u00bb1\/4&Prime; offset=\u00a0\u00bbvc_hidden-xs\u00a0\u00bb][vc_empty_space height=\u00a0\u00bb12px\u00a0\u00bb][vc_wp_custommenu nav_menu=\u00a0\u00bb12&Prime;][\/vc_column][vc_column width=\u00a0\u00bb3\/4&Prime; css=\u00a0\u00bb.vc_custom_1543336856262{padding-right: 50px !important;padding-left: 50px !important;}\u00a0\u00bb][vc_custom_heading text=\u00a0\u00bbOffre de service Recrutement et D\u00e9veloppement RH\u00a0\u00bb font_container=\u00a0\u00bbtag:h3|text_align:left\u00a0\u00bb [&#8230;]<\/p>\n","protected":false},"author":5,"featured_media":0,"parent":0,"menu_order":0,"comment_status":"closed","ping_status":"closed","template":"","meta":{"_mi_skip_tracking":false,"_exactmetrics_sitenote_active":false,"_exactmetrics_sitenote_note":"","_exactmetrics_sitenote_category":0,"_monsterinsights_sitenote_active":false,"_monsterinsights_sitenote_note":"","_monsterinsights_sitenote_category":0,"footnotes":""},"aioseo_notices":[],"_links":{"self":[{"href":"https:\/\/unidis.fr\/portail\/wp-json\/wp\/v2\/pages\/9486"}],"collection":[{"href":"https:\/\/unidis.fr\/portail\/wp-json\/wp\/v2\/pages"}],"about":[{"href":"https:\/\/unidis.fr\/portail\/wp-json\/wp\/v2\/types\/page"}],"author":[{"embeddable":true,"href":"https:\/\/unidis.fr\/portail\/wp-json\/wp\/v2\/users\/5"}],"replies":[{"embeddable":true,"href":"https:\/\/unidis.fr\/portail\/wp-json\/wp\/v2\/comments?post=9486"}],"version-history":[{"count":7,"href":"https:\/\/unidis.fr\/portail\/wp-json\/wp\/v2\/pages\/9486\/revisions"}],"predecessor-version":[{"id":9593,"href":"https:\/\/unidis.fr\/portail\/wp-json\/wp\/v2\/pages\/9486\/revisions\/9593"}],"wp:attachment":[{"href":"https:\/\/unidis.fr\/portail\/wp-json\/wp\/v2\/media?parent=9486"}],"curies":[{"name":"wp","href":"https:\/\/api.w.org\/{rel}","templated":true}]}}