{"id":7266,"date":"2022-07-18T15:26:22","date_gmt":"2022-07-18T13:26:22","guid":{"rendered":"https:\/\/unidis.fr\/portail\/?page_id=7266"},"modified":"2026-03-05T11:08:50","modified_gmt":"2026-03-05T10:08:50","slug":"formulaire-inscription-formations-et-certifications","status":"publish","type":"page","link":"https:\/\/unidis.fr\/portail\/formulaire-inscription-formations-et-certifications\/","title":{"rendered":"Formulaire inscription Formations et certifications"},"content":{"rendered":"<section class=\"wpb-content-wrapper\"><p>[vc_row bg_type=\u00a0\u00bbbg_color\u00a0\u00bb bg_color_value=\u00a0\u00bb#ffffff\u00a0\u00bb][vc_column parallax=\u00a0\u00bbcontent-moving\u00a0\u00bb css=\u00a0\u00bb.vc_custom_1555078384522{background-color: #ffffff !important;}\u00a0\u00bb offset=\u00a0\u00bbvc_hidden-lg vc_hidden-md vc_hidden-sm\u00a0\u00bb][vc_tta_accordion color=\u00a0\u00bbgreen\u00a0\u00bb c_icon=\u00a0\u00bb\u00a0\u00bb active_section=\u00a0\u00bb$\u00a0\u00bb collapsible_all=\u00a0\u00bbtrue\u00a0\u00bb][vc_tta_section i_icon_fontawesome=\u00a0\u00bbfa fa-bars\u00a0\u00bb add_icon=\u00a0\u00bbtrue\u00a0\u00bb title=\u00a0\u00bbMENU\u00a0\u00bb tab_id=\u00a0\u00bb1555076975667-ca4cfdf5-b7d3&Prime;][vc_wp_custommenu nav_menu=\u00a0\u00bb12&Prime;][\/vc_tta_section][\/vc_tta_accordion][\/vc_column][\/vc_row][vc_row bg_type=\u00a0\u00bbbg_color\u00a0\u00bb bg_color_value=\u00a0\u00bb#ffffff\u00a0\u00bb][vc_column width=\u00a0\u00bb1\/4&Prime; offset=\u00a0\u00bbvc_hidden-xs\u00a0\u00bb][vc_empty_space height=\u00a0\u00bb12px\u00a0\u00bb][vc_wp_custommenu nav_menu=\u00a0\u00bb12&Prime;][\/vc_column][vc_column width=\u00a0\u00bb3\/4&Prime; css=\u00a0\u00bb.vc_custom_1543336856262{padding-right: 50px !important;padding-left: 50px !important;}\u00a0\u00bb][vc_row_inner][vc_column_inner width=\u00a0\u00bb1\/6&Prime;][vc_icon icon_fontawesome=\u00a0\u00bbfa fa-book\u00a0\u00bb color=\u00a0\u00bbwhite\u00a0\u00bb background_style=\u00a0\u00bbrounded\u00a0\u00bb background_color=\u00a0\u00bbcustom\u00a0\u00bb css_animation=\u00a0\u00bbbounceIn\u00a0\u00bb custom_background_color=\u00a0\u00bb#8cbc30&Prime;][\/vc_column_inner][vc_column_inner width=\u00a0\u00bb5\/6&Prime;][vc_custom_heading source=\u00a0\u00bbpost_title\u00a0\u00bb font_container=\u00a0\u00bbtag:h3|text_align:left\u00a0\u00bb use_theme_fonts=\u00a0\u00bbyes\u00a0\u00bb css_animation=\u00a0\u00bbfadeIn\u00a0\u00bb][\/vc_column_inner][\/vc_row_inner][vc_separator color=\u00a0\u00bbcustom\u00a0\u00bb align=\u00a0\u00bbalign_left\u00a0\u00bb border_width=\u00a0\u00bb3&Prime; el_width=\u00a0\u00bb10&Prime; accent_color=\u00a0\u00bb#163e75&Prime;][vc_column_text]\n<div class=\"wpcf7 no-js\" id=\"wpcf7-f7264-o1\" lang=\"fr-FR\" dir=\"ltr\">\n<div class=\"screen-reader-response\"><p role=\"status\" aria-live=\"polite\" aria-atomic=\"true\"><\/p> <ul><\/ul><\/div>\n<form action=\"\/portail\/wp-json\/wp\/v2\/pages\/7266#wpcf7-f7264-o1\" method=\"post\" class=\"wpcf7-form init\" aria-label=\"Formulaire de contact\" novalidate=\"novalidate\" data-status=\"init\">\n<div style=\"display: none;\">\n<input type=\"hidden\" name=\"_wpcf7\" value=\"7264\" \/>\n<input type=\"hidden\" name=\"_wpcf7_version\" value=\"5.8\" \/>\n<input type=\"hidden\" name=\"_wpcf7_locale\" value=\"fr_FR\" \/>\n<input type=\"hidden\" name=\"_wpcf7_unit_tag\" value=\"wpcf7-f7264-o1\" \/>\n<input type=\"hidden\" name=\"_wpcf7_container_post\" value=\"0\" \/>\n<input type=\"hidden\" name=\"_wpcf7_posted_data_hash\" value=\"\" \/>\n<\/div>\n<p>SOCI\u00c9T\u00c9 :\n<\/p>\n<p><label> Nom de l'entreprise*<br \/>\n<span class=\"wpcf7-form-control-wrap\" data-name=\"nom-societe\"><input size=\"40\" class=\"wpcf7-form-control wpcf7-text wpcf7-validates-as-required\" aria-required=\"true\" aria-invalid=\"false\" value=\"\" type=\"text\" name=\"nom-societe\" \/><\/span> <\/label>\n<\/p>\n<p><label> Adresse*<br \/>\n<span class=\"wpcf7-form-control-wrap\" data-name=\"adresse-societe\"><input size=\"40\" class=\"wpcf7-form-control wpcf7-text wpcf7-validates-as-required\" aria-required=\"true\" aria-invalid=\"false\" value=\"\" type=\"text\" name=\"adresse-societe\" \/><\/span> <\/label>\n<\/p>\n<p><label> Code postal*<br \/>\n<span class=\"wpcf7-form-control-wrap\" data-name=\"code-postal-societe\"><input size=\"40\" class=\"wpcf7-form-control wpcf7-text wpcf7-validates-as-required\" aria-required=\"true\" aria-invalid=\"false\" value=\"\" type=\"text\" name=\"code-postal-societe\" \/><\/span> <\/label>\n<\/p>\n<p><label> Ville*<br \/>\n<span class=\"wpcf7-form-control-wrap\" data-name=\"ville-societe\"><input size=\"40\" class=\"wpcf7-form-control wpcf7-text wpcf7-validates-as-required\" aria-required=\"true\" aria-invalid=\"false\" value=\"\" type=\"text\" name=\"ville-societe\" \/><\/span> <\/label>\n<\/p>\n<p><label> Adresse e-mail*<br \/>\n<span class=\"wpcf7-form-control-wrap\" data-name=\"email-societe\"><input size=\"40\" class=\"wpcf7-form-control wpcf7-email wpcf7-validates-as-required wpcf7-text wpcf7-validates-as-email\" aria-required=\"true\" aria-invalid=\"false\" value=\"\" type=\"email\" name=\"email-societe\" \/><\/span> <\/label>\n<\/p>\n<p><label> SIRET*<br \/>\n<span class=\"wpcf7-form-control-wrap\" data-name=\"siret\"><input size=\"40\" class=\"wpcf7-form-control wpcf7-text wpcf7-validates-as-required\" aria-required=\"true\" aria-invalid=\"false\" value=\"\" type=\"text\" name=\"siret\" \/><\/span> <\/label>\n<\/p>\n<p><label> Code NAF*<br \/>\n<span class=\"wpcf7-form-control-wrap\" data-name=\"code-naf\"><input size=\"40\" class=\"wpcf7-form-control wpcf7-text wpcf7-validates-as-required\" aria-required=\"true\" aria-invalid=\"false\" value=\"\" type=\"text\" name=\"code-naf\" \/><\/span> <\/label>\n<\/p>\n<p>Nombre de salari\u00e9s sur le site<br \/>\n<span class=\"wpcf7-form-control-wrap\" data-name=\"salaries-societe\"><span class=\"wpcf7-form-control wpcf7-checkbox wpcf7-validates-as-required\"><span class=\"wpcf7-list-item first\"><input type=\"checkbox\" name=\"salaries-societe[]\" value=\"- de 50\" \/><span class=\"wpcf7-list-item-label\">- de 50<\/span><\/span><span class=\"wpcf7-list-item\"><input type=\"checkbox\" name=\"salaries-societe[]\" value=\"51 \u00e0 99\" \/><span class=\"wpcf7-list-item-label\">51 \u00e0 99<\/span><\/span><span class=\"wpcf7-list-item last\"><input type=\"checkbox\" name=\"salaries-societe[]\" value=\"+ de 100\" \/><span class=\"wpcf7-list-item-label\">+ de 100<\/span><\/span><\/span><\/span>\n<\/p>\n<p><label> Responsable formation : M. Mme Mlle*<br \/>\n<span class=\"wpcf7-form-control-wrap\" data-name=\"responsable-formation\"><input size=\"40\" class=\"wpcf7-form-control wpcf7-text wpcf7-validates-as-required\" aria-required=\"true\" aria-invalid=\"false\" value=\"\" type=\"text\" name=\"responsable-formation\" \/><\/span> <\/label>\n<\/p>\n<p><label> Contact au sein de l'entreprise : M. Mme Mlle*<br \/>\n<span class=\"wpcf7-form-control-wrap\" data-name=\"suivi-dossier\"><input size=\"40\" class=\"wpcf7-form-control wpcf7-text wpcf7-validates-as-required\" aria-required=\"true\" aria-invalid=\"false\" value=\"\" type=\"text\" name=\"suivi-dossier\" \/><\/span> <\/label>\n<\/p>\n<p><label> Adresse email du contact pour envoi de la convocation*<br \/>\n<span class=\"wpcf7-form-control-wrap\" data-name=\"email-convocation\"><input size=\"40\" class=\"wpcf7-form-control wpcf7-email wpcf7-validates-as-required wpcf7-text wpcf7-validates-as-email\" aria-required=\"true\" aria-invalid=\"false\" value=\"\" type=\"email\" name=\"email-convocation\" \/><\/span> <\/label>\n<\/p>\n<p>----------------------------------------------------------\n<\/p>\n<p>INSCRIPTION \u00c0 UNE FORMATION :\n<\/p>\n<p>Participant(s)\n<\/p>\n<p><label> Nombre de participants*<br \/>\n<span class=\"wpcf7-form-control-wrap\" data-name=\"nbrepart\"><input size=\"40\" class=\"wpcf7-form-control wpcf7-text wpcf7-validates-as-required\" aria-required=\"true\" aria-invalid=\"false\" value=\"\" type=\"text\" name=\"nbrepart\" \/><\/span> <\/label>\n<\/p>\n<p><label> Nom*<br \/>\n<span class=\"wpcf7-form-control-wrap\" data-name=\"nom\"><input size=\"40\" class=\"wpcf7-form-control wpcf7-text wpcf7-validates-as-required\" aria-required=\"true\" aria-invalid=\"false\" value=\"\" type=\"text\" name=\"nom\" \/><\/span> <\/label>\n<\/p>\n<p><label> Pr\u00e9nom*<br \/>\n<span class=\"wpcf7-form-control-wrap\" data-name=\"prenom\"><input size=\"40\" class=\"wpcf7-form-control wpcf7-text wpcf7-validates-as-required\" aria-required=\"true\" aria-invalid=\"false\" value=\"\" type=\"text\" name=\"prenom\" \/><\/span> <\/label>\n<\/p>\n<p><label> Fonction*<br \/>\n<span class=\"wpcf7-form-control-wrap\" data-name=\"fonction\"><input size=\"40\" class=\"wpcf7-form-control wpcf7-text wpcf7-validates-as-required\" aria-required=\"true\" aria-invalid=\"false\" value=\"\" type=\"text\" name=\"fonction\" \/><\/span> <\/label>\n<\/p>\n<p><label> Dipl\u00f4me*<br \/>\n<span class=\"wpcf7-form-control-wrap\" data-name=\"diplome\"><input size=\"40\" class=\"wpcf7-form-control wpcf7-text wpcf7-validates-as-required\" aria-required=\"true\" aria-invalid=\"false\" value=\"\" type=\"text\" name=\"diplome\" \/><\/span> <\/label>\n<\/p>\n<p><label> Nom 2<br \/>\n<span class=\"wpcf7-form-control-wrap\" data-name=\"nom2\"><input size=\"40\" class=\"wpcf7-form-control wpcf7-text\" aria-invalid=\"false\" value=\"\" type=\"text\" name=\"nom2\" \/><\/span> <\/label>\n<\/p>\n<p><label> Pr\u00e9nom 2<br \/>\n<span class=\"wpcf7-form-control-wrap\" data-name=\"prenom2\"><input size=\"40\" class=\"wpcf7-form-control wpcf7-text\" aria-invalid=\"false\" value=\"\" type=\"text\" name=\"prenom2\" \/><\/span> <\/label>\n<\/p>\n<p><label> Fonction 2<br \/>\n<span class=\"wpcf7-form-control-wrap\" data-name=\"fonction2\"><input size=\"40\" class=\"wpcf7-form-control wpcf7-text\" aria-invalid=\"false\" value=\"\" type=\"text\" name=\"fonction2\" \/><\/span> <\/label>\n<\/p>\n<p><label> Dipl\u00f4me 2<br \/>\n<span class=\"wpcf7-form-control-wrap\" data-name=\"diplome2\"><input size=\"40\" class=\"wpcf7-form-control wpcf7-text\" aria-invalid=\"false\" value=\"\" type=\"text\" name=\"diplome2\" \/><\/span> <\/label>\n<\/p>\n<p><label> Nom 3<br \/>\n<span class=\"wpcf7-form-control-wrap\" data-name=\"nom3\"><input size=\"40\" class=\"wpcf7-form-control wpcf7-text\" aria-invalid=\"false\" value=\"\" type=\"text\" name=\"nom3\" \/><\/span> <\/label>\n<\/p>\n<p><label> Pr\u00e9nom 3<br \/>\n<span class=\"wpcf7-form-control-wrap\" data-name=\"prenom3\"><input size=\"40\" class=\"wpcf7-form-control wpcf7-text\" aria-invalid=\"false\" value=\"\" type=\"text\" name=\"prenom3\" \/><\/span> <\/label>\n<\/p>\n<p><label> Fonction 3<br \/>\n<span class=\"wpcf7-form-control-wrap\" data-name=\"fonction3\"><input size=\"40\" class=\"wpcf7-form-control wpcf7-text\" aria-invalid=\"false\" value=\"\" type=\"text\" name=\"fonction3\" \/><\/span> <\/label>\n<\/p>\n<p><label> Dipl\u00f4me 3<br \/>\n<span class=\"wpcf7-form-control-wrap\" data-name=\"diplome3\"><input size=\"40\" class=\"wpcf7-form-control wpcf7-text\" aria-invalid=\"false\" value=\"\" type=\"text\" name=\"diplome3\" \/><\/span> <\/label>\n<\/p>\n<p><label> Nom 4<br \/>\n<span class=\"wpcf7-form-control-wrap\" data-name=\"nom4\"><input size=\"40\" class=\"wpcf7-form-control wpcf7-text\" aria-invalid=\"false\" value=\"\" type=\"text\" name=\"nom4\" \/><\/span> <\/label>\n<\/p>\n<p><label> Pr\u00e9nom 4<br \/>\n<span class=\"wpcf7-form-control-wrap\" data-name=\"prenom4\"><input size=\"40\" class=\"wpcf7-form-control wpcf7-text\" aria-invalid=\"false\" value=\"\" type=\"text\" name=\"prenom4\" \/><\/span> <\/label>\n<\/p>\n<p><label> Fonction 4<br \/>\n<span class=\"wpcf7-form-control-wrap\" data-name=\"fonction4\"><input size=\"40\" class=\"wpcf7-form-control wpcf7-text\" aria-invalid=\"false\" value=\"\" type=\"text\" name=\"fonction4\" \/><\/span> <\/label>\n<\/p>\n<p><label> Dipl\u00f4me 4<br \/>\n<span class=\"wpcf7-form-control-wrap\" data-name=\"diplome4\"><input size=\"40\" class=\"wpcf7-form-control wpcf7-text\" aria-invalid=\"false\" value=\"\" type=\"text\" name=\"diplome4\" \/><\/span> <\/label>\n<\/p>\n<p>Inscription \u00e0 la formation\n<\/p>\n<p><label> R\u00e9f\u00e9rence*<br \/>\n<span class=\"wpcf7-form-control-wrap\" data-name=\"reference-formation\"><input size=\"40\" class=\"wpcf7-form-control wpcf7-text wpcf7-validates-as-required\" aria-required=\"true\" aria-invalid=\"false\" value=\"\" type=\"text\" name=\"reference-formation\" \/><\/span> <\/label>\n<\/p>\n<p><label> Date(s)*<br \/>\n<span class=\"wpcf7-form-control-wrap\" data-name=\"date-formation\"><input size=\"40\" class=\"wpcf7-form-control wpcf7-text wpcf7-validates-as-required\" aria-required=\"true\" aria-invalid=\"false\" value=\"\" type=\"text\" name=\"date-formation\" \/><\/span> <\/label>\n<\/p>\n<p><label> Lieu*<br \/>\n<span class=\"wpcf7-form-control-wrap\" data-name=\"lieu-formation\"><input size=\"40\" class=\"wpcf7-form-control wpcf7-text wpcf7-validates-as-required\" aria-required=\"true\" aria-invalid=\"false\" value=\"\" type=\"text\" name=\"lieu-formation\" \/><\/span> <\/label>\n<\/p>\n<p>----------------------------------------------------------\n<\/p>\n<p>Origine de la demande*<br \/>\n<span class=\"wpcf7-form-control-wrap\" data-name=\"menu-364\"><select class=\"wpcf7-form-control wpcf7-select wpcf7-validates-as-required\" aria-required=\"true\" aria-invalid=\"false\" name=\"menu-364\"><option value=\"Site Internet\">Site Internet<\/option><option value=\"Brochure\">Brochure<\/option><option value=\"Contact partenaire labellis\u00e9\">Contact partenaire labellis\u00e9<\/option><option value=\"R\u00e9seaux sociaux\">R\u00e9seaux sociaux<\/option><option value=\"Autres\">Autres<\/option><\/select><\/span>\n<\/p>\n<p>Pour les personnes en situation de handicap ou particuli\u00e8re, veuillez en faire la d\u00e9claration afin d\u2019adapter au possible les conditions de la formation.\n<\/p>\n<p>DEMANDE PARTICULI\u00c8RE\n<\/p>\n<p><label> Votre message<br \/>\n<span class=\"wpcf7-form-control-wrap\" data-name=\"message\"><textarea cols=\"40\" rows=\"10\" class=\"wpcf7-form-control wpcf7-textarea\" aria-invalid=\"false\" name=\"message\"><\/textarea><\/span> <\/label>\n<\/p>\n<p><input class=\"wpcf7-form-control wpcf7-submit has-spinner\" type=\"submit\" value=\"Envoyer\" \/>\n<\/p>\n<p>* Champ obligatoire\n<\/p><p style=\"display: none !important;\" class=\"akismet-fields-container\" data-prefix=\"_wpcf7_ak_\"><label>&#916;<textarea name=\"_wpcf7_ak_hp_textarea\" cols=\"45\" rows=\"8\" maxlength=\"100\"><\/textarea><\/label><input type=\"hidden\" id=\"ak_js_1\" name=\"_wpcf7_ak_js\" value=\"83\"\/><script>document.getElementById( \"ak_js_1\" ).setAttribute( \"value\", ( new Date() ).getTime() );<\/script><\/p><div class=\"wpcf7-response-output\" aria-hidden=\"true\"><\/div>\n<\/form>\n<\/div>\n[\/vc_column_text][vc_column_text]&#8212;&#8212;&#8212;&#8212;&#8212;&#8212;&#8212;&#8212;&#8212;&#8212;&#8212;&#8212;&#8212;&#8212;&#8212;&#8212;&#8212;&#8212;&#8212;-<\/p>\n<h3>INFORMATIONS PRATIQUES<\/h3>\n<h4><strong>Tarification<\/strong><\/h4>\n<p><strong>Formation les \u00ab Incontournables de l\u2019IPC \u00bb :<\/strong><\/p>\n<ul style=\"font-weight: 400;\">\n<li>Entreprises adh\u00e9rentes \u00e0 nos f\u00e9d\u00e9rations membres : 400 \u20ac HT par jour et par stagiaire<\/li>\n<li>Entreprises non adh\u00e9rentes \u00e0 nos f\u00e9d\u00e9rations membres : 600 \u20ac HT par jour et par stagiaire<\/li>\n<\/ul>\n<p><strong>Formation en Inter :<\/strong><\/p>\n<ul>\n<li>Se r\u00e9f\u00e9rer \u00e0 la fiche catalogue, ou nous consulter \u00e0\u00a0<a href=\"mailto:contact@ipc-formation.fr\"><strong>contact@ipc-formation.fr<\/strong><\/a><\/li>\n<\/ul>\n<h4><strong>Formation<\/strong><\/h4>\n<ul>\n<li>Convocation : elle est adress\u00e9e au participant 15 jours avant la formation.<\/li>\n<li>Une convention de formation ainsi qu\u2019une attestation de participation sont \u00e9tablies.<\/li>\n<li>Toute annulation peut \u00eatre faite sans frais si elle parvient \u00e0 IPC FORMATION au moins 10 jours avant le d\u00e9but de la formation.<\/li>\n<li>Pour toute annulation faite moins de 10 jours avant la formation, IPC FORMATION facturera un d\u00e9bit de 50% des frais de formation, montant non imputable \u00e0 la contribution financi\u00e8re obligatoire de formation.<\/li>\n<li>En cas d\u2019absence ou d\u2019abandon en cours de stage, ce dernier est payable en totalit\u00e9.<\/li>\n<li>Tout client de notre association r\u00e8gle annuellement sa cotisation d\u2019adh\u00e9sion (100 \u20ac).<\/li>\n<li>Toute inscription est soumise aux pr\u00e9sentes conditions g\u00e9n\u00e9rales de vente.<\/li>\n<\/ul>\n<p>&#8212;&#8212;&#8212;&#8212;&#8212;&#8212;&#8212;&#8212;&#8212;&#8212;&#8212;&#8212;&#8212;&#8212;&#8212;&#8212;&#8212;&#8212;&#8212;-<\/p>\n<h3>CONSEILS ET INSCRIPTIONS<\/h3>\n<p>T 01 53 89 24 70<\/p>\n<p>contact@ipc-formation.fr<\/p>\n<p>www.unidis.fr[\/vc_column_text][\/vc_column][\/vc_row][vc_row bg_type=\u00a0\u00bbbg_color\u00a0\u00bb bg_color_value=\u00a0\u00bb#ffffff\u00a0\u00bb][vc_column width=\u00a0\u00bb1\/4&Prime;][\/vc_column][vc_column width=\u00a0\u00bb3\/4&Prime; css=\u00a0\u00bb.vc_custom_1543336856262{padding-right: 50px !important;padding-left: 50px !important;}\u00a0\u00bb][vc_empty_space height=\u00a0\u00bb120px\u00a0\u00bb][\/vc_column][\/vc_row]<\/p>\n<\/section>","protected":false},"excerpt":{"rendered":"<p>[vc_row bg_type=\u00a0\u00bbbg_color\u00a0\u00bb bg_color_value=\u00a0\u00bb#ffffff\u00a0\u00bb][vc_column parallax=\u00a0\u00bbcontent-moving\u00a0\u00bb css=\u00a0\u00bb.vc_custom_1555078384522{background-color: #ffffff !important;}\u00a0\u00bb offset=\u00a0\u00bbvc_hidden-lg vc_hidden-md vc_hidden-sm\u00a0\u00bb][vc_tta_accordion color=\u00a0\u00bbgreen\u00a0\u00bb c_icon=\u00a0\u00bb\u00a0\u00bb active_section=\u00a0\u00bb$\u00a0\u00bb collapsible_all=\u00a0\u00bbtrue\u00a0\u00bb][vc_tta_section i_icon_fontawesome=\u00a0\u00bbfa fa-bars\u00a0\u00bb add_icon=\u00a0\u00bbtrue\u00a0\u00bb title=\u00a0\u00bbMENU\u00a0\u00bb tab_id=\u00a0\u00bb1555076975667-ca4cfdf5-b7d3&Prime;][vc_wp_custommenu nav_menu=\u00a0\u00bb12&Prime;][\/vc_tta_section][\/vc_tta_accordion][\/vc_column][\/vc_row][vc_row bg_type=\u00a0\u00bbbg_color\u00a0\u00bb bg_color_value=\u00a0\u00bb#ffffff\u00a0\u00bb][vc_column width=\u00a0\u00bb1\/4&Prime; offset=\u00a0\u00bbvc_hidden-xs\u00a0\u00bb][vc_empty_space height=\u00a0\u00bb12px\u00a0\u00bb][vc_wp_custommenu nav_menu=\u00a0\u00bb12&Prime;][\/vc_column][vc_column width=\u00a0\u00bb3\/4&Prime; css=\u00a0\u00bb.vc_custom_1543336856262{padding-right: 50px !important;padding-left: 50px !important;}\u00a0\u00bb][vc_row_inner][vc_column_inner width=\u00a0\u00bb1\/6&Prime;][vc_icon icon_fontawesome=\u00a0\u00bbfa fa-book\u00a0\u00bb color=\u00a0\u00bbwhite\u00a0\u00bb background_style=\u00a0\u00bbrounded\u00a0\u00bb background_color=\u00a0\u00bbcustom\u00a0\u00bb css_animation=\u00a0\u00bbbounceIn\u00a0\u00bb custom_background_color=\u00a0\u00bb#8cbc30&Prime;][\/vc_column_inner][vc_column_inner [&#8230;]<\/p>\n","protected":false},"author":5,"featured_media":0,"parent":0,"menu_order":0,"comment_status":"closed","ping_status":"closed","template":"","meta":{"_mi_skip_tracking":false,"_exactmetrics_sitenote_active":false,"_exactmetrics_sitenote_note":"","_exactmetrics_sitenote_category":0,"_monsterinsights_sitenote_active":false,"_monsterinsights_sitenote_note":"","_monsterinsights_sitenote_category":0,"footnotes":""},"aioseo_notices":[],"_links":{"self":[{"href":"https:\/\/unidis.fr\/portail\/wp-json\/wp\/v2\/pages\/7266"}],"collection":[{"href":"https:\/\/unidis.fr\/portail\/wp-json\/wp\/v2\/pages"}],"about":[{"href":"https:\/\/unidis.fr\/portail\/wp-json\/wp\/v2\/types\/page"}],"author":[{"embeddable":true,"href":"https:\/\/unidis.fr\/portail\/wp-json\/wp\/v2\/users\/5"}],"replies":[{"embeddable":true,"href":"https:\/\/unidis.fr\/portail\/wp-json\/wp\/v2\/comments?post=7266"}],"version-history":[{"count":8,"href":"https:\/\/unidis.fr\/portail\/wp-json\/wp\/v2\/pages\/7266\/revisions"}],"predecessor-version":[{"id":9599,"href":"https:\/\/unidis.fr\/portail\/wp-json\/wp\/v2\/pages\/7266\/revisions\/9599"}],"wp:attachment":[{"href":"https:\/\/unidis.fr\/portail\/wp-json\/wp\/v2\/media?parent=7266"}],"curies":[{"name":"wp","href":"https:\/\/api.w.org\/{rel}","templated":true}]}}