{"id":6734,"date":"2021-04-01T12:35:31","date_gmt":"2021-04-01T10:35:31","guid":{"rendered":"https:\/\/unidis.fr\/portail\/?page_id=6734"},"modified":"2026-04-28T11:31:22","modified_gmt":"2026-04-28T09:31:22","slug":"lapprentissage","status":"publish","type":"page","link":"https:\/\/unidis.fr\/portail\/lapprentissage\/","title":{"rendered":"AFIFOR \/ L\u2019Apprentissage"},"content":{"rendered":"<section class=\"wpb-content-wrapper\"><p>[vc_row bg_type=\u00a0\u00bbbg_color\u00a0\u00bb bg_color_value=\u00a0\u00bb#ffffff\u00a0\u00bb][vc_column parallax=\u00a0\u00bbcontent-moving\u00a0\u00bb css=\u00a0\u00bb.vc_custom_1555078384522{background-color: #ffffff !important;}\u00a0\u00bb offset=\u00a0\u00bbvc_hidden-lg vc_hidden-md vc_hidden-sm\u00a0\u00bb][vc_tta_accordion color=\u00a0\u00bbsky\u00a0\u00bb c_icon=\u00a0\u00bb\u00a0\u00bb active_section=\u00a0\u00bb$\u00a0\u00bb collapsible_all=\u00a0\u00bbtrue\u00a0\u00bb][vc_tta_section i_icon_fontawesome=\u00a0\u00bbfa fa-bars\u00a0\u00bb add_icon=\u00a0\u00bbtrue\u00a0\u00bb title=\u00a0\u00bbMENU\u00a0\u00bb tab_id=\u00a0\u00bb1555076975667-ca4cfdf5-b7d3&Prime;][vc_wp_custommenu nav_menu=\u00a0\u00bb11&Prime;][\/vc_tta_section][\/vc_tta_accordion][\/vc_column][\/vc_row][vc_row bg_type=\u00a0\u00bbbg_color\u00a0\u00bb bg_color_value=\u00a0\u00bb#ffffff\u00a0\u00bb][vc_column parallax=\u00a0\u00bbcontent-moving\u00a0\u00bb width=\u00a0\u00bb1\/4&Prime; css=\u00a0\u00bb.vc_custom_1555070821841{background-color: #ffffff !important;}\u00a0\u00bb offset=\u00a0\u00bbvc_hidden-xs\u00a0\u00bb][vc_empty_space height=\u00a0\u00bb12px\u00a0\u00bb][vc_wp_custommenu nav_menu=\u00a0\u00bb59&Prime; el_class=\u00a0\u00bbmenu-unidisportail\u00a0\u00bb][\/vc_column][vc_column width=\u00a0\u00bb3\/4&Prime; css=\u00a0\u00bb.vc_custom_1536588387556{padding-right: 50px !important;padding-left: 50px !important;}\u00a0\u00bb][vc_custom_heading source=\u00a0\u00bbpost_title\u00a0\u00bb font_container=\u00a0\u00bbtag:h3|text_align:left\u00a0\u00bb use_theme_fonts=\u00a0\u00bbyes\u00a0\u00bb css_animation=\u00a0\u00bbfadeIn\u00a0\u00bb][vc_separator color=\u00a0\u00bbcustom\u00a0\u00bb align=\u00a0\u00bbalign_left\u00a0\u00bb border_width=\u00a0\u00bb3&Prime; el_width=\u00a0\u00bb10&Prime; accent_color=\u00a0\u00bb#163e75&Prime;][vc_column_text el_class=\u00a0\u00bbjustify\u00a0\u00bb]La Branche Papier Carton s\u2019engage pour le d\u00e9veloppement de l\u2019apprentissage, avec l\u2019objectif de doubler le taux de ses apprentis dans ses effectifs \u00e0 l\u2019horizon 2025. C\u2019est un enjeu majeur pour le renouvellement des comp\u00e9tences et l\u2019avenir de la fili\u00e8re, dans un contexte de nombreux d\u00e9parts \u00e0 la retraite \u00e0 venir.[\/vc_column_text][vc_empty_space][vc_tta_tour style=\u00a0\u00bbmodern\u00a0\u00bb color=\u00a0\u00bbwhite\u00a0\u00bb spacing=\u00a0\u00bb\u00a0\u00bb alignment=\u00a0\u00bbcenter\u00a0\u00bb active_section=\u00a0\u00bb1&Prime;][vc_tta_section title=\u00a0\u00bb2026&Prime; tab_id=\u00a0\u00bb1777368132403-752621d4-793a\u00a0\u00bb][vc_images_carousel images=\u00a0\u00bb9654,9655,9656,9657&Prime; img_size=\u00a0\u00bbfull\u00a0\u00bb onclick=\u00a0\u00bblink_no\u00a0\u00bb speed=\u00a0\u00bb\u00a0\u00bb hide_pagination_control=\u00a0\u00bbyes\u00a0\u00bb title=\u00a0\u00bbBarom\u00e8tre de l&rsquo;apprentissage &#8211; 2026&Prime;][\/vc_tta_section][vc_tta_section title=\u00a0\u00bb2025&Prime; tab_id=\u00a0\u00bb1777367977167-321d8ca8-80d3&Prime;][vc_images_carousel images=\u00a0\u00bb9649,9650,9651,9652,9653&Prime; img_size=\u00a0\u00bbfull\u00a0\u00bb onclick=\u00a0\u00bblink_no\u00a0\u00bb speed=\u00a0\u00bb\u00a0\u00bb hide_pagination_control=\u00a0\u00bbyes\u00a0\u00bb title=\u00a0\u00bbBarom\u00e8tre de l&rsquo;apprentissage &#8211; 2025&Prime;][\/vc_tta_section][vc_tta_section title=\u00a0\u00bb2024&Prime; tab_id=\u00a0\u00bb1709651007075-5e095133-59ad\u00a0\u00bb][vc_images_carousel images=\u00a0\u00bb8765,8766,8767,8768,8769&Prime; img_size=\u00a0\u00bbfull\u00a0\u00bb onclick=\u00a0\u00bblink_no\u00a0\u00bb speed=\u00a0\u00bb\u00a0\u00bb hide_pagination_control=\u00a0\u00bbyes\u00a0\u00bb title=\u00a0\u00bbBarom\u00e8tre de l&rsquo;apprentissage &#8211; 2024&Prime;][\/vc_tta_section][vc_tta_section title=\u00a0\u00bb2023&Prime; tab_id=\u00a0\u00bb1709651007075-bbeb2bed-5560&Prime;][vc_images_carousel images=\u00a0\u00bb7856,7857,7858,7859,7860&Prime; img_size=\u00a0\u00bbfull\u00a0\u00bb onclick=\u00a0\u00bblink_no\u00a0\u00bb hide_pagination_control=\u00a0\u00bbyes\u00a0\u00bb title=\u00a0\u00bbBarom\u00e8tre de l&rsquo;apprentissage &#8211; 2023&Prime;][\/vc_tta_section][vc_tta_section title=\u00a0\u00bb2022&Prime; tab_id=\u00a0\u00bb1709651328035-f86c25f8-abe6&Prime;][vc_images_carousel images=\u00a0\u00bb7151,7152,7153,7154,7155&Prime; img_size=\u00a0\u00bbfull\u00a0\u00bb onclick=\u00a0\u00bblink_no\u00a0\u00bb hide_pagination_control=\u00a0\u00bbyes\u00a0\u00bb title=\u00a0\u00bbBarom\u00e8tre de l&rsquo;apprentissage &#8211; 2022&Prime;][\/vc_tta_section][vc_tta_section title=\u00a0\u00bb2021&Prime; tab_id=\u00a0\u00bb1709651343556-d1df0dd0-0f51&Prime;][vc_images_carousel images=\u00a0\u00bb7156,7157,7158,7159,7160&Prime; img_size=\u00a0\u00bbfull\u00a0\u00bb onclick=\u00a0\u00bblink_no\u00a0\u00bb hide_pagination_control=\u00a0\u00bbyes\u00a0\u00bb title=\u00a0\u00bbBarom\u00e8tre de l&rsquo;apprentissage &#8211; 2021&Prime;][\/vc_tta_section][\/vc_tta_tour][vc_empty_space][vc_row_inner][vc_column_inner]<div class=\"smile_icon_list_wrap ult_info_list_container ult-adjust-bottom-margin  \"><ul class=\"smile_icon_list left circle with_bg\"><li class=\"icon_list_item\" style=\" font-size:72px;\"><div class=\"icon_list_icon\" data-animation=\"bounceIn\" data-animation-delay=\"03\" style=\"font-size:24px;border-width:1px;border-style:none;background:#163e75;color:#ffffff;border-color:#333333;\"><i class=\"Defaults-file-text-o\" ><\/i><\/div><div class=\"icon_description\" id=\"Info-list-wrap-2771\" style=\"font-size:24px;\"><h3 class=\"ult-responsive info-list-heading\"  data-ultimate-target='#Info-list-wrap-2771 h3'  data-responsive-json-new='{\"font-size\":\"desktop:16px;\",\"line-height\":\"desktop:24px;\"}'  style=\"\">Je souhaite recruter un apprenti : Offres de contrat d\u2019apprentissage (en ligne)<\/h3><div class=\"icon_description_text ult-responsive\"  data-ultimate-target='#Info-list-wrap-2771 .icon_description_text'  data-responsive-json-new='{\"font-size\":\"desktop:13px;\",\"line-height\":\"desktop:18px;\"}'  style=\"\"><\/div><\/div><div class=\"icon_list_connector\"  style=\"border-right-width: 1px;border-right-style: dashed;border-color: #333333;\"><\/div><a class=\"ulimate-info-list-link\" href=\"https:\/\/afifor.fr\/deposez-votre-offre-de-contrat-dapprentissage\/\" target=\"_blank\" rel=\"noopener\" ><\/a><\/li><li class=\"icon_list_item\" style=\" font-size:72px;\"><div class=\"icon_list_icon\" data-animation=\"bounceIn\" data-animation-delay=\"03\" style=\"font-size:24px;border-width:1px;border-style:none;background:#163e75;color:#ffffff;border-color:#333333;\"><i class=\"Defaults-book\" ><\/i><\/div><div class=\"icon_description\" id=\"Info-list-wrap-7651\" style=\"font-size:24px;\"><h3 class=\"ult-responsive info-list-heading\"  data-ultimate-target='#Info-list-wrap-7651 h3'  data-responsive-json-new='{\"font-size\":\"desktop:16px;\",\"line-height\":\"desktop:24px;\"}'  style=\"\">Je t\u00e9l\u00e9charge : Livret Maitre d\u2019apprentissage<\/h3><div class=\"icon_description_text ult-responsive\"  data-ultimate-target='#Info-list-wrap-7651 .icon_description_text'  data-responsive-json-new='{\"font-size\":\"desktop:13px;\",\"line-height\":\"desktop:18px;\"}'  style=\"\"><\/div><\/div><div class=\"icon_list_connector\"  style=\"border-right-width: 1px;border-right-style: dashed;border-color: #333333;\"><\/div><a class=\"ulimate-info-list-link\" href=\"http:\/\/afifor.fr\/wp-content\/uploads\/2021\/02\/BAT-FINAL-GUIDE-APPRENTI-.pdf\" ><\/a><\/li><li class=\"icon_list_item\" style=\" font-size:72px;\"><div class=\"icon_list_icon\" data-animation=\"bounceIn\" data-animation-delay=\"03\" style=\"font-size:24px;border-width:1px;border-style:none;background:#163e75;color:#ffffff;border-color:#333333;\"><i class=\"Defaults-search-plus\" ><\/i><\/div><div class=\"icon_description\" id=\"Info-list-wrap-4749\" style=\"font-size:24px;\"><h3 class=\"ult-responsive info-list-heading\"  data-ultimate-target='#Info-list-wrap-4749 h3'  data-responsive-json-new='{\"font-size\":\"desktop:16px;\",\"line-height\":\"desktop:24px;\"}'  style=\"\">Je recherche les CFA sp\u00e9cialis\u00e9s aux m\u00e9tiers du Papier carton<\/h3><div class=\"icon_description_text ult-responsive\"  data-ultimate-target='#Info-list-wrap-4749 .icon_description_text'  data-responsive-json-new='{\"font-size\":\"desktop:13px;\",\"line-height\":\"desktop:18px;\"}'  style=\"\"><\/div><\/div><div class=\"icon_list_connector\"  style=\"border-right-width: 1px;border-right-style: dashed;border-color: #333333;\"><\/div><a class=\"ulimate-info-list-link\" href=\"https:\/\/afifor.fr\/contacter-les-ecoles-et-les-cfa\/\" target=\"_blank\" rel=\"noopener\" ><\/a><\/li><\/ul><\/div>[\/vc_column_inner][\/vc_row_inner][vc_empty_space][vc_empty_space][vc_separator color=\u00a0\u00bbcustom\u00a0\u00bb align=\u00a0\u00bbalign_left\u00a0\u00bb border_width=\u00a0\u00bb3&Prime; el_width=\u00a0\u00bb10&Prime; accent_color=\u00a0\u00bb#163e75&Prime;][vc_empty_space][vc_empty_space][\/vc_column][\/vc_row]<\/p>\n<\/section>","protected":false},"excerpt":{"rendered":"<p>[vc_row bg_type=\u00a0\u00bbbg_color\u00a0\u00bb bg_color_value=\u00a0\u00bb#ffffff\u00a0\u00bb][vc_column parallax=\u00a0\u00bbcontent-moving\u00a0\u00bb css=\u00a0\u00bb.vc_custom_1555078384522{background-color: #ffffff !important;}\u00a0\u00bb offset=\u00a0\u00bbvc_hidden-lg vc_hidden-md vc_hidden-sm\u00a0\u00bb][vc_tta_accordion color=\u00a0\u00bbsky\u00a0\u00bb c_icon=\u00a0\u00bb\u00a0\u00bb active_section=\u00a0\u00bb$\u00a0\u00bb collapsible_all=\u00a0\u00bbtrue\u00a0\u00bb][vc_tta_section i_icon_fontawesome=\u00a0\u00bbfa fa-bars\u00a0\u00bb add_icon=\u00a0\u00bbtrue\u00a0\u00bb title=\u00a0\u00bbMENU\u00a0\u00bb tab_id=\u00a0\u00bb1555076975667-ca4cfdf5-b7d3&Prime;][vc_wp_custommenu nav_menu=\u00a0\u00bb11&Prime;][\/vc_tta_section][\/vc_tta_accordion][\/vc_column][\/vc_row][vc_row bg_type=\u00a0\u00bbbg_color\u00a0\u00bb bg_color_value=\u00a0\u00bb#ffffff\u00a0\u00bb][vc_column parallax=\u00a0\u00bbcontent-moving\u00a0\u00bb width=\u00a0\u00bb1\/4&Prime; css=\u00a0\u00bb.vc_custom_1555070821841{background-color: #ffffff !important;}\u00a0\u00bb offset=\u00a0\u00bbvc_hidden-xs\u00a0\u00bb][vc_empty_space height=\u00a0\u00bb12px\u00a0\u00bb][vc_wp_custommenu nav_menu=\u00a0\u00bb59&Prime; el_class=\u00a0\u00bbmenu-unidisportail\u00a0\u00bb][\/vc_column][vc_column width=\u00a0\u00bb3\/4&Prime; css=\u00a0\u00bb.vc_custom_1536588387556{padding-right: 50px !important;padding-left: 50px !important;}\u00a0\u00bb][vc_custom_heading source=\u00a0\u00bbpost_title\u00a0\u00bb font_container=\u00a0\u00bbtag:h3|text_align:left\u00a0\u00bb use_theme_fonts=\u00a0\u00bbyes\u00a0\u00bb [&#8230;]<\/p>\n","protected":false},"author":1,"featured_media":0,"parent":0,"menu_order":0,"comment_status":"closed","ping_status":"open","template":"","meta":{"_mi_skip_tracking":false,"_exactmetrics_sitenote_active":false,"_exactmetrics_sitenote_note":"","_exactmetrics_sitenote_category":0,"_monsterinsights_sitenote_active":false,"_monsterinsights_sitenote_note":"","_monsterinsights_sitenote_category":0,"footnotes":""},"aioseo_notices":[],"_links":{"self":[{"href":"https:\/\/unidis.fr\/portail\/wp-json\/wp\/v2\/pages\/6734"}],"collection":[{"href":"https:\/\/unidis.fr\/portail\/wp-json\/wp\/v2\/pages"}],"about":[{"href":"https:\/\/unidis.fr\/portail\/wp-json\/wp\/v2\/types\/page"}],"author":[{"embeddable":true,"href":"https:\/\/unidis.fr\/portail\/wp-json\/wp\/v2\/users\/1"}],"replies":[{"embeddable":true,"href":"https:\/\/unidis.fr\/portail\/wp-json\/wp\/v2\/comments?post=6734"}],"version-history":[{"count":25,"href":"https:\/\/unidis.fr\/portail\/wp-json\/wp\/v2\/pages\/6734\/revisions"}],"predecessor-version":[{"id":9658,"href":"https:\/\/unidis.fr\/portail\/wp-json\/wp\/v2\/pages\/6734\/revisions\/9658"}],"wp:attachment":[{"href":"https:\/\/unidis.fr\/portail\/wp-json\/wp\/v2\/media?parent=6734"}],"curies":[{"name":"wp","href":"https:\/\/api.w.org\/{rel}","templated":true}]}}