{"id":6310,"date":"2021-02-11T09:40:21","date_gmt":"2021-02-11T08:40:21","guid":{"rendered":"https:\/\/unidis.fr\/portail\/?page_id=6310"},"modified":"2021-02-23T13:13:44","modified_gmt":"2021-02-23T12:13:44","slug":"le-sgieic","status":"publish","type":"page","link":"https:\/\/unidis.fr\/portail\/le-sgieic\/","title":{"rendered":"Le SGIEIC"},"content":{"rendered":"<section class=\"wpb-content-wrapper\"><p>[vc_row bg_type=\u00a0\u00bbbg_color\u00a0\u00bb bg_color_value=\u00a0\u00bb#ffffff\u00a0\u00bb][vc_column parallax=\u00a0\u00bbcontent-moving\u00a0\u00bb css=\u00a0\u00bb.vc_custom_1555078384522{background-color: #ffffff !important;}\u00a0\u00bb offset=\u00a0\u00bbvc_hidden-lg vc_hidden-md vc_hidden-sm\u00a0\u00bb][vc_tta_accordion color=\u00a0\u00bbsky\u00a0\u00bb c_icon=\u00a0\u00bb\u00a0\u00bb active_section=\u00a0\u00bb$\u00a0\u00bb collapsible_all=\u00a0\u00bbtrue\u00a0\u00bb][vc_tta_section i_icon_fontawesome=\u00a0\u00bbfa fa-bars\u00a0\u00bb add_icon=\u00a0\u00bbtrue\u00a0\u00bb title=\u00a0\u00bbMENU\u00a0\u00bb tab_id=\u00a0\u00bb1555076975667-ca4cfdf5-b7d3&Prime;][vc_wp_custommenu nav_menu=\u00a0\u00bb11&Prime;][\/vc_tta_section][\/vc_tta_accordion][\/vc_column][\/vc_row][vc_row bg_type=\u00a0\u00bbbg_color\u00a0\u00bb bg_color_value=\u00a0\u00bb#ffffff\u00a0\u00bb][vc_column parallax=\u00a0\u00bbcontent-moving\u00a0\u00bb width=\u00a0\u00bb1\/4&Prime; css=\u00a0\u00bb.vc_custom_1555078507999{background-color: #ffffff !important;}\u00a0\u00bb offset=\u00a0\u00bbvc_hidden-xs\u00a0\u00bb][vc_empty_space height=\u00a0\u00bb12px\u00a0\u00bb][vc_wp_custommenu nav_menu=\u00a0\u00bb11&Prime; el_class=\u00a0\u00bbmenu-unidisportail\u00a0\u00bb][\/vc_column][vc_column width=\u00a0\u00bb3\/4&Prime; css=\u00a0\u00bb.vc_custom_1536588387556{padding-right: 50px !important;padding-left: 50px !important;}\u00a0\u00bb][vc_single_image image=\u00a0\u00bb3600&Prime; css_animation=\u00a0\u00bbfadeIn\u00a0\u00bb][vc_separator color=\u00a0\u00bbcustom\u00a0\u00bb align=\u00a0\u00bbalign_left\u00a0\u00bb border_width=\u00a0\u00bb3&Prime; el_width=\u00a0\u00bb10&Prime; accent_color=\u00a0\u00bb#163e75&Prime;][vc_column_text el_class=\u00a0\u00bbjustify\u00a0\u00bb]<\/p>\n<p style=\"text-align: justify;\"><strong>Le SGIEIC (Syndicat G\u00e9n\u00e9ral des Instruments \u00e0 Ecrire et des Industries Connexes)<\/strong> est un syndicat professionnel cr\u00e9\u00e9 par les entreprises des industries \u00e0 \u00e9crire et industries connexes, ayant pour objet la promotion et la d\u00e9fense des int\u00e9r\u00eats des entreprises adh\u00e9rentes, principalement dans les domaines des Affaires sociales de branche et droit du travail et de la Formation professionnelle.<\/p>\n<p style=\"text-align: justify;\">Le <strong>SGIEIC<\/strong>, organisation patronale repr\u00e9sentative dans la branche des Instruments \u00e0 \u00e9crire et industries connexes, pilote, avec l\u2019aide de l\u2019UNIDIS (Union Intersecteurs Papiers Cartons pour le dialogue et l\u2019ing\u00e9nierie sociale), la Convention collective nationale des instruments \u00e0 \u00e9crire et des industries connexes du 13 f\u00e9vrier 1973.<\/p>\n<p>[\/vc_column_text][vc_separator color=\u00a0\u00bbcustom\u00a0\u00bb align=\u00a0\u00bbalign_left\u00a0\u00bb border_width=\u00a0\u00bb3&Prime; el_width=\u00a0\u00bb10&Prime; accent_color=\u00a0\u00bb#163e75&Prime;][vc_column_text el_class=\u00a0\u00bbjustify\u00a0\u00bb]<\/p>\n<ul>\n<li><a href=\"https:\/\/unidis.fr\/portail\/wp-content\/uploads\/2021\/02\/Activites-economiques-couv-ertes_PAGE-WEB-SGIEIC.pdf\" target=\"_blank\" rel=\"noopener\">Activit\u00e9s \u00e9conomiques couvertes<\/a><\/li>\n<li><a href=\"https:\/\/unidis.fr\/portail\/wp-content\/uploads\/2021\/02\/RAPPORT-DACTIVITE-2019-SGIEIC.pdf\">Rapport d\u2019activit\u00e9 2019 du SGIEIC<\/a><\/li>\n<li><a href=\"https:\/\/unidis.fr\/portail\/wp-content\/uploads\/2021\/02\/AVENANT-SALAIRES-CCN-INSTRUMENTS-A-ECRIRE-DU-08-09-2020-SIGNE-1.pdf\">Avenant n\u00b046 du 8 septembre 2020 sur les salaires minima conventionnels<\/a><\/li>\n<li><a href=\"https:\/\/unidis.fr\/portail\/wp-content\/uploads\/2021\/02\/COMPTES-2015-SGIEIC_RAPPORT-CAC-COMPLET.pdf\">Comptes SGIEIC 2015<\/a><\/li>\n<li><a href=\"https:\/\/unidis.fr\/portail\/wp-content\/uploads\/2021\/02\/COMPTES-2018-SGIEIC_RAPPORT-CAC-COMPLET.pdf\">Comptes SGIEIC 2018\u00a0<\/a><\/li>\n<li><a href=\"https:\/\/unidis.fr\/portail\/wp-content\/uploads\/2021\/02\/G14-1912-Rapport-sur-les-comptes-annuels.pdf\" target=\"_blank\" rel=\"noopener\">Comptes SGIEIC 2019<\/a><\/li>\n<\/ul>\n<p>[\/vc_column_text][vc_separator color=\u00a0\u00bbcustom\u00a0\u00bb align=\u00a0\u00bbalign_left\u00a0\u00bb border_width=\u00a0\u00bb3&Prime; el_width=\u00a0\u00bb10&Prime; accent_color=\u00a0\u00bb#163e75&Prime;][vc_empty_space][\/vc_column][\/vc_row]<\/p>\n<\/section>","protected":false},"excerpt":{"rendered":"<p>[vc_row bg_type=\u00a0\u00bbbg_color\u00a0\u00bb bg_color_value=\u00a0\u00bb#ffffff\u00a0\u00bb][vc_column parallax=\u00a0\u00bbcontent-moving\u00a0\u00bb css=\u00a0\u00bb.vc_custom_1555078384522{background-color: #ffffff !important;}\u00a0\u00bb offset=\u00a0\u00bbvc_hidden-lg vc_hidden-md vc_hidden-sm\u00a0\u00bb][vc_tta_accordion color=\u00a0\u00bbsky\u00a0\u00bb c_icon=\u00a0\u00bb\u00a0\u00bb active_section=\u00a0\u00bb$\u00a0\u00bb collapsible_all=\u00a0\u00bbtrue\u00a0\u00bb][vc_tta_section i_icon_fontawesome=\u00a0\u00bbfa fa-bars\u00a0\u00bb add_icon=\u00a0\u00bbtrue\u00a0\u00bb title=\u00a0\u00bbMENU\u00a0\u00bb tab_id=\u00a0\u00bb1555076975667-ca4cfdf5-b7d3&Prime;][vc_wp_custommenu nav_menu=\u00a0\u00bb11&Prime;][\/vc_tta_section][\/vc_tta_accordion][\/vc_column][\/vc_row][vc_row bg_type=\u00a0\u00bbbg_color\u00a0\u00bb bg_color_value=\u00a0\u00bb#ffffff\u00a0\u00bb][vc_column parallax=\u00a0\u00bbcontent-moving\u00a0\u00bb width=\u00a0\u00bb1\/4&Prime; css=\u00a0\u00bb.vc_custom_1555078507999{background-color: #ffffff !important;}\u00a0\u00bb offset=\u00a0\u00bbvc_hidden-xs\u00a0\u00bb][vc_empty_space height=\u00a0\u00bb12px\u00a0\u00bb][vc_wp_custommenu nav_menu=\u00a0\u00bb11&Prime; el_class=\u00a0\u00bbmenu-unidisportail\u00a0\u00bb][\/vc_column][vc_column width=\u00a0\u00bb3\/4&Prime; css=\u00a0\u00bb.vc_custom_1536588387556{padding-right: 50px !important;padding-left: 50px !important;}\u00a0\u00bb][vc_single_image image=\u00a0\u00bb3600&Prime; css_animation=\u00a0\u00bbfadeIn\u00a0\u00bb][vc_separator color=\u00a0\u00bbcustom\u00a0\u00bb [&#8230;]<\/p>\n","protected":false},"author":1,"featured_media":0,"parent":0,"menu_order":0,"comment_status":"closed","ping_status":"closed","template":"","meta":{"_mi_skip_tracking":false,"_exactmetrics_sitenote_active":false,"_exactmetrics_sitenote_note":"","_exactmetrics_sitenote_category":0,"_monsterinsights_sitenote_active":false,"_monsterinsights_sitenote_note":"","_monsterinsights_sitenote_category":0,"footnotes":""},"aioseo_notices":[],"_links":{"self":[{"href":"https:\/\/unidis.fr\/portail\/wp-json\/wp\/v2\/pages\/6310"}],"collection":[{"href":"https:\/\/unidis.fr\/portail\/wp-json\/wp\/v2\/pages"}],"about":[{"href":"https:\/\/unidis.fr\/portail\/wp-json\/wp\/v2\/types\/page"}],"author":[{"embeddable":true,"href":"https:\/\/unidis.fr\/portail\/wp-json\/wp\/v2\/users\/1"}],"replies":[{"embeddable":true,"href":"https:\/\/unidis.fr\/portail\/wp-json\/wp\/v2\/comments?post=6310"}],"version-history":[{"count":11,"href":"https:\/\/unidis.fr\/portail\/wp-json\/wp\/v2\/pages\/6310\/revisions"}],"predecessor-version":[{"id":6422,"href":"https:\/\/unidis.fr\/portail\/wp-json\/wp\/v2\/pages\/6310\/revisions\/6422"}],"wp:attachment":[{"href":"https:\/\/unidis.fr\/portail\/wp-json\/wp\/v2\/media?parent=6310"}],"curies":[{"name":"wp","href":"https:\/\/api.w.org\/{rel}","templated":true}]}}