{"id":5408,"date":"2020-04-02T10:33:23","date_gmt":"2020-04-02T08:33:23","guid":{"rendered":"https:\/\/unidis.fr\/portail\/?page_id=5408"},"modified":"2022-02-24T12:22:31","modified_gmt":"2022-02-24T11:22:31","slug":"malearningfab","status":"publish","type":"page","link":"https:\/\/unidis.fr\/portail\/malearningfab\/","title":{"rendered":"MaLearningFab"},"content":{"rendered":"<section class=\"wpb-content-wrapper\"><p>[vc_row bg_type=\u00a0\u00bbbg_color\u00a0\u00bb bg_color_value=\u00a0\u00bb#ffffff\u00a0\u00bb][vc_column parallax=\u00a0\u00bbcontent-moving\u00a0\u00bb css=\u00a0\u00bb.vc_custom_1555078384522{background-color: #ffffff !important;}\u00a0\u00bb offset=\u00a0\u00bbvc_hidden-lg vc_hidden-md vc_hidden-sm\u00a0\u00bb][vc_tta_accordion color=\u00a0\u00bbsky\u00a0\u00bb c_icon=\u00a0\u00bb\u00a0\u00bb active_section=\u00a0\u00bb$\u00a0\u00bb collapsible_all=\u00a0\u00bbtrue\u00a0\u00bb][vc_tta_section i_icon_fontawesome=\u00a0\u00bbfa fa-bars\u00a0\u00bb add_icon=\u00a0\u00bbtrue\u00a0\u00bb title=\u00a0\u00bbMENU\u00a0\u00bb tab_id=\u00a0\u00bb1555076975667-ca4cfdf5-b7d3&Prime;][vc_wp_custommenu nav_menu=\u00a0\u00bb19&Prime;][\/vc_tta_section][\/vc_tta_accordion][\/vc_column][\/vc_row][vc_row bg_type=\u00a0\u00bbbg_color\u00a0\u00bb bg_color_value=\u00a0\u00bb#ffffff\u00a0\u00bb][vc_column parallax=\u00a0\u00bbcontent-moving\u00a0\u00bb width=\u00a0\u00bb1\/4&Prime; css=\u00a0\u00bb.vc_custom_1555070821841{background-color: #ffffff !important;}\u00a0\u00bb offset=\u00a0\u00bbvc_hidden-xs\u00a0\u00bb][vc_empty_space height=\u00a0\u00bb12px\u00a0\u00bb][vc_wp_custommenu nav_menu=\u00a0\u00bb19&Prime; el_class=\u00a0\u00bbmenu-unidisportail\u00a0\u00bb][\/vc_column][vc_column width=\u00a0\u00bb3\/4&Prime; css=\u00a0\u00bb.vc_custom_1536588387556{padding-right: 50px !important;padding-left: 50px !important;}\u00a0\u00bb][vc_custom_heading source=\u00a0\u00bbpost_title\u00a0\u00bb font_container=\u00a0\u00bbtag:h3|text_align:left\u00a0\u00bb use_theme_fonts=\u00a0\u00bbyes\u00a0\u00bb css_animation=\u00a0\u00bbfadeIn\u00a0\u00bb][vc_separator color=\u00a0\u00bbcustom\u00a0\u00bb align=\u00a0\u00bbalign_left\u00a0\u00bb border_width=\u00a0\u00bb3&Prime; el_width=\u00a0\u00bb10&Prime; accent_color=\u00a0\u00bb#163e75&Prime;][vc_single_image image=\u00a0\u00bb5464&Prime; img_size=\u00a0\u00bbmedium\u00a0\u00bb][vc_column_text el_class=\u00a0\u00bbjustify\u00a0\u00bb]UNIDIS a d\u00e9cid\u00e9 de mettre les modules e-learning \u00e0 disposition des salari\u00e9s des entreprises qui sont en t\u00e9l\u00e9travail.<\/p>\n<p>Cliquez sur les boutons ci-dessous pour acc\u00e9der aux diff\u00e9rents modules e-learning, le tout sans avoir besoin d&rsquo;identifiant de connexion ou de mot de passe.[\/vc_column_text][vc_row_inner][vc_column_inner width=\u00a0\u00bb1\/3&Prime;][vc_column_text el_class=\u00a0\u00bbjustify\u00a0\u00bb]<\/p>\n<p style=\"text-align: center;\"><a href=\"https:\/\/unidis.fr\/portail\/orientation-papier-carton\/\"><strong>Orientation<br \/>\nPapier Carton<\/strong><\/a><\/p>\n<p>[\/vc_column_text][vc_single_image image=\u00a0\u00bb5411&Prime; alignment=\u00a0\u00bbcenter\u00a0\u00bb style=\u00a0\u00bbvc_box_rounded\u00a0\u00bb onclick=\u00a0\u00bbcustom_link\u00a0\u00bb link=\u00a0\u00bbhttps:\/\/unidis.fr\/portail\/orientation-papier-carton\/\u00a0\u00bb][\/vc_column_inner][vc_column_inner width=\u00a0\u00bb1\/3&Prime;][\/vc_column_inner][vc_column_inner width=\u00a0\u00bb1\/3&Prime;][\/vc_column_inner][\/vc_row_inner][vc_empty_space][\/vc_column][\/vc_row]<\/p>\n<\/section>","protected":false},"excerpt":{"rendered":"<p>[vc_row bg_type=\u00a0\u00bbbg_color\u00a0\u00bb bg_color_value=\u00a0\u00bb#ffffff\u00a0\u00bb][vc_column parallax=\u00a0\u00bbcontent-moving\u00a0\u00bb css=\u00a0\u00bb.vc_custom_1555078384522{background-color: #ffffff !important;}\u00a0\u00bb offset=\u00a0\u00bbvc_hidden-lg vc_hidden-md vc_hidden-sm\u00a0\u00bb][vc_tta_accordion color=\u00a0\u00bbsky\u00a0\u00bb c_icon=\u00a0\u00bb\u00a0\u00bb active_section=\u00a0\u00bb$\u00a0\u00bb collapsible_all=\u00a0\u00bbtrue\u00a0\u00bb][vc_tta_section i_icon_fontawesome=\u00a0\u00bbfa fa-bars\u00a0\u00bb add_icon=\u00a0\u00bbtrue\u00a0\u00bb title=\u00a0\u00bbMENU\u00a0\u00bb tab_id=\u00a0\u00bb1555076975667-ca4cfdf5-b7d3&Prime;][vc_wp_custommenu nav_menu=\u00a0\u00bb19&Prime;][\/vc_tta_section][\/vc_tta_accordion][\/vc_column][\/vc_row][vc_row bg_type=\u00a0\u00bbbg_color\u00a0\u00bb bg_color_value=\u00a0\u00bb#ffffff\u00a0\u00bb][vc_column parallax=\u00a0\u00bbcontent-moving\u00a0\u00bb width=\u00a0\u00bb1\/4&Prime; css=\u00a0\u00bb.vc_custom_1555070821841{background-color: #ffffff !important;}\u00a0\u00bb offset=\u00a0\u00bbvc_hidden-xs\u00a0\u00bb][vc_empty_space height=\u00a0\u00bb12px\u00a0\u00bb][vc_wp_custommenu nav_menu=\u00a0\u00bb19&Prime; el_class=\u00a0\u00bbmenu-unidisportail\u00a0\u00bb][\/vc_column][vc_column width=\u00a0\u00bb3\/4&Prime; css=\u00a0\u00bb.vc_custom_1536588387556{padding-right: 50px !important;padding-left: 50px !important;}\u00a0\u00bb][vc_custom_heading source=\u00a0\u00bbpost_title\u00a0\u00bb font_container=\u00a0\u00bbtag:h3|text_align:left\u00a0\u00bb use_theme_fonts=\u00a0\u00bbyes\u00a0\u00bb [&#8230;]<\/p>\n","protected":false},"author":5,"featured_media":0,"parent":0,"menu_order":0,"comment_status":"closed","ping_status":"open","template":"","meta":{"_mi_skip_tracking":false,"_exactmetrics_sitenote_active":false,"_exactmetrics_sitenote_note":"","_exactmetrics_sitenote_category":0,"_monsterinsights_sitenote_active":false,"_monsterinsights_sitenote_note":"","_monsterinsights_sitenote_category":0,"footnotes":""},"aioseo_notices":[],"_links":{"self":[{"href":"https:\/\/unidis.fr\/portail\/wp-json\/wp\/v2\/pages\/5408"}],"collection":[{"href":"https:\/\/unidis.fr\/portail\/wp-json\/wp\/v2\/pages"}],"about":[{"href":"https:\/\/unidis.fr\/portail\/wp-json\/wp\/v2\/types\/page"}],"author":[{"embeddable":true,"href":"https:\/\/unidis.fr\/portail\/wp-json\/wp\/v2\/users\/5"}],"replies":[{"embeddable":true,"href":"https:\/\/unidis.fr\/portail\/wp-json\/wp\/v2\/comments?post=5408"}],"version-history":[{"count":13,"href":"https:\/\/unidis.fr\/portail\/wp-json\/wp\/v2\/pages\/5408\/revisions"}],"predecessor-version":[{"id":7165,"href":"https:\/\/unidis.fr\/portail\/wp-json\/wp\/v2\/pages\/5408\/revisions\/7165"}],"wp:attachment":[{"href":"https:\/\/unidis.fr\/portail\/wp-json\/wp\/v2\/media?parent=5408"}],"curies":[{"name":"wp","href":"https:\/\/api.w.org\/{rel}","templated":true}]}}