{"id":4076,"date":"2018-12-04T15:07:55","date_gmt":"2018-12-04T14:07:55","guid":{"rendered":"https:\/\/unidis.fr\/portail\/?page_id=4076"},"modified":"2026-03-05T11:15:50","modified_gmt":"2026-03-05T10:15:50","slug":"ipc-formation-references","status":"publish","type":"page","link":"https:\/\/unidis.fr\/portail\/ipc-formation-references\/","title":{"rendered":"R\u00e9f\u00e9rences"},"content":{"rendered":"<section class=\"wpb-content-wrapper\"><p>[vc_row bg_type=\u00a0\u00bbbg_color\u00a0\u00bb bg_color_value=\u00a0\u00bb#ffffff\u00a0\u00bb][vc_column parallax=\u00a0\u00bbcontent-moving\u00a0\u00bb css=\u00a0\u00bb.vc_custom_1555078384522{background-color: #ffffff !important;}\u00a0\u00bb offset=\u00a0\u00bbvc_hidden-lg vc_hidden-md vc_hidden-sm\u00a0\u00bb][vc_tta_accordion color=\u00a0\u00bbgreen\u00a0\u00bb c_icon=\u00a0\u00bb\u00a0\u00bb active_section=\u00a0\u00bb$\u00a0\u00bb collapsible_all=\u00a0\u00bbtrue\u00a0\u00bb][vc_tta_section i_icon_fontawesome=\u00a0\u00bbfa fa-bars\u00a0\u00bb add_icon=\u00a0\u00bbtrue\u00a0\u00bb title=\u00a0\u00bbMENU\u00a0\u00bb tab_id=\u00a0\u00bb1555076975667-ca4cfdf5-b7d3&Prime;][vc_wp_custommenu nav_menu=\u00a0\u00bb12&Prime;][\/vc_tta_section][\/vc_tta_accordion][\/vc_column][\/vc_row][vc_row bg_type=\u00a0\u00bbbg_color\u00a0\u00bb bg_color_value=\u00a0\u00bb#ffffff\u00a0\u00bb][vc_column width=\u00a0\u00bb1\/4&Prime; offset=\u00a0\u00bbvc_hidden-xs\u00a0\u00bb][vc_empty_space height=\u00a0\u00bb12px\u00a0\u00bb][vc_wp_custommenu nav_menu=\u00a0\u00bb12&Prime;][\/vc_column][vc_column width=\u00a0\u00bb3\/4&Prime; css=\u00a0\u00bb.vc_custom_1543336856262{padding-right: 50px !important;padding-left: 50px !important;}\u00a0\u00bb][vc_custom_heading source=\u00a0\u00bbpost_title\u00a0\u00bb font_container=\u00a0\u00bbtag:h3|text_align:left\u00a0\u00bb use_theme_fonts=\u00a0\u00bbyes\u00a0\u00bb css_animation=\u00a0\u00bbnone\u00a0\u00bb][vc_separator color=\u00a0\u00bbcustom\u00a0\u00bb align=\u00a0\u00bbalign_left\u00a0\u00bb border_width=\u00a0\u00bb3&Prime; el_width=\u00a0\u00bb10&Prime; accent_color=\u00a0\u00bb#163e75&Prime;][vc_column_text el_class=\u00a0\u00bbjustify\u00a0\u00bb]En sa qualit\u00e9 d\u2019organisme de formation de Branche, IPC FORMATION apporte son expertise \u00e0 l\u2019ensemble des industries de la fili\u00e8re. Nous accompagnons les entreprises de l\u2019Industrie Papier Carton de toute taille, sur tout le territoire et dans tous les secteurs d\u2019activit\u00e9 (production papeti\u00e8re, transformation et impression pour la fabrication de produits en papier carton). Parmi les 1 500 entreprises de l\u2019IPC, voici certaines qui nous ont fait confiance en 2025. Nous les en remercions ![\/vc_column_text][vc_column_text css_animation=\u00a0\u00bbbounceInUp\u00a0\u00bb]2J IMPRESSION<br \/>\nABZAC<br \/>\nAGEFAPAGE CFA PAPETIER<br \/>\nAHLSTROM<br \/>\nAHLSTROM ARCHES<br \/>\nAHLSTROM SPECIALTIES<br \/>\nALLARD EMBALLAGES<br \/>\nALLPACK TUPACK France<br \/>\nANTALIS<br \/>\nAVERY DENNISON<br \/>\nAZUR ADHESIFS<br \/>\nB PACK<br \/>\nBIEN LE BONJOUR BRAIZAT ETIQUETTES<br \/>\nCARTONNAGE DINE<br \/>\nCARTONNAGES DE LA TURDINE<br \/>\nCARTONNERIE OUDIN<br \/>\nCARTONNERIES DE GONDARDENNES<br \/>\nCELTA ROSSMANN<br \/>\nCENTRE TECHNIQUE DU PAPIER<br \/>\nCEPAP LA COURONNE<br \/>\nCFR ILE NAPOLEON<br \/>\nCLP PACKAGING VERPACK<br \/>\nCOGETIQ<br \/>\nCOMPAGNIE DES ETIQUETTES<br \/>\nCOREX BOARD ATLANTIC<br \/>\nDIMA ETIQUETAGES<br \/>\nDS SMITH PACKAGING<br \/>\nDS SMITH PACKAGING CONTOIRE<br \/>\nDS SMITH PACKAGING NORD EST<br \/>\nDS SMITH PAPER ROUEN<br \/>\nELC ETIQUETTES<br \/>\nESSITY OPERATIONS France<br \/>\nFREGATA HYGIENE<br \/>\nGAULT ET FREMONT<br \/>\nHUHTAMAKI LA ROCHELLE<br \/>\nINDUSTRIE CARTARIE TRONCHETTI<br \/>\nLA MANUFACTURE DE L EPHEMERE<br \/>\nLABELYS GROUPE GIGAULT<br \/>\nLACAUX FRERES<br \/>\nLE NAPPAGE<br \/>\nLEBHAR<br \/>\nLUCART<br \/>\nLUQUET ET DURANTON<br \/>\nM,M, PACKAGING France<br \/>\nMULTI COLOR CORPORATION<br \/>\nMUNKSJO ARCHES<br \/>\nNORPAPER AVOT VALLEE<br \/>\nNORSKE SKOG GOLBEY<br \/>\nONDUPACK<br \/>\nPALM PACKAGING<br \/>\nPAPETERIE DE MANDEURE<br \/>\nPAPETERIE LE BOURRAY<br \/>\nPAPETERIE ZUBER RIEDER<br \/>\nPAPETERIES D ANNONAY<br \/>\nPAPETERIES DE CLAIREFONTAINE<br \/>\nPAPETERIES DE ST GIRONS<br \/>\nPAPETERIES DES VOSGES<br \/>\nPAPETERIES DU COTENTIN<br \/>\nPAPETERIES DU LEMAN<br \/>\nPAPETERIES PALM<br \/>\nPDM INDUSTRIES<br \/>\nPOLYKOTE<br \/>\nPROVETIQ INDUSTRIE GROUP<br \/>\nROSSMANN CARTONNERIE<br \/>\nROSSMANN VALSCIUS<br \/>\nSAICA PACK<br \/>\nSAICA PACK BEAULAC<br \/>\nSAICA PAPER France<br \/>\nSATO France<br \/>\nSEREC<br \/>\nSEYFERT<br \/>\nSICAL<br \/>\nSMURFIT WESTROCK<br \/>\nSMURFIT WESTROCK CELLULOSE DU PIN<br \/>\nSOBREDIM<br \/>\nSOFIDEL France<br \/>\nSOPANO<br \/>\nTHIOLAT<br \/>\nTOYO INK EUROPE<br \/>\nUSINES REUNIES<br \/>\nVERPACK KORUS PACKAGING<br \/>\nVICAT PAPETERIES DE VIZILLE<br \/>\nVPK PACKAGING<br \/>\nWEPA[\/vc_column_text][vc_empty_space height=\u00a0\u00bb60&Prime;][\/vc_column][\/vc_row][vc_row full_width=\u00a0\u00bbstretch_row\u00a0\u00bb bg_type=\u00a0\u00bbimage\u00a0\u00bb css=\u00a0\u00bb.vc_custom_1701165703191{background-image: url(https:\/\/unidis.fr\/portail\/wp-content\/uploads\/2023\/11\/Footer-1.webp?id=8241) !important;background-position: center !important;background-repeat: no-repeat !important;background-size: contain !important;}\u00a0\u00bb][vc_column][vc_row_inner][vc_column_inner width=\u00a0\u00bb1\/3&Prime;][vc_column_text css=\u00a0\u00bb.vc_custom_1701163668254{margin-bottom: 15px !important;padding-top: 20px !important;background-position: 0 0 !important;background-repeat: no-repeat !important;}\u00a0\u00bb]<img decoding=\"async\" loading=\"lazy\" class=\"attachment-large size-large wp-image-9\" src=\"https:\/\/www.industriepapiercarton.fr\/wp-content\/uploads\/2022\/10\/Cercle-titres-1.svg\" alt=\"\" width=\"34\" height=\"34\" \/>[\/vc_column_text][vc_column_text css=\u00a0\u00bb.vc_custom_1705484950725{background-position: 0 0 !important;background-repeat: no-repeat !important;}\u00a0\u00bb]<strong>L\u2019IPC Formation<\/strong> participe activement aux actions port\u00e9es par la marque <strong>IPC &#8211; Naturellement Papier Carton<\/strong>, marque qui promeut les m\u00e9tiers de la fili\u00e8re et ses activit\u00e9s, notamment \u00e0 destination du jeune public.[\/vc_column_text][\/vc_column_inner][vc_column_inner width=\u00a0\u00bb1\/3&Prime; css=\u00a0\u00bb.vc_custom_1701167758401{padding-left: 100px !important;}\u00a0\u00bb][vc_column_text css=\u00a0\u00bb.vc_custom_1701163681855{margin-bottom: 15px !important;padding-top: 20px !important;background-position: 0 0 !important;background-repeat: no-repeat !important;}\u00a0\u00bb]<img decoding=\"async\" loading=\"lazy\" class=\"attachment-large size-large wp-image-9\" src=\"https:\/\/www.industriepapiercarton.fr\/wp-content\/uploads\/2022\/10\/Decor-cercle-ondulation-1.svg\" alt=\"\" width=\"34\" height=\"34\" \/>[\/vc_column_text][vc_column_text]Suivez-nous sur LinkedIn :<br \/>\n<a href=\"https:\/\/www.linkedin.com\/company\/unidis-papier-carton\" target=\"_blank\" rel=\"noopener\"><img decoding=\"async\" loading=\"lazy\" class=\"size-full wp-image-8249 aligncenter alignleft\" src=\"https:\/\/unidis.fr\/portail\/wp-content\/uploads\/2023\/11\/linkedin.png\" alt=\"\" width=\"30\" height=\"30\" \/><\/a>[\/vc_column_text][\/vc_column_inner][vc_column_inner width=\u00a0\u00bb1\/3&Prime;][vc_single_image image=\u00a0\u00bb8237&Prime; img_size=\u00a0\u00bbfull\u00a0\u00bb onclick=\u00a0\u00bbcustom_link\u00a0\u00bb img_link_target=\u00a0\u00bb_blank\u00a0\u00bb css=\u00a0\u00bb.vc_custom_1701164061419{padding-top: 30px !important;}\u00a0\u00bb link=\u00a0\u00bbhttps:\/\/www.industriepapiercarton.fr\u00a0\u00bb][\/vc_column_inner][\/vc_row_inner][vc_row_inner][vc_column_inner width=\u00a0\u00bb1\/3&Prime;][\/vc_column_inner][vc_column_inner width=\u00a0\u00bb1\/3&Prime;][\/vc_column_inner][vc_column_inner width=\u00a0\u00bb1\/3&Prime;][\/vc_column_inner][\/vc_row_inner][vc_row_inner][vc_column_inner width=\u00a0\u00bb1\/2&Prime;][vc_column_text el_class=\u00a0\u00bb.footersmall\u00a0\u00bb]<a href=\"https:\/\/unidis.fr\/portail\/mentions-legales\/\">Mentions l\u00e9gales<\/a> \u00b7 <a href=\"https:\/\/unidis.fr\/portail\/politique-de-confidentialite\/\">Politique de confidentialit\u00e9 et cookies <\/a>[\/vc_column_text][\/vc_column_inner][vc_column_inner width=\u00a0\u00bb1\/2&Prime;][vc_column_text el_class=\u00a0\u00bb.footersmall\u00a0\u00bb]<\/p>\n<p style=\"text-align: right;\">Copyright 2024 Unidis &#8211; Tous droits r\u00e9serv\u00e9s.<\/p>\n<p>[\/vc_column_text][\/vc_column_inner][\/vc_row_inner][\/vc_column][\/vc_row]<\/p>\n<\/section>","protected":false},"excerpt":{"rendered":"<p>[vc_row bg_type=\u00a0\u00bbbg_color\u00a0\u00bb bg_color_value=\u00a0\u00bb#ffffff\u00a0\u00bb][vc_column parallax=\u00a0\u00bbcontent-moving\u00a0\u00bb css=\u00a0\u00bb.vc_custom_1555078384522{background-color: #ffffff !important;}\u00a0\u00bb offset=\u00a0\u00bbvc_hidden-lg vc_hidden-md vc_hidden-sm\u00a0\u00bb][vc_tta_accordion color=\u00a0\u00bbgreen\u00a0\u00bb c_icon=\u00a0\u00bb\u00a0\u00bb active_section=\u00a0\u00bb$\u00a0\u00bb collapsible_all=\u00a0\u00bbtrue\u00a0\u00bb][vc_tta_section i_icon_fontawesome=\u00a0\u00bbfa fa-bars\u00a0\u00bb add_icon=\u00a0\u00bbtrue\u00a0\u00bb title=\u00a0\u00bbMENU\u00a0\u00bb tab_id=\u00a0\u00bb1555076975667-ca4cfdf5-b7d3&Prime;][vc_wp_custommenu nav_menu=\u00a0\u00bb12&Prime;][\/vc_tta_section][\/vc_tta_accordion][\/vc_column][\/vc_row][vc_row bg_type=\u00a0\u00bbbg_color\u00a0\u00bb bg_color_value=\u00a0\u00bb#ffffff\u00a0\u00bb][vc_column width=\u00a0\u00bb1\/4&Prime; offset=\u00a0\u00bbvc_hidden-xs\u00a0\u00bb][vc_empty_space height=\u00a0\u00bb12px\u00a0\u00bb][vc_wp_custommenu nav_menu=\u00a0\u00bb12&Prime;][\/vc_column][vc_column width=\u00a0\u00bb3\/4&Prime; css=\u00a0\u00bb.vc_custom_1543336856262{padding-right: 50px !important;padding-left: 50px !important;}\u00a0\u00bb][vc_custom_heading source=\u00a0\u00bbpost_title\u00a0\u00bb font_container=\u00a0\u00bbtag:h3|text_align:left\u00a0\u00bb use_theme_fonts=\u00a0\u00bbyes\u00a0\u00bb css_animation=\u00a0\u00bbnone\u00a0\u00bb][vc_separator color=\u00a0\u00bbcustom\u00a0\u00bb align=\u00a0\u00bbalign_left\u00a0\u00bb border_width=\u00a0\u00bb3&Prime; el_width=\u00a0\u00bb10&Prime; [&#8230;]<\/p>\n","protected":false},"author":4,"featured_media":0,"parent":0,"menu_order":0,"comment_status":"closed","ping_status":"closed","template":"","meta":{"_mi_skip_tracking":false,"_exactmetrics_sitenote_active":false,"_exactmetrics_sitenote_note":"","_exactmetrics_sitenote_category":0,"_monsterinsights_sitenote_active":false,"_monsterinsights_sitenote_note":"","_monsterinsights_sitenote_category":0,"footnotes":""},"aioseo_notices":[],"_links":{"self":[{"href":"https:\/\/unidis.fr\/portail\/wp-json\/wp\/v2\/pages\/4076"}],"collection":[{"href":"https:\/\/unidis.fr\/portail\/wp-json\/wp\/v2\/pages"}],"about":[{"href":"https:\/\/unidis.fr\/portail\/wp-json\/wp\/v2\/types\/page"}],"author":[{"embeddable":true,"href":"https:\/\/unidis.fr\/portail\/wp-json\/wp\/v2\/users\/4"}],"replies":[{"embeddable":true,"href":"https:\/\/unidis.fr\/portail\/wp-json\/wp\/v2\/comments?post=4076"}],"version-history":[{"count":24,"href":"https:\/\/unidis.fr\/portail\/wp-json\/wp\/v2\/pages\/4076\/revisions"}],"predecessor-version":[{"id":9601,"href":"https:\/\/unidis.fr\/portail\/wp-json\/wp\/v2\/pages\/4076\/revisions\/9601"}],"wp:attachment":[{"href":"https:\/\/unidis.fr\/portail\/wp-json\/wp\/v2\/media?parent=4076"}],"curies":[{"name":"wp","href":"https:\/\/api.w.org\/{rel}","templated":true}]}}