{"id":3920,"date":"2018-11-29T12:14:05","date_gmt":"2018-11-29T11:14:05","guid":{"rendered":"https:\/\/unidis.fr\/portail\/?page_id=3920"},"modified":"2020-04-06T16:10:08","modified_gmt":"2020-04-06T14:10:08","slug":"loffre-digitale","status":"publish","type":"page","link":"https:\/\/unidis.fr\/portail\/loffre-digitale\/","title":{"rendered":"L&rsquo;offre Digitale"},"content":{"rendered":"<section class=\"wpb-content-wrapper\"><p>[vc_row bg_type=\u00a0\u00bbbg_color\u00a0\u00bb bg_color_value=\u00a0\u00bb#ffffff\u00a0\u00bb][vc_column parallax=\u00a0\u00bbcontent-moving\u00a0\u00bb css=\u00a0\u00bb.vc_custom_1555078384522{background-color: #ffffff !important;}\u00a0\u00bb offset=\u00a0\u00bbvc_hidden-lg vc_hidden-md vc_hidden-sm\u00a0\u00bb][vc_tta_accordion color=\u00a0\u00bbgreen\u00a0\u00bb c_icon=\u00a0\u00bb\u00a0\u00bb active_section=\u00a0\u00bb$\u00a0\u00bb collapsible_all=\u00a0\u00bbtrue\u00a0\u00bb][vc_tta_section i_icon_fontawesome=\u00a0\u00bbfa fa-bars\u00a0\u00bb add_icon=\u00a0\u00bbtrue\u00a0\u00bb title=\u00a0\u00bbMENU\u00a0\u00bb tab_id=\u00a0\u00bb1555076975667-ca4cfdf5-b7d3&Prime;][vc_wp_custommenu nav_menu=\u00a0\u00bb12&Prime;][\/vc_tta_section][\/vc_tta_accordion][\/vc_column][\/vc_row][vc_row bg_type=\u00a0\u00bbbg_color\u00a0\u00bb bg_color_value=\u00a0\u00bb#ffffff\u00a0\u00bb][vc_column width=\u00a0\u00bb1\/4&Prime; offset=\u00a0\u00bbvc_hidden-xs\u00a0\u00bb][vc_empty_space height=\u00a0\u00bb12px\u00a0\u00bb][vc_wp_custommenu nav_menu=\u00a0\u00bb12&Prime;][\/vc_column][vc_column width=\u00a0\u00bb3\/4&Prime; css=\u00a0\u00bb.vc_custom_1543336856262{padding-right: 50px !important;padding-left: 50px !important;}\u00a0\u00bb][vc_row_inner][vc_column_inner width=\u00a0\u00bb1\/6&Prime;][vc_icon icon_fontawesome=\u00a0\u00bbfa fa-youtube-play\u00a0\u00bb color=\u00a0\u00bbwhite\u00a0\u00bb background_style=\u00a0\u00bbrounded\u00a0\u00bb background_color=\u00a0\u00bbcustom\u00a0\u00bb css_animation=\u00a0\u00bbbounceIn\u00a0\u00bb custom_background_color=\u00a0\u00bb#1eb4d5&Prime;][\/vc_column_inner][vc_column_inner width=\u00a0\u00bb5\/6&Prime;][vc_custom_heading source=\u00a0\u00bbpost_title\u00a0\u00bb font_container=\u00a0\u00bbtag:h3|text_align:left\u00a0\u00bb use_theme_fonts=\u00a0\u00bbyes\u00a0\u00bb css_animation=\u00a0\u00bbfadeIn\u00a0\u00bb][\/vc_column_inner][\/vc_row_inner][vc_column_text]Durant cette p\u00e9riode de confinement, Unidis a d\u00e9cid\u00e9 de mettre les modules e-learning \u00e0 disposition des salari\u00e9s des entreprises qui sont en t\u00e9l\u00e9travail.<\/p>\n<p>Cliquez sur l&rsquo;image ci-dessous pour acc\u00e9der aux diff\u00e9rents modules e-learning, le tout sans avoir besoin d\u2019identifiant de connexion ou de mot de passe.[\/vc_column_text][vc_single_image image=\u00a0\u00bb5464&Prime; img_size=\u00a0\u00bblarge\u00a0\u00bb alignment=\u00a0\u00bbcenter\u00a0\u00bb onclick=\u00a0\u00bbcustom_link\u00a0\u00bb css_animation=\u00a0\u00bbfadeInDown\u00a0\u00bb link=\u00a0\u00bbhttps:\/\/unidis.fr\/portail\/malearningfab\/\u00a0\u00bb][vc_separator color=\u00a0\u00bbcustom\u00a0\u00bb align=\u00a0\u00bbalign_left\u00a0\u00bb border_width=\u00a0\u00bb3&Prime; el_width=\u00a0\u00bb10&Prime; accent_color=\u00a0\u00bb#163e75&Prime;][vc_column_text]<strong>MaLearningFab<\/strong> est la plateforme de formation digitale des branches professionnelles de l\u2019intersercteur papier carton et des industries graphiques. Cette plateforme permet aux entreprises et aux salaries des nos fili\u00e8res de se former.<\/p>\n<p><strong>Unidis Strat\u00e9gie &amp; Avenir<\/strong> propose ainsi un large panel de cours de formation \u00e0 distance et de formations hybrides qui associe :[\/vc_column_text][vc_row_inner equal_height=\u00a0\u00bbyes\u00a0\u00bb content_placement=\u00a0\u00bbmiddle\u00a0\u00bb gap=\u00a0\u00bb10&Prime; css=\u00a0\u00bb.vc_custom_1543489500310{padding-right: 10px !important;padding-left: 10px !important;}\u00a0\u00bb][vc_column_inner width=\u00a0\u00bb1\/3&Prime;][vc_column_text css_animation=\u00a0\u00bbfadeInRight\u00a0\u00bb css=\u00a0\u00bb.vc_custom_1543910885936{padding-top: 20px !important;padding-right: 20px !important;padding-bottom: 20px !important;padding-left: 20px !important;background-color: #6fb628 !important;border-radius: 10px !important;}\u00a0\u00bb]<\/p>\n<h5 style=\"text-align: center;\"><span style=\"color: #ffffff;\">LA FORMATION PR\u00c9SENTIELLE<\/span><\/h5>\n<p>[\/vc_column_text][\/vc_column_inner][vc_column_inner width=\u00a0\u00bb1\/3&Prime;][vc_column_text css_animation=\u00a0\u00bbfadeInUp\u00a0\u00bb css=\u00a0\u00bb.vc_custom_1543489440386{padding-top: 20px !important;padding-bottom: 20px !important;background-color: #00abe2 !important;border-radius: 10px !important;}\u00a0\u00bb]<\/p>\n<h5 style=\"text-align: center;\"><span style=\"color: #ffffff;\">LES MOOCS<br \/>\nMaLearningFab<\/span><\/h5>\n<p>[\/vc_column_text][\/vc_column_inner][vc_column_inner width=\u00a0\u00bb1\/3&Prime;][vc_column_text css_animation=\u00a0\u00bbfadeInLeft\u00a0\u00bb css=\u00a0\u00bb.vc_custom_1543489455130{padding-top: 20px !important;padding-bottom: 20px !important;background-color: #19427a !important;border-radius: 10px !important;}\u00a0\u00bb]<\/p>\n<h5 style=\"text-align: center;\"><span style=\"color: #ffffff;\">LES CLASSES<br \/>\nVIRTUELLES<\/span><\/h5>\n<p>[\/vc_column_text][\/vc_column_inner][\/vc_row_inner][vc_row_inner equal_height=\u00a0\u00bbyes\u00a0\u00bb content_placement=\u00a0\u00bbmiddle\u00a0\u00bb gap=\u00a0\u00bb10&Prime; css=\u00a0\u00bb.vc_custom_1543489500310{padding-right: 10px !important;padding-left: 10px !important;}\u00a0\u00bb][vc_column_inner width=\u00a0\u00bb1\/6&Prime;][\/vc_column_inner][vc_column_inner width=\u00a0\u00bb2\/3&Prime;][vc_single_image image=\u00a0\u00bb3928&Prime; img_size=\u00a0\u00bbfull\u00a0\u00bb alignment=\u00a0\u00bbcenter\u00a0\u00bb onclick=\u00a0\u00bbcustom_link\u00a0\u00bb img_link_target=\u00a0\u00bb_blank\u00a0\u00bb css_animation=\u00a0\u00bbfadeInDown\u00a0\u00bb link=\u00a0\u00bbhttps:\/\/unidis.riseup.ai\/\u00a0\u00bb][\/vc_column_inner][vc_column_inner width=\u00a0\u00bb1\/6&Prime;][\/vc_column_inner][\/vc_row_inner][vc_column_text]<\/p>\n<p style=\"text-align: center;\">Venez d\u00e9couvrir une innovation Unidis Strat\u00e9gie &amp; Avenir \u00ab\u00a0premier parcours multimodal certifiant\u00a0\u00bb :<\/p>\n<p style=\"text-align: center;\"><strong>\u00a0 Le CQP CET HYBRIDE<\/strong><\/p>\n<p>[\/vc_column_text][\/vc_column][\/vc_row][vc_row bg_type=\u00a0\u00bbbg_color\u00a0\u00bb bg_color_value=\u00a0\u00bb#ffffff\u00a0\u00bb][vc_column width=\u00a0\u00bb1\/4&Prime;][\/vc_column][vc_column width=\u00a0\u00bb3\/4&Prime;][vc_separator color=\u00a0\u00bbcustom\u00a0\u00bb align=\u00a0\u00bbalign_left\u00a0\u00bb border_width=\u00a0\u00bb3&Prime; el_width=\u00a0\u00bb10&Prime; accent_color=\u00a0\u00bb#163e75&Prime;][vc_empty_space height=\u00a0\u00bb60px\u00a0\u00bb][vc_column_text css_animation=\u00a0\u00bbfadeInDown\u00a0\u00bb el_class=\u00a0\u00bbjustify\u00a0\u00bb]<\/p>\n<p style=\"text-align: left;\"><strong>Cliquer sur les diff\u00e9rentes offres ci-dessous pour plus d&rsquo;information.<\/strong><\/p>\n<p>[\/vc_column_text][vc_row_inner content_placement=\u00a0\u00bbmiddle\u00a0\u00bb el_class=\u00a0\u00bbpastrentecinq\u00a0\u00bb css=\u00a0\u00bb.vc_custom_1543929862970{padding-right: 30px !important;padding-left: 30px !important;}\u00a0\u00bb][vc_column_inner width=\u00a0\u00bb1\/6&Prime;][vc_icon icon_fontawesome=\u00a0\u00bbfa fa-book\u00a0\u00bb color=\u00a0\u00bbcustom\u00a0\u00bb align=\u00a0\u00bbcenter\u00a0\u00bb css_animation=\u00a0\u00bbbounceIn\u00a0\u00bb custom_color=\u00a0\u00bb#8cbc30&Prime; css=\u00a0\u00bb.vc_custom_1543843577687{padding-top: 1px !important;padding-right: 1px !important;padding-bottom: 1px !important;padding-left: 1px !important;}\u00a0\u00bb][\/vc_column_inner][vc_column_inner width=\u00a0\u00bb1\/6&Prime;][vc_icon icon_fontawesome=\u00a0\u00bbfa fa-youtube-play\u00a0\u00bb color=\u00a0\u00bbcustom\u00a0\u00bb align=\u00a0\u00bbcenter\u00a0\u00bb css_animation=\u00a0\u00bbbounceIn\u00a0\u00bb custom_color=\u00a0\u00bb#1eb4d5&Prime; css=\u00a0\u00bb.vc_custom_1543843989195{padding-top: 1px !important;padding-right: 1px !important;padding-bottom: 1px !important;padding-left: 1px !important;}\u00a0\u00bb][\/vc_column_inner][vc_column_inner width=\u00a0\u00bb1\/6&Prime;][vc_icon icon_fontawesome=\u00a0\u00bbfa fa-building-o\u00a0\u00bb color=\u00a0\u00bbcustom\u00a0\u00bb align=\u00a0\u00bbcenter\u00a0\u00bb css_animation=\u00a0\u00bbbounceIn\u00a0\u00bb custom_color=\u00a0\u00bb#183f73&Prime; css=\u00a0\u00bb.vc_custom_1543844012988{padding-top: 1px !important;padding-right: 1px !important;padding-bottom: 1px !important;padding-left: 1px !important;}\u00a0\u00bb][\/vc_column_inner][vc_column_inner width=\u00a0\u00bb1\/6&Prime;][vc_icon icon_fontawesome=\u00a0\u00bbfa fa-pencil-square-o\u00a0\u00bb color=\u00a0\u00bbcustom\u00a0\u00bb align=\u00a0\u00bbcenter\u00a0\u00bb css_animation=\u00a0\u00bbbounceIn\u00a0\u00bb custom_color=\u00a0\u00bb#d14d94&Prime; css=\u00a0\u00bb.vc_custom_1543844041977{padding-top: 1px !important;padding-right: 1px !important;padding-bottom: 1px !important;padding-left: 1px !important;}\u00a0\u00bb][\/vc_column_inner][vc_column_inner width=\u00a0\u00bb1\/6&Prime;][vc_icon icon_fontawesome=\u00a0\u00bbfa fa-sitemap\u00a0\u00bb color=\u00a0\u00bbcustom\u00a0\u00bb align=\u00a0\u00bbcenter\u00a0\u00bb css_animation=\u00a0\u00bbbounceIn\u00a0\u00bb custom_color=\u00a0\u00bb#bf2b08&Prime; css=\u00a0\u00bb.vc_custom_1543930641947{padding-top: 1px !important;padding-right: 1px !important;padding-bottom: 1px !important;padding-left: 1px !important;}\u00a0\u00bb][\/vc_column_inner][vc_column_inner width=\u00a0\u00bb1\/6&Prime;][vc_icon icon_fontawesome=\u00a0\u00bbfa fa-graduation-cap\u00a0\u00bb color=\u00a0\u00bbcustom\u00a0\u00bb align=\u00a0\u00bbcenter\u00a0\u00bb css_animation=\u00a0\u00bbbounceIn\u00a0\u00bb custom_color=\u00a0\u00bb#d97c03&Prime; css=\u00a0\u00bb.vc_custom_1543930633989{padding-top: 1px !important;padding-right: 1px !important;padding-bottom: 1px !important;padding-left: 1px !important;}\u00a0\u00bb][\/vc_column_inner][\/vc_row_inner][vc_row_inner equal_height=\u00a0\u00bbyes\u00a0\u00bb content_placement=\u00a0\u00bbmiddle\u00a0\u00bb el_class=\u00a0\u00bbhuitpix\u00a0\u00bb css=\u00a0\u00bb.vc_custom_1543929870201{padding-right: 30px !important;padding-left: 30px !important;}\u00a0\u00bb][vc_column_inner width=\u00a0\u00bb1\/6&Prime;]<div class=\" ubtn-ctn-center \"><a class=\"ubtn-link ult-adjust-bottom-margin ubtn-center ubtn-block \" href=\"https:\/\/unidis.fr\/portail\/loffre-catalogue\/\" ><button type=\"button\" id=\"ubtn-6710\" class=\"ubtn ult-adjust-bottom-margin ult-responsive ubtn-block ubtn-center-dg-bg  ulta-hover  ubtn-center   tooltip-69e4c5b408c13 ubtn-block\"  data-hover=\"#ffffff\" data-border-color=\"#8bbe1e\" data-bg=\"#ffffff\" data-hover-bg=\"#8bbe1e\" data-border-hover=\"\" data-shadow-hover=\"\" data-shadow-click=\"none\" data-shadow=\"\" data-shd-shadow=\"\"  data-ultimate-target='#ubtn-6710'  data-responsive-json-new='{\"font-size\":\"desktop:13px;\",\"line-height\":\"\"}'  style=\"font-weight:bold;border-radius:20px;border-width:2px;border-color:#8bbe1e;border-style:solid;background: #ffffff;color: #8bbe1e;\"><span class=\"ubtn-data ubtn-icon\"><i class=\"none\" style=\"font-size:30px;color:#ffffff;\"><\/i><\/span><span class=\"ubtn-hover\" style=\"background-color:#8bbe1e\"><\/span><span class=\"ubtn-data ubtn-text \" >OFFRE CATALOGUE<\/span><\/button><\/a><\/div>[\/vc_column_inner][vc_column_inner el_class=\u00a0\u00bblettersp\u00a0\u00bb width=\u00a0\u00bb1\/6&Prime; css=\u00a0\u00bb.vc_custom_1543930563955{padding-right: 16px !important;padding-left: 16px !important;}\u00a0\u00bb]<div class=\" ubtn-ctn-center \"><a class=\"ubtn-link ult-adjust-bottom-margin ubtn-center ubtn-block \" href=\"https:\/\/unidis.fr\/portail\/loffre-digitale\/\" ><button type=\"button\" id=\"ubtn-9304\" class=\"ubtn ult-adjust-bottom-margin ult-responsive ubtn-block ubtn-center-dg-bg  ulta-hover  ubtn-center   tooltip-69e4c5b408c88 ubtn-block\"  data-hover=\"#ffffff\" data-border-color=\"#01b4d7\" data-bg=\"#ffffff\" data-hover-bg=\"#01b4d7\" data-border-hover=\"\" data-shadow-hover=\"\" data-shadow-click=\"none\" data-shadow=\"\" data-shd-shadow=\"\"  data-ultimate-target='#ubtn-9304'  data-responsive-json-new='{\"font-size\":\"desktop:13px;\",\"line-height\":\"\"}'  style=\"font-weight:bold;border-radius:20px;border-width:2px;border-color:#01b4d7;border-style:solid;background: #ffffff;color: #01b4d7;\"><span class=\"ubtn-data ubtn-icon\"><i class=\"none\" style=\"font-size:30px;color:#ffffff;\"><\/i><\/span><span class=\"ubtn-hover\" style=\"background-color:#01b4d7\"><\/span><span class=\"ubtn-data ubtn-text \" >OFFRE DIGITALE<\/span><\/button><\/a><\/div>[\/vc_column_inner][vc_column_inner width=\u00a0\u00bb1\/6&Prime;]<div class=\" ubtn-ctn-center \"><a class=\"ubtn-link ult-adjust-bottom-margin ubtn-center ubtn-block \" href=\"https:\/\/unidis.fr\/portail\/loffre-inter-entreprises\/\" ><button type=\"button\" id=\"ubtn-1668\" class=\"ubtn ult-adjust-bottom-margin ult-responsive ubtn-block ubtn-center-dg-bg  ulta-hover  ubtn-center   tooltip-69e4c5b408cb7 ubtn-block\"  data-hover=\"#ffffff\" data-border-color=\"#163e75\" data-bg=\"#ffffff\" data-hover-bg=\"#163e75\" data-border-hover=\"\" data-shadow-hover=\"\" data-shadow-click=\"none\" data-shadow=\"\" data-shd-shadow=\"\"  data-ultimate-target='#ubtn-1668'  data-responsive-json-new='{\"font-size\":\"desktop:13px;\",\"line-height\":\"\"}'  style=\"font-weight:bold;border-radius:20px;border-width:2px;border-color:#163e75;border-style:solid;background: #ffffff;color: #163e75;\"><span class=\"ubtn-data ubtn-icon\"><i class=\"none\" style=\"font-size:30px;color:#ffffff;\"><\/i><\/span><span class=\"ubtn-hover\" style=\"background-color:#163e75\"><\/span><span class=\"ubtn-data ubtn-text \" >OFFRE INTER-ENTREPRISES<\/span><\/button><\/a><\/div>[\/vc_column_inner][vc_column_inner width=\u00a0\u00bb1\/6&Prime;]<div class=\" ubtn-ctn-center \"><a class=\"ubtn-link ult-adjust-bottom-margin ubtn-center ubtn-block \" href=\"https:\/\/unidis.fr\/portail\/loffre-sur-mesure\/\" ><button type=\"button\" id=\"ubtn-4497\" class=\"ubtn ult-adjust-bottom-margin ult-responsive ubtn-block ubtn-center-dg-bg  ulta-hover  ubtn-center   tooltip-69e4c5b408cdf ubtn-block\"  data-hover=\"#ffffff\" data-border-color=\"#d34a95\" data-bg=\"#ffffff\" data-hover-bg=\"#d34a95\" data-border-hover=\"\" data-shadow-hover=\"\" data-shadow-click=\"none\" data-shadow=\"\" data-shd-shadow=\"\"  data-ultimate-target='#ubtn-4497'  data-responsive-json-new='{\"font-size\":\"desktop:13px;\",\"line-height\":\"\"}'  style=\"font-weight:bold;border-radius:20px;border-width:2px;border-color:#d34a95;border-style:solid;background: #ffffff;color: #d34a95;\"><span class=\"ubtn-data ubtn-icon\"><i class=\"none\" style=\"font-size:30px;color:#ffffff;\"><\/i><\/span><span class=\"ubtn-hover\" style=\"background-color:#d34a95\"><\/span><span class=\"ubtn-data ubtn-text \" >OFFRE SUR-MESURE<\/span><\/button><\/a><\/div>[\/vc_column_inner][vc_column_inner width=\u00a0\u00bb1\/6&Prime;]<div class=\" ubtn-ctn-center \"><a class=\"ubtn-link ult-adjust-bottom-margin ubtn-center ubtn-block \" href=\"https:\/\/unidis.fr\/portail\/les-dispositifs-de-branche\/\" ><button type=\"button\" id=\"ubtn-3311\" class=\"ubtn ult-adjust-bottom-margin ult-responsive ubtn-block ubtn-center-dg-bg  ulta-hover  ubtn-center   tooltip-69e4c5b408d07 ubtn-block\"  data-hover=\"#ffffff\" data-border-color=\"#bf2b08\" data-bg=\"#ffffff\" data-hover-bg=\"#bf2b08\" data-border-hover=\"\" data-shadow-hover=\"\" data-shadow-click=\"none\" data-shadow=\"\" data-shd-shadow=\"\"  data-ultimate-target='#ubtn-3311'  data-responsive-json-new='{\"font-size\":\"desktop:13px;\",\"line-height\":\"\"}'  style=\"font-weight:bold;border-radius:20px;border-width:2px;border-color:#bf2b08;border-style:solid;background: #ffffff;color: #bf2b08;\"><span class=\"ubtn-data ubtn-icon\"><i class=\"none\" style=\"font-size:30px;color:#ffffff;\"><\/i><\/span><span class=\"ubtn-hover\" style=\"background-color:#bf2b08\"><\/span><span class=\"ubtn-data ubtn-text \" >DISPOSITIFS DE BRANCHE<\/span><\/button><\/a><\/div>[\/vc_column_inner][vc_column_inner width=\u00a0\u00bb1\/6&Prime;]<div class=\" ubtn-ctn-center \"><a class=\"ubtn-link ult-adjust-bottom-margin ubtn-center ubtn-block \" href=\"https:\/\/unidis.fr\/portail\/loffre-de-certification\/\" ><button type=\"button\" id=\"ubtn-8108\" class=\"ubtn ult-adjust-bottom-margin ult-responsive ubtn-block ubtn-center-dg-bg  ulta-hover  ubtn-center   tooltip-69e4c5b408d2b ubtn-block\"  data-hover=\"#ffffff\" data-border-color=\"#d97c03\" data-bg=\"#ffffff\" data-hover-bg=\"#d97c03\" data-border-hover=\"\" data-shadow-hover=\"\" data-shadow-click=\"none\" data-shadow=\"\" data-shd-shadow=\"\"  data-ultimate-target='#ubtn-8108'  data-responsive-json-new='{\"font-size\":\"desktop:13px;\",\"line-height\":\"\"}'  style=\"font-weight:bold;border-radius:20px;border-width:2px;border-color:#d97c03;border-style:solid;background: #ffffff;color: #d97c03;\"><span class=\"ubtn-data ubtn-icon\"><i class=\"none\" style=\"font-size:30px;color:#ffffff;\"><\/i><\/span><span class=\"ubtn-hover\" style=\"background-color:#d97c03\"><\/span><span class=\"ubtn-data ubtn-text \" >OFFRE DE CERTIFICATION<\/span><\/button><\/a><\/div>[\/vc_column_inner][\/vc_row_inner][vc_empty_space height=\u00a0\u00bb60px\u00a0\u00bb][vc_separator color=\u00a0\u00bbcustom\u00a0\u00bb align=\u00a0\u00bbalign_left\u00a0\u00bb border_width=\u00a0\u00bb3&Prime; el_width=\u00a0\u00bb10&Prime; accent_color=\u00a0\u00bb#163e75&Prime;][\/vc_column][\/vc_row][vc_row bg_type=\u00a0\u00bbbg_color\u00a0\u00bb bg_color_value=\u00a0\u00bb#ffffff\u00a0\u00bb][vc_column width=\u00a0\u00bb1\/4&Prime;][\/vc_column][vc_column width=\u00a0\u00bb3\/4&Prime; css=\u00a0\u00bb.vc_custom_1543336856262{padding-right: 50px !important;padding-left: 50px !important;}\u00a0\u00bb][vc_empty_space height=\u00a0\u00bb120px\u00a0\u00bb][\/vc_column][\/vc_row]<\/p>\n<\/section>","protected":false},"excerpt":{"rendered":"<p>[vc_row bg_type=\u00a0\u00bbbg_color\u00a0\u00bb bg_color_value=\u00a0\u00bb#ffffff\u00a0\u00bb][vc_column parallax=\u00a0\u00bbcontent-moving\u00a0\u00bb css=\u00a0\u00bb.vc_custom_1555078384522{background-color: #ffffff !important;}\u00a0\u00bb offset=\u00a0\u00bbvc_hidden-lg vc_hidden-md vc_hidden-sm\u00a0\u00bb][vc_tta_accordion color=\u00a0\u00bbgreen\u00a0\u00bb c_icon=\u00a0\u00bb\u00a0\u00bb active_section=\u00a0\u00bb$\u00a0\u00bb collapsible_all=\u00a0\u00bbtrue\u00a0\u00bb][vc_tta_section i_icon_fontawesome=\u00a0\u00bbfa fa-bars\u00a0\u00bb add_icon=\u00a0\u00bbtrue\u00a0\u00bb title=\u00a0\u00bbMENU\u00a0\u00bb tab_id=\u00a0\u00bb1555076975667-ca4cfdf5-b7d3&Prime;][vc_wp_custommenu nav_menu=\u00a0\u00bb12&Prime;][\/vc_tta_section][\/vc_tta_accordion][\/vc_column][\/vc_row][vc_row bg_type=\u00a0\u00bbbg_color\u00a0\u00bb bg_color_value=\u00a0\u00bb#ffffff\u00a0\u00bb][vc_column width=\u00a0\u00bb1\/4&Prime; offset=\u00a0\u00bbvc_hidden-xs\u00a0\u00bb][vc_empty_space height=\u00a0\u00bb12px\u00a0\u00bb][vc_wp_custommenu nav_menu=\u00a0\u00bb12&Prime;][\/vc_column][vc_column width=\u00a0\u00bb3\/4&Prime; css=\u00a0\u00bb.vc_custom_1543336856262{padding-right: 50px !important;padding-left: 50px !important;}\u00a0\u00bb][vc_row_inner][vc_column_inner width=\u00a0\u00bb1\/6&Prime;][vc_icon icon_fontawesome=\u00a0\u00bbfa fa-youtube-play\u00a0\u00bb color=\u00a0\u00bbwhite\u00a0\u00bb background_style=\u00a0\u00bbrounded\u00a0\u00bb background_color=\u00a0\u00bbcustom\u00a0\u00bb css_animation=\u00a0\u00bbbounceIn\u00a0\u00bb custom_background_color=\u00a0\u00bb#1eb4d5&Prime;][\/vc_column_inner][vc_column_inner [&#8230;]<\/p>\n","protected":false},"author":4,"featured_media":0,"parent":0,"menu_order":0,"comment_status":"closed","ping_status":"closed","template":"","meta":{"_mi_skip_tracking":false,"_exactmetrics_sitenote_active":false,"_exactmetrics_sitenote_note":"","_exactmetrics_sitenote_category":0,"_monsterinsights_sitenote_active":false,"_monsterinsights_sitenote_note":"","_monsterinsights_sitenote_category":0,"footnotes":""},"aioseo_notices":[],"_links":{"self":[{"href":"https:\/\/unidis.fr\/portail\/wp-json\/wp\/v2\/pages\/3920"}],"collection":[{"href":"https:\/\/unidis.fr\/portail\/wp-json\/wp\/v2\/pages"}],"about":[{"href":"https:\/\/unidis.fr\/portail\/wp-json\/wp\/v2\/types\/page"}],"author":[{"embeddable":true,"href":"https:\/\/unidis.fr\/portail\/wp-json\/wp\/v2\/users\/4"}],"replies":[{"embeddable":true,"href":"https:\/\/unidis.fr\/portail\/wp-json\/wp\/v2\/comments?post=3920"}],"version-history":[{"count":13,"href":"https:\/\/unidis.fr\/portail\/wp-json\/wp\/v2\/pages\/3920\/revisions"}],"predecessor-version":[{"id":5473,"href":"https:\/\/unidis.fr\/portail\/wp-json\/wp\/v2\/pages\/3920\/revisions\/5473"}],"wp:attachment":[{"href":"https:\/\/unidis.fr\/portail\/wp-json\/wp\/v2\/media?parent=3920"}],"curies":[{"name":"wp","href":"https:\/\/api.w.org\/{rel}","templated":true}]}}