{"id":3880,"date":"2018-11-28T15:48:19","date_gmt":"2018-11-28T14:48:19","guid":{"rendered":"https:\/\/unidis.fr\/portail\/?page_id=3880"},"modified":"2026-03-17T10:09:14","modified_gmt":"2026-03-17T09:09:14","slug":"offre-ipc-formation","status":"publish","type":"page","link":"https:\/\/unidis.fr\/portail\/offre-ipc-formation\/","title":{"rendered":"L&rsquo;offre IPC FORMATION"},"content":{"rendered":"<section class=\"wpb-content-wrapper\"><p>[vc_row bg_type=\u00a0\u00bbbg_color\u00a0\u00bb bg_color_value=\u00a0\u00bb#ffffff\u00a0\u00bb][vc_column parallax=\u00a0\u00bbcontent-moving\u00a0\u00bb css=\u00a0\u00bb.vc_custom_1555078384522{background-color: #ffffff !important;}\u00a0\u00bb offset=\u00a0\u00bbvc_hidden-lg vc_hidden-md vc_hidden-sm\u00a0\u00bb][vc_tta_accordion color=\u00a0\u00bbgreen\u00a0\u00bb c_icon=\u00a0\u00bb\u00a0\u00bb active_section=\u00a0\u00bb$\u00a0\u00bb collapsible_all=\u00a0\u00bbtrue\u00a0\u00bb][vc_tta_section i_icon_fontawesome=\u00a0\u00bbfa fa-bars\u00a0\u00bb add_icon=\u00a0\u00bbtrue\u00a0\u00bb title=\u00a0\u00bbMENU\u00a0\u00bb tab_id=\u00a0\u00bb1555076975667-ca4cfdf5-b7d3&Prime;][vc_wp_custommenu nav_menu=\u00a0\u00bb12&Prime;][\/vc_tta_section][\/vc_tta_accordion][\/vc_column][\/vc_row][vc_row bg_type=\u00a0\u00bbbg_color\u00a0\u00bb bg_color_value=\u00a0\u00bb#ffffff\u00a0\u00bb][vc_column width=\u00a0\u00bb1\/4&Prime; offset=\u00a0\u00bbvc_hidden-xs\u00a0\u00bb][vc_empty_space height=\u00a0\u00bb12px\u00a0\u00bb][vc_wp_custommenu nav_menu=\u00a0\u00bb12&Prime;][\/vc_column][vc_column width=\u00a0\u00bb3\/4&Prime; css=\u00a0\u00bb.vc_custom_1543336856262{padding-right: 50px !important;padding-left: 50px !important;}\u00a0\u00bb][vc_custom_heading source=\u00a0\u00bbpost_title\u00a0\u00bb font_container=\u00a0\u00bbtag:h3|text_align:left\u00a0\u00bb use_theme_fonts=\u00a0\u00bbyes\u00a0\u00bb css_animation=\u00a0\u00bbnone\u00a0\u00bb][vc_separator color=\u00a0\u00bbcustom\u00a0\u00bb align=\u00a0\u00bbalign_left\u00a0\u00bb border_width=\u00a0\u00bb3&Prime; el_width=\u00a0\u00bb10&Prime; accent_color=\u00a0\u00bb#163e75&Prime;][vc_column_text css_animation=\u00a0\u00bbnone\u00a0\u00bb el_class=\u00a0\u00bbjustify\u00a0\u00bb]<\/p>\n<p style=\"text-align: justify;\">IPC FORMATION propose une offre compl\u00e8te sp\u00e9cifique aux m\u00e9tiers de l\u2019IPC selon plusieurs modalit\u00e9s (intra\/inter\/digitale) et pour tous les publics (salari\u00e9s, int\u00e9rimaires, contrats de professionnalisation, demandeurs d\u2019emploi\u2026).<\/p>\n<p>[\/vc_column_text][vc_custom_heading text=\u00a0\u00bbCatalogue 2026-2027&Prime; font_container=\u00a0\u00bbtag:h3|text_align:left\u00a0\u00bb use_theme_fonts=\u00a0\u00bbyes\u00a0\u00bb css_animation=\u00a0\u00bbnone\u00a0\u00bb][vc_separator color=\u00a0\u00bbcustom\u00a0\u00bb align=\u00a0\u00bbalign_left\u00a0\u00bb border_width=\u00a0\u00bb3&Prime; el_width=\u00a0\u00bb10&Prime; accent_color=\u00a0\u00bb#163e75&Prime;][vc_single_image image=\u00a0\u00bb9296&Prime; img_size=\u00a0\u00bblarge\u00a0\u00bb onclick=\u00a0\u00bbcustom_link\u00a0\u00bb img_link_target=\u00a0\u00bb_blank\u00a0\u00bb link=\u00a0\u00bbhttps:\/\/unidis.fr\/portail\/wp-content\/uploads\/2025\/12\/IPC-FORMATION_CATALOGUE_VF_WEB.pdf\u00a0\u00bb][vc_row_inner][vc_column_inner width=\u00a0\u00bb1\/2&Prime;][vc_btn title=\u00a0\u00bbVoir le catalogue PDF\u00a0\u00bb style=\u00a0\u00bbcustom\u00a0\u00bb custom_background=\u00a0\u00bb#163e75&Prime; custom_text=\u00a0\u00bb#ffffff\u00a0\u00bb size=\u00a0\u00bblg\u00a0\u00bb align=\u00a0\u00bbleft\u00a0\u00bb i_icon_fontawesome=\u00a0\u00bbfas fa-search-plus\u00a0\u00bb add_icon=\u00a0\u00bbtrue\u00a0\u00bb link=\u00a0\u00bburl:https%3A%2F%2Funidis.fr%2Fportail%2Fwp-content%2Fuploads%2F2025%2F12%2FIPC-FORMATION_CATALOGUE_VF_WEB.pdf|target:_blank\u00a0\u00bb][\/vc_column_inner][vc_column_inner width=\u00a0\u00bb1\/2&Prime;][\/vc_column_inner][\/vc_row_inner][vc_empty_space height=\u00a0\u00bb10px\u00a0\u00bb][vc_custom_heading text=\u00a0\u00bbR\u00e8glement int\u00e9rieur\u00a0\u00bb font_container=\u00a0\u00bbtag:h3|text_align:left\u00a0\u00bb use_theme_fonts=\u00a0\u00bbyes\u00a0\u00bb css_animation=\u00a0\u00bbnone\u00a0\u00bb][vc_separator color=\u00a0\u00bbcustom\u00a0\u00bb align=\u00a0\u00bbalign_left\u00a0\u00bb border_width=\u00a0\u00bb3&Prime; el_width=\u00a0\u00bb10&Prime; accent_color=\u00a0\u00bb#163e75&Prime;][vc_btn title=\u00a0\u00bbT\u00e9l\u00e9charger notre r\u00e8glement int\u00e9rieur\u00a0\u00bb style=\u00a0\u00bbcustom\u00a0\u00bb custom_background=\u00a0\u00bb#163e75&Prime; custom_text=\u00a0\u00bb#ffffff\u00a0\u00bb size=\u00a0\u00bblg\u00a0\u00bb align=\u00a0\u00bbleft\u00a0\u00bb i_icon_fontawesome=\u00a0\u00bb\u00a0\u00bb add_icon=\u00a0\u00bbtrue\u00a0\u00bb link=\u00a0\u00bburl:https%3A%2F%2Funidis.fr%2Fportail%2Fwp-content%2Fuploads%2F2026%2F03%2FReglement-interieur-de-lorganisme-de-formation-IPC-FORMATION-V3-050126-signe.pdf|target:_blank\u00a0\u00bb][vc_empty_space height=\u00a0\u00bb10px\u00a0\u00bb][vc_custom_heading text=\u00a0\u00bbEngagement des stagiaires\u00a0\u00bb font_container=\u00a0\u00bbtag:h3|text_align:left\u00a0\u00bb use_theme_fonts=\u00a0\u00bbyes\u00a0\u00bb css_animation=\u00a0\u00bbnone\u00a0\u00bb][vc_separator color=\u00a0\u00bbcustom\u00a0\u00bb align=\u00a0\u00bbalign_left\u00a0\u00bb border_width=\u00a0\u00bb3&Prime; el_width=\u00a0\u00bb10&Prime; accent_color=\u00a0\u00bb#163e75&Prime;][vc_single_image image=\u00a0\u00bb8100&Prime; img_size=\u00a0\u00bblarge\u00a0\u00bb onclick=\u00a0\u00bblink_image\u00a0\u00bb][vc_btn title=\u00a0\u00bbT\u00e9l\u00e9charger l&rsquo;engagement des stagiaires\u00a0\u00bb style=\u00a0\u00bbcustom\u00a0\u00bb custom_background=\u00a0\u00bb#163e75&Prime; custom_text=\u00a0\u00bb#ffffff\u00a0\u00bb size=\u00a0\u00bblg\u00a0\u00bb align=\u00a0\u00bbleft\u00a0\u00bb i_icon_fontawesome=\u00a0\u00bb\u00a0\u00bb add_icon=\u00a0\u00bbtrue\u00a0\u00bb link=\u00a0\u00bburl:https%3A%2F%2Funidis.fr%2Fportail%2Fwp-content%2Fuploads%2F2026%2F03%2FProcedure-pour-favoriser-lengagement-des-stagiaires-V5-20-02-26.pdf|target:_blank\u00a0\u00bb][vc_empty_space height=\u00a0\u00bb10px\u00a0\u00bb][vc_custom_heading text=\u00a0\u00bbPublic en situation de handicap\u00a0\u00bb font_container=\u00a0\u00bbtag:h3|text_align:left\u00a0\u00bb use_theme_fonts=\u00a0\u00bbyes\u00a0\u00bb css_animation=\u00a0\u00bbnone\u00a0\u00bb][vc_separator color=\u00a0\u00bbcustom\u00a0\u00bb align=\u00a0\u00bbalign_left\u00a0\u00bb border_width=\u00a0\u00bb3&Prime; el_width=\u00a0\u00bb10&Prime; accent_color=\u00a0\u00bb#163e75&Prime;][vc_column_text]Dans le cadre de son engagement \u00e9thique et responsable, IPC FORMATION \u00e9tudie toutes les situations particuli\u00e8res des personnes inscrites \u00e0 ses formations, en mobilisant son r\u00e9seau de partenaires labellis\u00e9s acteurs sur le champ du handicap, dont CCI CHARENTE FORMATION et le CFA PAPETIER de G\u00e9rardmer.<\/p>\n<p>Pour toute demande sp\u00e9cifique, IPC FORMATION confie \u00e0 son partenaire CFA PAPETIER la mission de r\u00e9f\u00e9rent handicap pour la formation continue dans l\u2019IPC.[\/vc_column_text][vc_empty_space height=\u00a0\u00bb10px\u00a0\u00bb][vc_custom_heading text=\u00a0\u00bbInformations pratiques\u00a0\u00bb font_container=\u00a0\u00bbtag:h3|text_align:left\u00a0\u00bb use_theme_fonts=\u00a0\u00bbyes\u00a0\u00bb css_animation=\u00a0\u00bbnone\u00a0\u00bb][vc_separator color=\u00a0\u00bbcustom\u00a0\u00bb align=\u00a0\u00bbalign_left\u00a0\u00bb border_width=\u00a0\u00bb3&Prime; el_width=\u00a0\u00bb10&Prime; accent_color=\u00a0\u00bb#163e75&Prime;][vc_column_text]<strong>Tarification<\/strong><\/p>\n<p><strong>Formation les \u00ab Les essentiels du Papier Carton \u00bb :<\/strong><\/p>\n<ul>\n<li>Entreprises adh\u00e9rentes \u00e0 nos f\u00e9d\u00e9rations membres : 400 \u20ac HT par jour et par stagiaire<\/li>\n<li>Entreprises non adh\u00e9rentes \u00e0 nos f\u00e9d\u00e9rations membres : 600 \u20ac HT par jour et par stagiaire<\/li>\n<\/ul>\n<p><strong>Formation en Inter :<\/strong><\/p>\n<ul>\n<li>Se r\u00e9f\u00e9rer \u00e0 la programmation des sessions sur la\u00a0<a href=\"https:\/\/unidis.fr\/portail\/les-formations-en-inter\/\" target=\"_blank\" rel=\"noopener\" data-saferedirecturl=\"https:\/\/www.google.com\/url?q=https:\/\/unidis.fr\/portail\/les-formations-en-inter\/&amp;source=gmail&amp;ust=1773824865700000&amp;usg=AOvVaw1kjrnM38JuZm6DlO7OxVxP\">page d\u00e9di\u00e9e aux formations inter<\/a><\/li>\n<\/ul>\n<p><strong>Formation<\/strong><\/p>\n<ul>\n<li>Convocation : elle est adress\u00e9e au participant 15 jours avant la formation.<\/li>\n<li>Une convention de formation ainsi qu\u2019une attestation de participation sont \u00e9tablies.<\/li>\n<li>Toute annulation peut \u00eatre faite sans frais si elle parvient \u00e0 IPC FORMATION au moins 10 jours avant le d\u00e9but de la formation.<\/li>\n<li>Pour toute annulation faite moins de 10 jours avant la formation, IPC FORMATION facturera un d\u00e9bit de 50% des frais de formation, montant non imputable \u00e0 la contribution financi\u00e8re obligatoire de formation.<\/li>\n<li>En cas d\u2019absence ou d\u2019abandon en cours de stage, ce dernier est payable en totalit\u00e9.<\/li>\n<li>Toute inscription est soumise aux pr\u00e9sentes conditions g\u00e9n\u00e9rales de vente.<\/li>\n<\/ul>\n<p>[\/vc_column_text][vc_empty_space height=\u00a0\u00bb10px\u00a0\u00bb][vc_custom_heading text=\u00a0\u00bbAdh\u00e9sion\u00a0\u00bb font_container=\u00a0\u00bbtag:h3|text_align:left\u00a0\u00bb use_theme_fonts=\u00a0\u00bbyes\u00a0\u00bb css_animation=\u00a0\u00bbnone\u00a0\u00bb][vc_empty_space height=\u00a0\u00bb10px\u00a0\u00bb][vc_separator color=\u00a0\u00bbcustom\u00a0\u00bb align=\u00a0\u00bbalign_left\u00a0\u00bb border_width=\u00a0\u00bb3&Prime; el_width=\u00a0\u00bb10&Prime; accent_color=\u00a0\u00bb#163e75&Prime;][vc_column_text]Association loi 1901, IPC FORMATION est l\u2019organisme de formation des entreprises de l\u2019Industrie Papier Carton. Les membres de l\u2019association sont donc les entreprises qui b\u00e9n\u00e9ficient de l\u2019offre IPC FORMATION.<\/p>\n<p>La cotisation en 2025 s\u2019\u00e9l\u00e8ve \u00e0 100 \u20ac pour les \u00e9tablissements adh\u00e9rents \u00e0 nos f\u00e9d\u00e9rations professionnelles et 200 \u20ac pour les \u00e9tablissements non adh\u00e9rents.[\/vc_column_text][vc_empty_space height=\u00a0\u00bb10px\u00a0\u00bb][vc_custom_heading text=\u00a0\u00bbConseils et inscriptions\u00a0\u00bb font_container=\u00a0\u00bbtag:h3|text_align:left\u00a0\u00bb use_theme_fonts=\u00a0\u00bbyes\u00a0\u00bb css_animation=\u00a0\u00bbnone\u00a0\u00bb][vc_separator color=\u00a0\u00bbcustom\u00a0\u00bb align=\u00a0\u00bbalign_left\u00a0\u00bb border_width=\u00a0\u00bb3&Prime; el_width=\u00a0\u00bb10&Prime; accent_color=\u00a0\u00bb#163e75&Prime;][vc_column_text]<strong>IPC FORMATION<\/strong><br \/>\n23, rue d\u2019Aumale, 75009 Paris<br \/>\nTel : 01 53 89 24 70<br \/>\n<a href=\"mailto:contact@ipc-formation.fr\">contact@ipc-formation.fr<\/a><br \/>\n<a href=\"https:\/\/unidis.fr\/portail\/\">www.unidis.fr<\/a>[\/vc_column_text][vc_empty_space][\/vc_column][\/vc_row][vc_row full_width=\u00a0\u00bbstretch_row\u00a0\u00bb bg_type=\u00a0\u00bbimage\u00a0\u00bb css=\u00a0\u00bb.vc_custom_1701165703191{background-image: url(https:\/\/unidis.fr\/portail\/wp-content\/uploads\/2023\/11\/Footer-1.webp?id=8241) !important;background-position: center !important;background-repeat: no-repeat !important;background-size: contain !important;}\u00a0\u00bb][vc_column][vc_row_inner][vc_column_inner width=\u00a0\u00bb1\/3&Prime;][vc_column_text css=\u00a0\u00bb.vc_custom_1701163668254{margin-bottom: 15px !important;padding-top: 20px !important;background-position: 0 0 !important;background-repeat: no-repeat !important;}\u00a0\u00bb]<img decoding=\"async\" loading=\"lazy\" class=\"attachment-large size-large wp-image-9\" src=\"https:\/\/www.industriepapiercarton.fr\/wp-content\/uploads\/2022\/10\/Cercle-titres-1.svg\" alt=\"\" width=\"34\" height=\"34\" \/>[\/vc_column_text][vc_column_text css=\u00a0\u00bb.vc_custom_1705485020642{background-position: 0 0 !important;background-repeat: no-repeat !important;}\u00a0\u00bb]<strong>L\u2019IPC Formation<\/strong> participe activement aux actions port\u00e9es par la marque <strong>IPC &#8211; Naturellement Papier Carton<\/strong>, marque qui promeut les m\u00e9tiers de la fili\u00e8re et ses activit\u00e9s, notamment \u00e0 destination du jeune public.[\/vc_column_text][\/vc_column_inner][vc_column_inner width=\u00a0\u00bb1\/3&Prime; css=\u00a0\u00bb.vc_custom_1701167758401{padding-left: 100px !important;}\u00a0\u00bb][vc_column_text css=\u00a0\u00bb.vc_custom_1701163681855{margin-bottom: 15px !important;padding-top: 20px !important;background-position: 0 0 !important;background-repeat: no-repeat !important;}\u00a0\u00bb]<img decoding=\"async\" loading=\"lazy\" class=\"attachment-large size-large wp-image-9\" src=\"https:\/\/www.industriepapiercarton.fr\/wp-content\/uploads\/2022\/10\/Decor-cercle-ondulation-1.svg\" alt=\"\" width=\"34\" height=\"34\" \/>[\/vc_column_text][vc_column_text]Suivez-nous sur LinkedIn :<br \/>\n<a href=\"https:\/\/www.linkedin.com\/company\/unidis-papier-carton\" target=\"_blank\" rel=\"noopener\"><img decoding=\"async\" loading=\"lazy\" class=\"size-full wp-image-8249 aligncenter alignleft\" src=\"https:\/\/unidis.fr\/portail\/wp-content\/uploads\/2023\/11\/linkedin.png\" alt=\"\" width=\"30\" height=\"30\" \/><\/a>[\/vc_column_text][\/vc_column_inner][vc_column_inner width=\u00a0\u00bb1\/3&Prime;][vc_single_image image=\u00a0\u00bb8237&Prime; img_size=\u00a0\u00bbfull\u00a0\u00bb onclick=\u00a0\u00bbcustom_link\u00a0\u00bb img_link_target=\u00a0\u00bb_blank\u00a0\u00bb css=\u00a0\u00bb.vc_custom_1701164061419{padding-top: 30px !important;}\u00a0\u00bb link=\u00a0\u00bbhttps:\/\/www.industriepapiercarton.fr\u00a0\u00bb][\/vc_column_inner][\/vc_row_inner][vc_row_inner][vc_column_inner width=\u00a0\u00bb1\/3&Prime;][\/vc_column_inner][vc_column_inner width=\u00a0\u00bb1\/3&Prime;][\/vc_column_inner][vc_column_inner width=\u00a0\u00bb1\/3&Prime;][\/vc_column_inner][\/vc_row_inner][vc_row_inner][vc_column_inner width=\u00a0\u00bb1\/2&Prime;][vc_column_text el_class=\u00a0\u00bb.footersmall\u00a0\u00bb]<a href=\"https:\/\/unidis.fr\/portail\/mentions-legales\/\">Mentions l\u00e9gales<\/a> \u00b7 <a href=\"https:\/\/unidis.fr\/portail\/politique-de-confidentialite\/\">Politique de confidentialit\u00e9 et cookies <\/a>[\/vc_column_text][\/vc_column_inner][vc_column_inner width=\u00a0\u00bb1\/2&Prime;][vc_column_text el_class=\u00a0\u00bb.footersmall\u00a0\u00bb]<\/p>\n<p style=\"text-align: right;\">Copyright 2024 Unidis &#8211; Tous droits r\u00e9serv\u00e9s.<\/p>\n<p>[\/vc_column_text][\/vc_column_inner][\/vc_row_inner][\/vc_column][\/vc_row]<\/p>\n<\/section>","protected":false},"excerpt":{"rendered":"<p>[vc_row bg_type=\u00a0\u00bbbg_color\u00a0\u00bb bg_color_value=\u00a0\u00bb#ffffff\u00a0\u00bb][vc_column parallax=\u00a0\u00bbcontent-moving\u00a0\u00bb css=\u00a0\u00bb.vc_custom_1555078384522{background-color: #ffffff !important;}\u00a0\u00bb offset=\u00a0\u00bbvc_hidden-lg vc_hidden-md vc_hidden-sm\u00a0\u00bb][vc_tta_accordion color=\u00a0\u00bbgreen\u00a0\u00bb c_icon=\u00a0\u00bb\u00a0\u00bb active_section=\u00a0\u00bb$\u00a0\u00bb collapsible_all=\u00a0\u00bbtrue\u00a0\u00bb][vc_tta_section i_icon_fontawesome=\u00a0\u00bbfa fa-bars\u00a0\u00bb add_icon=\u00a0\u00bbtrue\u00a0\u00bb title=\u00a0\u00bbMENU\u00a0\u00bb tab_id=\u00a0\u00bb1555076975667-ca4cfdf5-b7d3&Prime;][vc_wp_custommenu nav_menu=\u00a0\u00bb12&Prime;][\/vc_tta_section][\/vc_tta_accordion][\/vc_column][\/vc_row][vc_row bg_type=\u00a0\u00bbbg_color\u00a0\u00bb bg_color_value=\u00a0\u00bb#ffffff\u00a0\u00bb][vc_column width=\u00a0\u00bb1\/4&Prime; offset=\u00a0\u00bbvc_hidden-xs\u00a0\u00bb][vc_empty_space height=\u00a0\u00bb12px\u00a0\u00bb][vc_wp_custommenu nav_menu=\u00a0\u00bb12&Prime;][\/vc_column][vc_column width=\u00a0\u00bb3\/4&Prime; css=\u00a0\u00bb.vc_custom_1543336856262{padding-right: 50px !important;padding-left: 50px !important;}\u00a0\u00bb][vc_custom_heading source=\u00a0\u00bbpost_title\u00a0\u00bb font_container=\u00a0\u00bbtag:h3|text_align:left\u00a0\u00bb use_theme_fonts=\u00a0\u00bbyes\u00a0\u00bb css_animation=\u00a0\u00bbnone\u00a0\u00bb][vc_separator color=\u00a0\u00bbcustom\u00a0\u00bb align=\u00a0\u00bbalign_left\u00a0\u00bb border_width=\u00a0\u00bb3&Prime; el_width=\u00a0\u00bb10&Prime; [&#8230;]<\/p>\n","protected":false},"author":4,"featured_media":0,"parent":0,"menu_order":0,"comment_status":"closed","ping_status":"closed","template":"","meta":{"_mi_skip_tracking":false,"_exactmetrics_sitenote_active":false,"_exactmetrics_sitenote_note":"","_exactmetrics_sitenote_category":0,"_monsterinsights_sitenote_active":false,"_monsterinsights_sitenote_note":"","_monsterinsights_sitenote_category":0,"footnotes":""},"aioseo_notices":[],"_links":{"self":[{"href":"https:\/\/unidis.fr\/portail\/wp-json\/wp\/v2\/pages\/3880"}],"collection":[{"href":"https:\/\/unidis.fr\/portail\/wp-json\/wp\/v2\/pages"}],"about":[{"href":"https:\/\/unidis.fr\/portail\/wp-json\/wp\/v2\/types\/page"}],"author":[{"embeddable":true,"href":"https:\/\/unidis.fr\/portail\/wp-json\/wp\/v2\/users\/4"}],"replies":[{"embeddable":true,"href":"https:\/\/unidis.fr\/portail\/wp-json\/wp\/v2\/comments?post=3880"}],"version-history":[{"count":121,"href":"https:\/\/unidis.fr\/portail\/wp-json\/wp\/v2\/pages\/3880\/revisions"}],"predecessor-version":[{"id":9620,"href":"https:\/\/unidis.fr\/portail\/wp-json\/wp\/v2\/pages\/3880\/revisions\/9620"}],"wp:attachment":[{"href":"https:\/\/unidis.fr\/portail\/wp-json\/wp\/v2\/media?parent=3880"}],"curies":[{"name":"wp","href":"https:\/\/api.w.org\/{rel}","templated":true}]}}