{"id":3863,"date":"2018-11-28T14:50:43","date_gmt":"2018-11-28T13:50:43","guid":{"rendered":"https:\/\/unidis.fr\/portail\/?page_id=3863"},"modified":"2026-03-05T10:49:49","modified_gmt":"2026-03-05T09:49:49","slug":"ipc-formation-lequipe","status":"publish","type":"page","link":"https:\/\/unidis.fr\/portail\/ipc-formation-lequipe\/","title":{"rendered":"IPC Formation -L&rsquo;\u00e9quipe"},"content":{"rendered":"<section class=\"wpb-content-wrapper\"><p>[vc_row bg_type=\u00a0\u00bbbg_color\u00a0\u00bb bg_color_value=\u00a0\u00bb#ffffff\u00a0\u00bb][vc_column parallax=\u00a0\u00bbcontent-moving\u00a0\u00bb css=\u00a0\u00bb.vc_custom_1555078384522{background-color: #ffffff !important;}\u00a0\u00bb offset=\u00a0\u00bbvc_hidden-lg vc_hidden-md vc_hidden-sm\u00a0\u00bb][vc_tta_accordion color=\u00a0\u00bbgreen\u00a0\u00bb c_icon=\u00a0\u00bb\u00a0\u00bb active_section=\u00a0\u00bb$\u00a0\u00bb collapsible_all=\u00a0\u00bbtrue\u00a0\u00bb][vc_tta_section i_icon_fontawesome=\u00a0\u00bbfa fa-bars\u00a0\u00bb add_icon=\u00a0\u00bbtrue\u00a0\u00bb title=\u00a0\u00bbMENU\u00a0\u00bb tab_id=\u00a0\u00bb1555076975667-ca4cfdf5-b7d3&Prime;][vc_wp_custommenu nav_menu=\u00a0\u00bb12&Prime;][\/vc_tta_section][\/vc_tta_accordion][\/vc_column][\/vc_row][vc_row bg_type=\u00a0\u00bbbg_color\u00a0\u00bb bg_color_value=\u00a0\u00bb#ffffff\u00a0\u00bb][vc_column width=\u00a0\u00bb1\/4&Prime; offset=\u00a0\u00bbvc_hidden-xs\u00a0\u00bb][vc_empty_space height=\u00a0\u00bb12px\u00a0\u00bb][vc_wp_custommenu nav_menu=\u00a0\u00bb12&Prime;][\/vc_column][vc_column width=\u00a0\u00bb3\/4&Prime; css=\u00a0\u00bb.vc_custom_1543336856262{padding-right: 50px !important;padding-left: 50px !important;}\u00a0\u00bb][vc_custom_heading text=\u00a0\u00bbL&rsquo;\u00e9quipe\u00a0\u00bb font_container=\u00a0\u00bbtag:h3|text_align:left\u00a0\u00bb use_theme_fonts=\u00a0\u00bbyes\u00a0\u00bb][vc_separator color=\u00a0\u00bbcustom\u00a0\u00bb align=\u00a0\u00bbalign_left\u00a0\u00bb border_width=\u00a0\u00bb3&Prime; el_width=\u00a0\u00bb10&Prime; accent_color=\u00a0\u00bb#163e75&Prime;][vc_column_text css_animation=\u00a0\u00bbnone\u00a0\u00bb el_class=\u00a0\u00bbjustify\u00a0\u00bb]IPC FORMATION est l\u2019organisme de formation continue de branche. Sa gouvernance est constitu\u00e9e des f\u00e9d\u00e9rations professionnelles patronales de l\u2019Industrie Papier Carton. L\u2019\u00e9coute, la r\u00e9activit\u00e9 et la proximit\u00e9 sont les principaux atouts de l\u2019\u00e9quipe qui s\u2019appuie sur le r\u00e9seau des partenaires labellis\u00e9s, organismes de formation experts des m\u00e9tiers du Papier Carton.[\/vc_column_text][vc_empty_space][vc_row_inner content_placement=\u00a0\u00bbmiddle\u00a0\u00bb][vc_column_inner width=\u00a0\u00bb1\/4&Prime;][vc_single_image image=\u00a0\u00bb9589&Prime; img_size=\u00a0\u00bbfull\u00a0\u00bb css_animation=\u00a0\u00bbfadeInLeft\u00a0\u00bb][\/vc_column_inner][vc_column_inner width=\u00a0\u00bb1\/4&Prime;][vc_column_text]<\/p>\n<p style=\"text-align: left;\"><strong>Alexandrine SANNIEZ<\/strong><\/p>\n<p style=\"text-align: left;\">Responsable Administrative et Financi\u00e8re<\/p>\n<p>[\/vc_column_text][\/vc_column_inner][vc_column_inner width=\u00a0\u00bb1\/2&Prime;]<div class=\"uavc-list-icon uavc-list-icon-wrapper ult-adjust-bottom-margin   \"><ul class=\"uavc-list\"><li><div class=\"uavc-list-content\" id=\"list-icon-wrap-2994\">\n<div class=\"uavc-list-icon  \" data-animation=\"\" data-animation-delay=\"03\" style=\"margin-right:5px;\"><div class=\"ult-just-icon-wrapper  \"><div class=\"align-icon\" style=\"text-align:center;\">\n<div class=\"aio-icon circle \"  style=\"color:#9ace00;background:#ffffff;font-size:18px;display:inline-block;\">\n\t<i class=\"Defaults-envelope-o\"><\/i>\n<\/div><\/div><\/div>\n<\/div><span  data-ultimate-target='#list-icon-wrap-2994 .uavc-list-desc'  data-responsive-json-new='{\"font-size\":\"\",\"line-height\":\"\"}'  class=\"uavc-list-desc ult-responsive\" style=\"\"><a href=\"mailto:alexandrine.sanniez@ipc-formation.fr\">alexandrine.sanniez@ipc-formation.fr<\/a><\/span><\/div><\/li><li><div class=\"uavc-list-content\" id=\"list-icon-wrap-4516\">\n<div class=\"uavc-list-icon  \" data-animation=\"\" data-animation-delay=\"03\" style=\"margin-right:5px;\"><div class=\"ult-just-icon-wrapper  \"><div class=\"align-icon\" style=\"text-align:center;\">\n<div class=\"aio-icon circle \"  style=\"color:#9ace00;background:#ffffff;font-size:18px;display:inline-block;\">\n\t<i class=\"Defaults-phone\"><\/i>\n<\/div><\/div><\/div>\n<\/div><span  data-ultimate-target='#list-icon-wrap-4516 .uavc-list-desc'  data-responsive-json-new='{\"font-size\":\"\",\"line-height\":\"\"}'  class=\"uavc-list-desc ult-responsive\" style=\"\">01 53 89 24 70<\/span><\/div><\/li><li><div class=\"uavc-list-content\" id=\"list-icon-wrap-2194\"><span  data-ultimate-target='#list-icon-wrap-2194 .uavc-list-desc'  data-responsive-json-new='{\"font-size\":\"\",\"line-height\":\"\"}'  class=\"uavc-list-desc ult-responsive\" style=\"\"><\/span><\/div><\/li><\/ul><\/div>[\/vc_column_inner][\/vc_row_inner][vc_row_inner content_placement=\u00a0\u00bbmiddle\u00a0\u00bb][vc_column_inner width=\u00a0\u00bb1\/4&Prime;][\/vc_column_inner][vc_column_inner width=\u00a0\u00bb3\/4&Prime;][vc_column_text]<\/p>\n<blockquote>\n<p>Alexandrine Sanniez est \u00e0 votre \u00e9coute pour l\u2019\u00e9tablissement de vos conventions, les questions administratives.<\/p>\n<\/blockquote>\n<p>[\/vc_column_text][\/vc_column_inner][\/vc_row_inner][vc_empty_space height=\u00a0\u00bb30px\u00a0\u00bb][vc_separator color=\u00a0\u00bbcustom\u00a0\u00bb align=\u00a0\u00bbalign_left\u00a0\u00bb border_width=\u00a0\u00bb3&Prime; el_width=\u00a0\u00bb10&Prime; accent_color=\u00a0\u00bb#163e75&Prime;][vc_row_inner content_placement=\u00a0\u00bbmiddle\u00a0\u00bb][vc_column_inner width=\u00a0\u00bb1\/4&Prime;][vc_single_image image=\u00a0\u00bb9590&Prime; img_size=\u00a0\u00bbfull\u00a0\u00bb css_animation=\u00a0\u00bbfadeInLeft\u00a0\u00bb][\/vc_column_inner][vc_column_inner width=\u00a0\u00bb1\/4&Prime;][vc_column_text]<\/p>\n<p style=\"text-align: left;\"><strong>Isabelle MARGAIN<\/strong><\/p>\n<p style=\"text-align: left;\">Directrice<\/p>\n<p>[\/vc_column_text][\/vc_column_inner][vc_column_inner width=\u00a0\u00bb1\/2&Prime;]<div class=\"uavc-list-icon uavc-list-icon-wrapper ult-adjust-bottom-margin   \"><ul class=\"uavc-list\"><li><div class=\"uavc-list-content\" id=\"list-icon-wrap-6025\">\n<div class=\"uavc-list-icon  \" data-animation=\"\" data-animation-delay=\"03\" style=\"margin-right:5px;\"><div class=\"ult-just-icon-wrapper  \"><div class=\"align-icon\" style=\"text-align:center;\">\n<div class=\"aio-icon circle \"  style=\"color:#9ace00;background:#ffffff;font-size:18px;display:inline-block;\">\n\t<i class=\"Defaults-envelope-o\"><\/i>\n<\/div><\/div><\/div>\n<\/div><span  data-ultimate-target='#list-icon-wrap-6025 .uavc-list-desc'  data-responsive-json-new='{\"font-size\":\"\",\"line-height\":\"\"}'  class=\"uavc-list-desc ult-responsive\" style=\"\"><a href=\"mailto:isabelle.margain@ipc-formation.fr\">isabelle.margain@ipc-formation.fr<\/a><\/span><\/div><\/li><\/ul><\/div>[\/vc_column_inner][\/vc_row_inner][vc_row_inner content_placement=\u00a0\u00bbmiddle\u00a0\u00bb][vc_column_inner width=\u00a0\u00bb1\/4&Prime;][\/vc_column_inner][vc_column_inner width=\u00a0\u00bb3\/4&Prime;][vc_column_text]<\/p>\n<blockquote>\n<p>Isabelle Margain assure le pilotage de l\u2019offre globale dans une logique de proximit\u00e9 au service des entreprises de l\u2019Industrie Papier Carton.<\/p>\n<\/blockquote>\n<p>[\/vc_column_text][\/vc_column_inner][\/vc_row_inner][vc_custom_heading text=\u00a0\u00bbAcc\u00e8s\u00a0\u00bb font_container=\u00a0\u00bbtag:h3|text_align:left\u00a0\u00bb use_theme_fonts=\u00a0\u00bbyes\u00a0\u00bb css_animation=\u00a0\u00bbnone\u00a0\u00bb][vc_separator color=\u00a0\u00bbcustom\u00a0\u00bb align=\u00a0\u00bbalign_left\u00a0\u00bb border_width=\u00a0\u00bb3&Prime; el_width=\u00a0\u00bb10&Prime; accent_color=\u00a0\u00bb#163e75&Prime;][vc_row_inner content_placement=\u00a0\u00bbmiddle\u00a0\u00bb][vc_column_inner][vc_gmaps link=\u00a0\u00bb#E-8_JTNDaWZyYW1lJTIwc3JjJTNEJTIyaHR0cHMlM0ElMkYlMkZ3d3cuZ29vZ2xlLmNvbSUyRm1hcHMlMkZlbWJlZCUzRnBiJTNEJTIxMW0xOCUyMTFtMTIlMjExbTMlMjExZDg0MDIxLjM3MDk2MTkxOTM4JTIxMmQyLjMyNDc3NDkxMTU1NDA1JTIxM2Q0OC44NDU0NzQxMTI3ODgyOCUyMTJtMyUyMTFmMCUyMTJmMCUyMTNmMCUyMTNtMiUyMTFpMTAyNCUyMTJpNzY4JTIxNGYxMy4xJTIxM20zJTIxMW0yJTIxMXMweDQ3ZTY2ZTQ3ZDgzOWZiNjElMjUzQTB4ZTYyMzhjOGM4MGEzMmVlNyUyMTJzVW5pZGlzJTJCU3RyYXRlZ2llJTJCJTI1MjYlMkJBdmVuaXIlMjE1ZTAlMjEzbTIlMjExc2ZyJTIxMnNmciUyMTR2MTU0NzAyOTIwODkzNyUyMiUyMHdpZHRoJTNEJTIyNjAwJTIyJTIwaGVpZ2h0JTNEJTIyNDUwJTIyJTIwZnJhbWVib3JkZXIlM0QlMjIwJTIyJTIwc3R5bGUlM0QlMjJib3JkZXIlM0EwJTIyJTIwYWxsb3dmdWxsc2NyZWVuJTNFJTNDJTJGaWZyYW1lJTNF\u00a0\u00bb][\/vc_column_inner][\/vc_row_inner][vc_row_inner content_placement=\u00a0\u00bbmiddle\u00a0\u00bb][vc_column_inner][vc_column_text]<\/p>\n<p style=\"text-align: left;\"><strong>IPC Formation<\/strong><br \/>\n23, 25 rue d\u2019Aumale, 75009 Paris<br \/>\nTel : 01 53 89 24 70<br \/>\n<a href=\"mailto:contact@ipc-formation.fr\">contact@ipc-formation.fr<\/a>[\/vc_column_text][\/vc_column_inner][\/vc_row_inner][vc_empty_space height=\u00a0\u00bb60px\u00a0\u00bb][\/vc_column][\/vc_row][vc_row full_width=\u00a0\u00bbstretch_row\u00a0\u00bb bg_type=\u00a0\u00bbimage\u00a0\u00bb css=\u00a0\u00bb.vc_custom_1701165703191{background-image: url(https:\/\/unidis.fr\/portail\/wp-content\/uploads\/2023\/11\/Footer-1.webp?id=8241) !important;background-position: center !important;background-repeat: no-repeat !important;background-size: contain !important;}\u00a0\u00bb][vc_column][vc_row_inner][vc_column_inner width=\u00a0\u00bb1\/3&Prime;][vc_column_text css=\u00a0\u00bb.vc_custom_1701163668254{margin-bottom: 15px !important;padding-top: 20px !important;background-position: 0 0 !important;background-repeat: no-repeat !important;}\u00a0\u00bb]<img decoding=\"async\" loading=\"lazy\" class=\"attachment-large size-large wp-image-9\" src=\"https:\/\/www.industriepapiercarton.fr\/wp-content\/uploads\/2022\/10\/Cercle-titres-1.svg\" alt=\"\" width=\"34\" height=\"34\" \/>[\/vc_column_text][vc_column_text css=\u00a0\u00bb.vc_custom_1705485020642{background-position: 0 0 !important;background-repeat: no-repeat !important;}\u00a0\u00bb]<strong>L\u2019IPC Formation<\/strong> participe activement aux actions port\u00e9es par la marque <strong>IPC &#8211; Naturellement Papier Carton<\/strong>, marque qui promeut les m\u00e9tiers de la fili\u00e8re et ses activit\u00e9s, notamment \u00e0 destination du jeune public.[\/vc_column_text][\/vc_column_inner][vc_column_inner width=\u00a0\u00bb1\/3&Prime; css=\u00a0\u00bb.vc_custom_1701167758401{padding-left: 100px !important;}\u00a0\u00bb][vc_column_text css=\u00a0\u00bb.vc_custom_1701163681855{margin-bottom: 15px !important;padding-top: 20px !important;background-position: 0 0 !important;background-repeat: no-repeat !important;}\u00a0\u00bb]<img decoding=\"async\" loading=\"lazy\" class=\"attachment-large size-large wp-image-9\" src=\"https:\/\/www.industriepapiercarton.fr\/wp-content\/uploads\/2022\/10\/Decor-cercle-ondulation-1.svg\" alt=\"\" width=\"34\" height=\"34\" \/>[\/vc_column_text][vc_column_text]Suivez-nous sur LinkedIn :<br \/>\n<a href=\"https:\/\/www.linkedin.com\/company\/unidis-papier-carton\" target=\"_blank\" rel=\"noopener\"><img decoding=\"async\" loading=\"lazy\" class=\"size-full wp-image-8249 aligncenter alignleft\" src=\"https:\/\/unidis.fr\/portail\/wp-content\/uploads\/2023\/11\/linkedin.png\" alt=\"\" width=\"30\" height=\"30\" \/><\/a>[\/vc_column_text][\/vc_column_inner][vc_column_inner width=\u00a0\u00bb1\/3&Prime;][vc_single_image image=\u00a0\u00bb8237&Prime; img_size=\u00a0\u00bbfull\u00a0\u00bb onclick=\u00a0\u00bbcustom_link\u00a0\u00bb img_link_target=\u00a0\u00bb_blank\u00a0\u00bb css=\u00a0\u00bb.vc_custom_1701164061419{padding-top: 30px !important;}\u00a0\u00bb link=\u00a0\u00bbhttps:\/\/www.industriepapiercarton.fr\u00a0\u00bb][\/vc_column_inner][\/vc_row_inner][vc_row_inner][vc_column_inner width=\u00a0\u00bb1\/3&Prime;][\/vc_column_inner][vc_column_inner width=\u00a0\u00bb1\/3&Prime;][\/vc_column_inner][vc_column_inner width=\u00a0\u00bb1\/3&Prime;][\/vc_column_inner][\/vc_row_inner][vc_row_inner][vc_column_inner width=\u00a0\u00bb1\/2&Prime;][vc_column_text el_class=\u00a0\u00bb.footersmall\u00a0\u00bb]<a href=\"https:\/\/unidis.fr\/portail\/mentions-legales\/\">Mentions l\u00e9gales<\/a> \u00b7 <a href=\"https:\/\/unidis.fr\/portail\/politique-de-confidentialite\/\">Politique de confidentialit\u00e9 et cookies <\/a>[\/vc_column_text][\/vc_column_inner][vc_column_inner width=\u00a0\u00bb1\/2&Prime;][vc_column_text el_class=\u00a0\u00bb.footersmall\u00a0\u00bb]<\/p>\n<p style=\"text-align: right;\">Copyright 2024 Unidis &#8211; Tous droits r\u00e9serv\u00e9s.<\/p>\n<p>[\/vc_column_text][\/vc_column_inner][\/vc_row_inner][\/vc_column][\/vc_row]<\/p>\n<\/section>","protected":false},"excerpt":{"rendered":"<p>[vc_row bg_type=\u00a0\u00bbbg_color\u00a0\u00bb bg_color_value=\u00a0\u00bb#ffffff\u00a0\u00bb][vc_column parallax=\u00a0\u00bbcontent-moving\u00a0\u00bb css=\u00a0\u00bb.vc_custom_1555078384522{background-color: #ffffff !important;}\u00a0\u00bb offset=\u00a0\u00bbvc_hidden-lg vc_hidden-md vc_hidden-sm\u00a0\u00bb][vc_tta_accordion color=\u00a0\u00bbgreen\u00a0\u00bb c_icon=\u00a0\u00bb\u00a0\u00bb active_section=\u00a0\u00bb$\u00a0\u00bb collapsible_all=\u00a0\u00bbtrue\u00a0\u00bb][vc_tta_section i_icon_fontawesome=\u00a0\u00bbfa fa-bars\u00a0\u00bb add_icon=\u00a0\u00bbtrue\u00a0\u00bb title=\u00a0\u00bbMENU\u00a0\u00bb tab_id=\u00a0\u00bb1555076975667-ca4cfdf5-b7d3&Prime;][vc_wp_custommenu nav_menu=\u00a0\u00bb12&Prime;][\/vc_tta_section][\/vc_tta_accordion][\/vc_column][\/vc_row][vc_row bg_type=\u00a0\u00bbbg_color\u00a0\u00bb bg_color_value=\u00a0\u00bb#ffffff\u00a0\u00bb][vc_column width=\u00a0\u00bb1\/4&Prime; offset=\u00a0\u00bbvc_hidden-xs\u00a0\u00bb][vc_empty_space height=\u00a0\u00bb12px\u00a0\u00bb][vc_wp_custommenu nav_menu=\u00a0\u00bb12&Prime;][\/vc_column][vc_column width=\u00a0\u00bb3\/4&Prime; css=\u00a0\u00bb.vc_custom_1543336856262{padding-right: 50px !important;padding-left: 50px !important;}\u00a0\u00bb][vc_custom_heading text=\u00a0\u00bbL&rsquo;\u00e9quipe\u00a0\u00bb font_container=\u00a0\u00bbtag:h3|text_align:left\u00a0\u00bb use_theme_fonts=\u00a0\u00bbyes\u00a0\u00bb][vc_separator color=\u00a0\u00bbcustom\u00a0\u00bb align=\u00a0\u00bbalign_left\u00a0\u00bb border_width=\u00a0\u00bb3&Prime; el_width=\u00a0\u00bb10&Prime; accent_color=\u00a0\u00bb#163e75&Prime;][vc_column_text [&#8230;]<\/p>\n","protected":false},"author":1,"featured_media":0,"parent":0,"menu_order":0,"comment_status":"closed","ping_status":"closed","template":"","meta":{"_mi_skip_tracking":false,"_exactmetrics_sitenote_active":false,"_exactmetrics_sitenote_note":"","_exactmetrics_sitenote_category":0,"_monsterinsights_sitenote_active":false,"_monsterinsights_sitenote_note":"","_monsterinsights_sitenote_category":0,"footnotes":""},"aioseo_notices":[],"_links":{"self":[{"href":"https:\/\/unidis.fr\/portail\/wp-json\/wp\/v2\/pages\/3863"}],"collection":[{"href":"https:\/\/unidis.fr\/portail\/wp-json\/wp\/v2\/pages"}],"about":[{"href":"https:\/\/unidis.fr\/portail\/wp-json\/wp\/v2\/types\/page"}],"author":[{"embeddable":true,"href":"https:\/\/unidis.fr\/portail\/wp-json\/wp\/v2\/users\/1"}],"replies":[{"embeddable":true,"href":"https:\/\/unidis.fr\/portail\/wp-json\/wp\/v2\/comments?post=3863"}],"version-history":[{"count":51,"href":"https:\/\/unidis.fr\/portail\/wp-json\/wp\/v2\/pages\/3863\/revisions"}],"predecessor-version":[{"id":9592,"href":"https:\/\/unidis.fr\/portail\/wp-json\/wp\/v2\/pages\/3863\/revisions\/9592"}],"wp:attachment":[{"href":"https:\/\/unidis.fr\/portail\/wp-json\/wp\/v2\/media?parent=3863"}],"curies":[{"name":"wp","href":"https:\/\/api.w.org\/{rel}","templated":true}]}}