{"id":3447,"date":"2018-06-14T18:59:55","date_gmt":"2018-06-14T16:59:55","guid":{"rendered":"http:\/\/unidis.fr\/portail\/?page_id=3447"},"modified":"2019-01-21T19:13:59","modified_gmt":"2019-01-21T18:13:59","slug":"les-missions-de-lobservatoire","status":"publish","type":"page","link":"https:\/\/unidis.fr\/portail\/les-missions-de-lobservatoire\/","title":{"rendered":"Les missions de l&rsquo;Observatoire"},"content":{"rendered":"<section class=\"wpb-content-wrapper\"><p>[vc_row bg_type=\u00a0\u00bbbg_color\u00a0\u00bb bg_color_value=\u00a0\u00bb#ffffff\u00a0\u00bb][vc_column parallax=\u00a0\u00bbcontent-moving\u00a0\u00bb width=\u00a0\u00bb1\/4&Prime; css=\u00a0\u00bb.vc_custom_1536743421649{background-color: #ffffff !important;}\u00a0\u00bb][vc_empty_space height=\u00a0\u00bb12px\u00a0\u00bb][vc_wp_custommenu nav_menu=\u00a0\u00bb13&Prime; el_class=\u00a0\u00bbmenu-unidisportail\u00a0\u00bb][\/vc_column][vc_column width=\u00a0\u00bb3\/4&Prime; css=\u00a0\u00bb.vc_custom_1536588387556{padding-right: 50px !important;padding-left: 50px !important;}\u00a0\u00bb][vc_custom_heading source=\u00a0\u00bbpost_title\u00a0\u00bb font_container=\u00a0\u00bbtag:h3|text_align:left\u00a0\u00bb use_theme_fonts=\u00a0\u00bbyes\u00a0\u00bb css_animation=\u00a0\u00bbfadeIn\u00a0\u00bb][vc_separator color=\u00a0\u00bbcustom\u00a0\u00bb align=\u00a0\u00bbalign_left\u00a0\u00bb border_width=\u00a0\u00bb3&Prime; el_width=\u00a0\u00bb10&Prime; accent_color=\u00a0\u00bb#163e75&Prime;]<div id=\"uvc-type-wrap-2100\"  data-ultimate-target='#uvc-type-wrap-2100'  data-responsive-json-new='{\"font-size\":\"desktop:20px;\",\"line-height\":\"\"}'  class=\"uvc-type-wrap  ult-adjust-bottom-margin ult-responsive  uvc-type-align-center uvc-type-no-prefix uvc-wrap-204632200569e744dc2fbda\" style=\"font-weight:bold;text-align:center;\"><span id=\"typed-204632200569e744dc2fbda\" class=\"ultimate-typed-main \" style=\"color:#173e74;\"><\/span><script type=\"text\/javascript\"> \r\n\t\t\t\t\t\tjQuery(function($){ \r\n\t\t\t\t\t\t\t$(document).ready(function(){\r\n\t\t\t\t\t\t\t\tif( typeof jQuery(\"#typed-204632200569e744dc2fbda\").typed == \"function\"){\r\n\t\t\t\t\t\t\t\t\t$(\"#typed-204632200569e744dc2fbda\").typed({\r\n\t\t\t\t\t\t\t\t\t\tstrings: [\"Examiner p\u00e9riodiquement\"],\r\n\t\t\t\t\t\t\t\t\t\ttypeSpeed: 35,\r\n\t\t\t\t\t\t\t\t\t\tbackSpeed: 0,\r\n\t\t\t\t\t\t\t\t\t\tstartDelay: 200,\r\n\t\t\t\t\t\t\t\t\t\tbackDelay: 1500,\r\n\t\t\t\t\t\t\t\t\t\tloop: false,\r\n\t\t\t\t\t\t\t\t\t\tloopCount: false,\r\n\t\t\t\t\t\t\t\t\t\tshowCursor: true,\r\n\t\t\t\t\t\t\t\t\t\tcursorChar: \"|\",\r\n\t\t\t\t\t\t\t\t\t\tattr: null\r\n\t\t\t\t\t\t\t\t\t});\r\n\t\t\t\t\t\t\t\t}\r\n\t\t\t\t\t\t\t});\r\n\t\t\t\t\t\t});\r\n\t\t\t\t\t<\/script><\/div>[vc_column_text css_animation=\u00a0\u00bbfadeInUp\u00a0\u00bb el_class=\u00a0\u00bbjustify28&Prime;]<\/p>\n<p style=\"text-align: center;\">l\u2019\u00e9volution quantitative et qualitative des emplois et des qualifications.<\/p>\n<p>[\/vc_column_text]<div id=\"uvc-type-wrap-7385\"  data-ultimate-target='#uvc-type-wrap-7385'  data-responsive-json-new='{\"font-size\":\"desktop:20px;\",\"line-height\":\"\"}'  class=\"uvc-type-wrap  ult-adjust-bottom-margin ult-responsive  uvc-type-align-center uvc-type-no-prefix uvc-wrap-15311530269e744dc2fd8f\" style=\"font-weight:bold;text-align:center;\"><span id=\"typed-15311530269e744dc2fd8f\" class=\"ultimate-typed-main \" style=\"color:#173e74;\"><\/span><script type=\"text\/javascript\"> \r\n\t\t\t\t\t\tjQuery(function($){ \r\n\t\t\t\t\t\t\t$(document).ready(function(){\r\n\t\t\t\t\t\t\t\tif( typeof jQuery(\"#typed-15311530269e744dc2fd8f\").typed == \"function\"){\r\n\t\t\t\t\t\t\t\t\t$(\"#typed-15311530269e744dc2fd8f\").typed({\r\n\t\t\t\t\t\t\t\t\t\tstrings: [\"Identifier les facteurs d'\u00e9volution\"],\r\n\t\t\t\t\t\t\t\t\t\ttypeSpeed: 35,\r\n\t\t\t\t\t\t\t\t\t\tbackSpeed: 0,\r\n\t\t\t\t\t\t\t\t\t\tstartDelay: 200,\r\n\t\t\t\t\t\t\t\t\t\tbackDelay: 1500,\r\n\t\t\t\t\t\t\t\t\t\tloop: false,\r\n\t\t\t\t\t\t\t\t\t\tloopCount: false,\r\n\t\t\t\t\t\t\t\t\t\tshowCursor: true,\r\n\t\t\t\t\t\t\t\t\t\tcursorChar: \"|\",\r\n\t\t\t\t\t\t\t\t\t\tattr: null\r\n\t\t\t\t\t\t\t\t\t});\r\n\t\t\t\t\t\t\t\t}\r\n\t\t\t\t\t\t\t});\r\n\t\t\t\t\t\t});\r\n\t\t\t\t\t<\/script><\/div>[vc_column_text css_animation=\u00a0\u00bbfadeInUp\u00a0\u00bb el_class=\u00a0\u00bbjustify28&Prime;]<\/p>\n<p style=\"text-align: center;\">des technologies et des organisations susceptibles d\u2019affecter<br \/>\nla nature des qualifications et des m\u00e9tiers requis dans les entreprises<\/p>\n<p>[\/vc_column_text]<div id=\"uvc-type-wrap-6713\"  data-ultimate-target='#uvc-type-wrap-6713'  data-responsive-json-new='{\"font-size\":\"desktop:20px;\",\"line-height\":\"\"}'  class=\"uvc-type-wrap  ult-adjust-bottom-margin ult-responsive  uvc-type-align-center uvc-type-no-prefix uvc-wrap-71435036769e744dc2fdbe\" style=\"font-weight:bold;text-align:center;\"><span id=\"typed-71435036769e744dc2fdbe\" class=\"ultimate-typed-main \" style=\"color:#173e74;\"><\/span><script type=\"text\/javascript\"> \r\n\t\t\t\t\t\tjQuery(function($){ \r\n\t\t\t\t\t\t\t$(document).ready(function(){\r\n\t\t\t\t\t\t\t\tif( typeof jQuery(\"#typed-71435036769e744dc2fdbe\").typed == \"function\"){\r\n\t\t\t\t\t\t\t\t\t$(\"#typed-71435036769e744dc2fdbe\").typed({\r\n\t\t\t\t\t\t\t\t\t\tstrings: [\"Guider les branches professionnelles\"],\r\n\t\t\t\t\t\t\t\t\t\ttypeSpeed: 35,\r\n\t\t\t\t\t\t\t\t\t\tbackSpeed: 0,\r\n\t\t\t\t\t\t\t\t\t\tstartDelay: 200,\r\n\t\t\t\t\t\t\t\t\t\tbackDelay: 1500,\r\n\t\t\t\t\t\t\t\t\t\tloop: false,\r\n\t\t\t\t\t\t\t\t\t\tloopCount: false,\r\n\t\t\t\t\t\t\t\t\t\tshowCursor: true,\r\n\t\t\t\t\t\t\t\t\t\tcursorChar: \"|\",\r\n\t\t\t\t\t\t\t\t\t\tattr: null\r\n\t\t\t\t\t\t\t\t\t});\r\n\t\t\t\t\t\t\t\t}\r\n\t\t\t\t\t\t\t});\r\n\t\t\t\t\t\t});\r\n\t\t\t\t\t<\/script><\/div>[vc_column_text css_animation=\u00a0\u00bbfadeInUp\u00a0\u00bb el_class=\u00a0\u00bbjustify28&Prime;]<\/p>\n<p style=\"text-align: center;\">dans leurs r\u00e9flexions, orientations et pr\u00e9conisations<br \/>\nen mati\u00e8re de formation professionnelle<\/p>\n<p>[\/vc_column_text]<div id=\"uvc-type-wrap-6642\"  data-ultimate-target='#uvc-type-wrap-6642'  data-responsive-json-new='{\"font-size\":\"desktop:20px;\",\"line-height\":\"\"}'  class=\"uvc-type-wrap  ult-adjust-bottom-margin ult-responsive  uvc-type-align-center uvc-type-no-prefix uvc-wrap-110161934669e744dc2fdf6\" style=\"font-weight:bold;text-align:center;\"><span id=\"typed-110161934669e744dc2fdf6\" class=\"ultimate-typed-main \" style=\"color:#173e74;\"><\/span><script type=\"text\/javascript\"> \r\n\t\t\t\t\t\tjQuery(function($){ \r\n\t\t\t\t\t\t\t$(document).ready(function(){\r\n\t\t\t\t\t\t\t\tif( typeof jQuery(\"#typed-110161934669e744dc2fdf6\").typed == \"function\"){\r\n\t\t\t\t\t\t\t\t\t$(\"#typed-110161934669e744dc2fdf6\").typed({\r\n\t\t\t\t\t\t\t\t\t\tstrings: [\"Accompagner les entreprises\"],\r\n\t\t\t\t\t\t\t\t\t\ttypeSpeed: 35,\r\n\t\t\t\t\t\t\t\t\t\tbackSpeed: 0,\r\n\t\t\t\t\t\t\t\t\t\tstartDelay: 200,\r\n\t\t\t\t\t\t\t\t\t\tbackDelay: 1500,\r\n\t\t\t\t\t\t\t\t\t\tloop: false,\r\n\t\t\t\t\t\t\t\t\t\tloopCount: false,\r\n\t\t\t\t\t\t\t\t\t\tshowCursor: true,\r\n\t\t\t\t\t\t\t\t\t\tcursorChar: \"|\",\r\n\t\t\t\t\t\t\t\t\t\tattr: null\r\n\t\t\t\t\t\t\t\t\t});\r\n\t\t\t\t\t\t\t\t}\r\n\t\t\t\t\t\t\t});\r\n\t\t\t\t\t\t});\r\n\t\t\t\t\t<\/script><\/div>[vc_column_text css_animation=\u00a0\u00bbfadeInUp\u00a0\u00bb el_class=\u00a0\u00bbjustify28&Prime;]<\/p>\n<p style=\"text-align: center;\">dans la d\u00e9finition des politiques de formation et les guider<br \/>\ndans le d\u00e9veloppement des comp\u00e9tences de leurs salari\u00e9s<\/p>\n<p>[\/vc_column_text]<div id=\"uvc-type-wrap-2747\"  data-ultimate-target='#uvc-type-wrap-2747'  data-responsive-json-new='{\"font-size\":\"desktop:20px;\",\"line-height\":\"\"}'  class=\"uvc-type-wrap  ult-adjust-bottom-margin ult-responsive  uvc-type-align-center uvc-type-no-prefix uvc-wrap-162093629569e744dc2fe21\" style=\"font-weight:bold;text-align:center;\"><span id=\"typed-162093629569e744dc2fe21\" class=\"ultimate-typed-main \" style=\"color:#173e74;\"><\/span><script type=\"text\/javascript\"> \r\n\t\t\t\t\t\tjQuery(function($){ \r\n\t\t\t\t\t\t\t$(document).ready(function(){\r\n\t\t\t\t\t\t\t\tif( typeof jQuery(\"#typed-162093629569e744dc2fe21\").typed == \"function\"){\r\n\t\t\t\t\t\t\t\t\t$(\"#typed-162093629569e744dc2fe21\").typed({\r\n\t\t\t\t\t\t\t\t\t\tstrings: [\"Aider les salari\u00e9s\"],\r\n\t\t\t\t\t\t\t\t\t\ttypeSpeed: 35,\r\n\t\t\t\t\t\t\t\t\t\tbackSpeed: 0,\r\n\t\t\t\t\t\t\t\t\t\tstartDelay: 200,\r\n\t\t\t\t\t\t\t\t\t\tbackDelay: 1500,\r\n\t\t\t\t\t\t\t\t\t\tloop: false,\r\n\t\t\t\t\t\t\t\t\t\tloopCount: false,\r\n\t\t\t\t\t\t\t\t\t\tshowCursor: true,\r\n\t\t\t\t\t\t\t\t\t\tcursorChar: \"|\",\r\n\t\t\t\t\t\t\t\t\t\tattr: null\r\n\t\t\t\t\t\t\t\t\t});\r\n\t\t\t\t\t\t\t\t}\r\n\t\t\t\t\t\t\t});\r\n\t\t\t\t\t\t});\r\n\t\t\t\t\t<\/script><\/div>[vc_column_text css_animation=\u00a0\u00bbfadeInUp\u00a0\u00bb el_class=\u00a0\u00bbjustify28&Prime;]<\/p>\n<p style=\"text-align: center;\">\u00e0 construire leur projet professionnel<\/p>\n<p>[\/vc_column_text][vc_empty_space][vc_separator color=\u00a0\u00bbcustom\u00a0\u00bb align=\u00a0\u00bbalign_left\u00a0\u00bb border_width=\u00a0\u00bb3&Prime; el_width=\u00a0\u00bb10&Prime; accent_color=\u00a0\u00bb#163e75&Prime;][vc_empty_space height=\u00a0\u00bb170px\u00a0\u00bb][\/vc_column][\/vc_row]<\/p>\n<\/section>","protected":false},"excerpt":{"rendered":"<p>[vc_row bg_type=\u00a0\u00bbbg_color\u00a0\u00bb bg_color_value=\u00a0\u00bb#ffffff\u00a0\u00bb][vc_column parallax=\u00a0\u00bbcontent-moving\u00a0\u00bb width=\u00a0\u00bb1\/4&Prime; css=\u00a0\u00bb.vc_custom_1536743421649{background-color: #ffffff !important;}\u00a0\u00bb][vc_empty_space height=\u00a0\u00bb12px\u00a0\u00bb][vc_wp_custommenu nav_menu=\u00a0\u00bb13&Prime; el_class=\u00a0\u00bbmenu-unidisportail\u00a0\u00bb][\/vc_column][vc_column width=\u00a0\u00bb3\/4&Prime; css=\u00a0\u00bb.vc_custom_1536588387556{padding-right: 50px !important;padding-left: 50px !important;}\u00a0\u00bb][vc_custom_heading source=\u00a0\u00bbpost_title\u00a0\u00bb font_container=\u00a0\u00bbtag:h3|text_align:left\u00a0\u00bb use_theme_fonts=\u00a0\u00bbyes\u00a0\u00bb css_animation=\u00a0\u00bbfadeIn\u00a0\u00bb][vc_separator color=\u00a0\u00bbcustom\u00a0\u00bb align=\u00a0\u00bbalign_left\u00a0\u00bb border_width=\u00a0\u00bb3&Prime; el_width=\u00a0\u00bb10&Prime; accent_color=\u00a0\u00bb#163e75&Prime;][vc_column_text css_animation=\u00a0\u00bbfadeInUp\u00a0\u00bb el_class=\u00a0\u00bbjustify28&Prime;] l\u2019\u00e9volution quantitative et qualitative des emplois et des qualifications. [\/vc_column_text][vc_column_text css_animation=\u00a0\u00bbfadeInUp\u00a0\u00bb el_class=\u00a0\u00bbjustify28&Prime;] [&#8230;]<\/p>\n","protected":false},"author":3,"featured_media":0,"parent":0,"menu_order":0,"comment_status":"closed","ping_status":"closed","template":"","meta":{"_mi_skip_tracking":false,"_exactmetrics_sitenote_active":false,"_exactmetrics_sitenote_note":"","_exactmetrics_sitenote_category":0,"_monsterinsights_sitenote_active":false,"_monsterinsights_sitenote_note":"","_monsterinsights_sitenote_category":0,"footnotes":""},"aioseo_notices":[],"_links":{"self":[{"href":"https:\/\/unidis.fr\/portail\/wp-json\/wp\/v2\/pages\/3447"}],"collection":[{"href":"https:\/\/unidis.fr\/portail\/wp-json\/wp\/v2\/pages"}],"about":[{"href":"https:\/\/unidis.fr\/portail\/wp-json\/wp\/v2\/types\/page"}],"author":[{"embeddable":true,"href":"https:\/\/unidis.fr\/portail\/wp-json\/wp\/v2\/users\/3"}],"replies":[{"embeddable":true,"href":"https:\/\/unidis.fr\/portail\/wp-json\/wp\/v2\/comments?post=3447"}],"version-history":[{"count":16,"href":"https:\/\/unidis.fr\/portail\/wp-json\/wp\/v2\/pages\/3447\/revisions"}],"predecessor-version":[{"id":3842,"href":"https:\/\/unidis.fr\/portail\/wp-json\/wp\/v2\/pages\/3447\/revisions\/3842"}],"wp:attachment":[{"href":"https:\/\/unidis.fr\/portail\/wp-json\/wp\/v2\/media?parent=3447"}],"curies":[{"name":"wp","href":"https:\/\/api.w.org\/{rel}","templated":true}]}}