{"id":3441,"date":"2018-06-14T18:59:39","date_gmt":"2018-06-14T16:59:39","guid":{"rendered":"http:\/\/unidis.fr\/portail\/?page_id=3441"},"modified":"2019-01-21T19:13:59","modified_gmt":"2019-01-21T18:13:59","slug":"fiches-metiers","status":"publish","type":"page","link":"https:\/\/unidis.fr\/portail\/fiches-metiers\/","title":{"rendered":"Fiches m\u00e9tiers"},"content":{"rendered":"<section class=\"wpb-content-wrapper\"><p>[vc_row bg_type=\u00a0\u00bbbg_color\u00a0\u00bb bg_color_value=\u00a0\u00bb#ffffff\u00a0\u00bb][vc_column parallax=\u00a0\u00bbcontent-moving\u00a0\u00bb width=\u00a0\u00bb1\/4&Prime; css=\u00a0\u00bb.vc_custom_1536743421649{background-color: #ffffff !important;}\u00a0\u00bb][vc_empty_space height=\u00a0\u00bb12px\u00a0\u00bb][vc_wp_custommenu nav_menu=\u00a0\u00bb13&Prime; el_class=\u00a0\u00bbmenu-unidisportail\u00a0\u00bb][\/vc_column][vc_column width=\u00a0\u00bb3\/4&Prime; css=\u00a0\u00bb.vc_custom_1536588387556{padding-right: 50px !important;padding-left: 50px !important;}\u00a0\u00bb][vc_custom_heading source=\u00a0\u00bbpost_title\u00a0\u00bb font_container=\u00a0\u00bbtag:h3|text_align:left\u00a0\u00bb use_theme_fonts=\u00a0\u00bbyes\u00a0\u00bb css_animation=\u00a0\u00bbfadeIn\u00a0\u00bb][vc_separator color=\u00a0\u00bbcustom\u00a0\u00bb align=\u00a0\u00bbalign_left\u00a0\u00bb border_width=\u00a0\u00bb3&Prime; el_width=\u00a0\u00bb10&Prime; accent_color=\u00a0\u00bb#163e75&Prime;][vc_column_text el_class=\u00a0\u00bbjustify\u00a0\u00bb]<\/p>\n<h4>Le r\u00e9f\u00e9rentiel m\u00e9tiers est une base de donn\u00e9es de 70 m\u00e9tiers repr\u00e9sentatifs de l\u2019Intersecteur Papier Carton.<\/h4>\n<p>Il est \u00e0 la fois \u00e0 destination des entreprises, des salari\u00e9s et de leurs repr\u00e9sentants mais aussi des institutions, des services d\u2019orientation ou des \u00e9tudiants.<\/p>\n<p><strong>La roue des m\u00e9tiers<\/strong> vous permet de rechercher un m\u00e9tier soit par secteur (production, transformation\u2026), soit par famille de m\u00e9tiers (fabrication, maintenance, conception, QHSE\u2026). Vous pouvez \u00e9galement faire une recherche par niveau d\u2019\u00e9tude ou par mot-cl\u00e9.<\/p>\n<p><strong>Pour chaque m\u00e9tier, des fiches \u00ab\u00a0grand public\u00a0\u00bb sont disponibles.<\/strong> On y retrouve la description g\u00e9n\u00e9rale du m\u00e9tier, l\u2019environnement de travail, les \u00e9tudes \u00e0 r\u00e9aliser pour y acc\u00e9der, et pour certains m\u00e9tiers, un t\u00e9moignage, les fiches CQP qui sont li\u00e9es ou une vid\u00e9o de pr\u00e9sentation.<\/p>\n<p><strong>Une fiche \u00ab\u00a0professionnelle\u00a0\u00bb<\/strong> plus d\u00e9taill\u00e9e peut \u00e9galement \u00eatre t\u00e9l\u00e9charg\u00e9e, <strong>en format .pdf ou en .doc,<\/strong> avec un <strong>acc\u00e8s r\u00e9serv\u00e9 aux adh\u00e9rents UNIDIS et FFCP.<\/strong>[\/vc_column_text][vc_single_image image=\u00a0\u00bb3816&Prime; img_size=\u00a0\u00bb600&#215;511&Prime; onclick=\u00a0\u00bbcustom_link\u00a0\u00bb img_link_target=\u00a0\u00bb_blank\u00a0\u00bb css_animation=\u00a0\u00bbfadeInRight\u00a0\u00bb link=\u00a0\u00bbhttp:\/\/lesindustriespapierscartons.org\/referentiel\/\u00a0\u00bb][vc_single_image image=\u00a0\u00bb3815&Prime; img_size=\u00a0\u00bb600&#215;511&Prime; alignment=\u00a0\u00bbright\u00a0\u00bb onclick=\u00a0\u00bbcustom_link\u00a0\u00bb img_link_target=\u00a0\u00bb_blank\u00a0\u00bb css_animation=\u00a0\u00bbfadeInLeft\u00a0\u00bb link=\u00a0\u00bbhttp:\/\/lesindustriespapierscartons.org\/referentiel\/\u00a0\u00bb][vc_empty_space][vc_separator color=\u00a0\u00bbcustom\u00a0\u00bb align=\u00a0\u00bbalign_left\u00a0\u00bb border_width=\u00a0\u00bb3&Prime; el_width=\u00a0\u00bb10&Prime; accent_color=\u00a0\u00bb#163e75&Prime;][vc_empty_space][\/vc_column][\/vc_row]<\/p>\n<\/section>","protected":false},"excerpt":{"rendered":"<p>[vc_row bg_type=\u00a0\u00bbbg_color\u00a0\u00bb bg_color_value=\u00a0\u00bb#ffffff\u00a0\u00bb][vc_column parallax=\u00a0\u00bbcontent-moving\u00a0\u00bb width=\u00a0\u00bb1\/4&Prime; css=\u00a0\u00bb.vc_custom_1536743421649{background-color: #ffffff !important;}\u00a0\u00bb][vc_empty_space height=\u00a0\u00bb12px\u00a0\u00bb][vc_wp_custommenu nav_menu=\u00a0\u00bb13&Prime; el_class=\u00a0\u00bbmenu-unidisportail\u00a0\u00bb][\/vc_column][vc_column width=\u00a0\u00bb3\/4&Prime; css=\u00a0\u00bb.vc_custom_1536588387556{padding-right: 50px !important;padding-left: 50px !important;}\u00a0\u00bb][vc_custom_heading source=\u00a0\u00bbpost_title\u00a0\u00bb font_container=\u00a0\u00bbtag:h3|text_align:left\u00a0\u00bb use_theme_fonts=\u00a0\u00bbyes\u00a0\u00bb css_animation=\u00a0\u00bbfadeIn\u00a0\u00bb][vc_separator color=\u00a0\u00bbcustom\u00a0\u00bb align=\u00a0\u00bbalign_left\u00a0\u00bb border_width=\u00a0\u00bb3&Prime; el_width=\u00a0\u00bb10&Prime; accent_color=\u00a0\u00bb#163e75&Prime;][vc_column_text el_class=\u00a0\u00bbjustify\u00a0\u00bb] Le r\u00e9f\u00e9rentiel m\u00e9tiers est une base de donn\u00e9es de 70 m\u00e9tiers repr\u00e9sentatifs de [&#8230;]<\/p>\n","protected":false},"author":3,"featured_media":0,"parent":0,"menu_order":0,"comment_status":"closed","ping_status":"closed","template":"","meta":{"_mi_skip_tracking":false,"_exactmetrics_sitenote_active":false,"_exactmetrics_sitenote_note":"","_exactmetrics_sitenote_category":0,"_monsterinsights_sitenote_active":false,"_monsterinsights_sitenote_note":"","_monsterinsights_sitenote_category":0,"footnotes":""},"aioseo_notices":[],"_links":{"self":[{"href":"https:\/\/unidis.fr\/portail\/wp-json\/wp\/v2\/pages\/3441"}],"collection":[{"href":"https:\/\/unidis.fr\/portail\/wp-json\/wp\/v2\/pages"}],"about":[{"href":"https:\/\/unidis.fr\/portail\/wp-json\/wp\/v2\/types\/page"}],"author":[{"embeddable":true,"href":"https:\/\/unidis.fr\/portail\/wp-json\/wp\/v2\/users\/3"}],"replies":[{"embeddable":true,"href":"https:\/\/unidis.fr\/portail\/wp-json\/wp\/v2\/comments?post=3441"}],"version-history":[{"count":7,"href":"https:\/\/unidis.fr\/portail\/wp-json\/wp\/v2\/pages\/3441\/revisions"}],"predecessor-version":[{"id":3818,"href":"https:\/\/unidis.fr\/portail\/wp-json\/wp\/v2\/pages\/3441\/revisions\/3818"}],"wp:attachment":[{"href":"https:\/\/unidis.fr\/portail\/wp-json\/wp\/v2\/media?parent=3441"}],"curies":[{"name":"wp","href":"https:\/\/api.w.org\/{rel}","templated":true}]}}