{"id":3440,"date":"2018-06-14T18:59:31","date_gmt":"2018-06-14T16:59:31","guid":{"rendered":"http:\/\/unidis.fr\/portail\/?page_id=3440"},"modified":"2019-01-21T19:13:58","modified_gmt":"2019-01-21T18:13:58","slug":"chiffres-cles","status":"publish","type":"page","link":"https:\/\/unidis.fr\/portail\/chiffres-cles\/","title":{"rendered":"Chiffres cl\u00e9s"},"content":{"rendered":"<section class=\"wpb-content-wrapper\"><p>[vc_row bg_type=\u00a0\u00bbbg_color\u00a0\u00bb bg_color_value=\u00a0\u00bb#ffffff\u00a0\u00bb][vc_column parallax=\u00a0\u00bbcontent-moving\u00a0\u00bb width=\u00a0\u00bb1\/4&Prime; css=\u00a0\u00bb.vc_custom_1536743421649{background-color: #ffffff !important;}\u00a0\u00bb][vc_empty_space height=\u00a0\u00bb12px\u00a0\u00bb][vc_wp_custommenu nav_menu=\u00a0\u00bb13&Prime; el_class=\u00a0\u00bbmenu-unidisportail\u00a0\u00bb][\/vc_column][vc_column width=\u00a0\u00bb3\/4&Prime; css=\u00a0\u00bb.vc_custom_1536588387556{padding-right: 50px !important;padding-left: 50px !important;}\u00a0\u00bb][vc_custom_heading source=\u00a0\u00bbpost_title\u00a0\u00bb font_container=\u00a0\u00bbtag:h3|text_align:left\u00a0\u00bb use_theme_fonts=\u00a0\u00bbyes\u00a0\u00bb css_animation=\u00a0\u00bbfadeIn\u00a0\u00bb][vc_separator color=\u00a0\u00bbcustom\u00a0\u00bb align=\u00a0\u00bbalign_left\u00a0\u00bb border_width=\u00a0\u00bb3&Prime; el_width=\u00a0\u00bb10&Prime; accent_color=\u00a0\u00bb#163e75&Prime;][vc_row_inner][vc_column_inner width=\u00a0\u00bb1\/2&Prime;]<div class=\"stats-block stats-top  \"><div class=\"aio-icon-top\"><div class=\"ult-just-icon-wrapper  \"><div class=\"align-icon\" style=\"text-align:center;\">\n<div class=\"aio-icon circle \" data-animation=\"swing\" data-animation-delay=\"03\" style=\"color:#ffffff;background:#0c346f;font-size:50px;display:inline-block;\">\n\t<i class=\"Defaults-building-o\"><\/i>\n<\/div><\/div><\/div><\/div><div class=\"stats-desc\" id=\"counter-responsv-wrap-2571\"><div id=\"counter_130992448269f2662befdc4\" data-id=\"counter_130992448269f2662befdc4\"  data-ultimate-target='#counter-responsv-wrap-2571 .stats-number'  data-responsive-json-new='{\"font-size\":\"\",\"line-height\":\"\"}'  class=\"stats-number ult-responsive\" style=\"font-size:28px;  \" data-speed=\"2\" data-counter-value=\"1284\" data-separator=\",\" data-decimal=\".\">0<\/div><div id=\"counter-responsv-wrap-2571\"  data-ultimate-target='#counter-responsv-wrap-2571 .stats-text'  data-responsive-json-new='{\"font-size\":\"\",\"line-height\":\"\"}'  class=\"stats-text ult-responsive\" style=\"font-size:18px;  \">\u00e9tablissements<\/div><\/div><\/div>[\/vc_column_inner][vc_column_inner width=\u00a0\u00bb1\/2&Prime;]<div class=\"stats-block stats-top  \"><div class=\"aio-icon-top\"><div class=\"ult-just-icon-wrapper  \"><div class=\"align-icon\" style=\"text-align:center;\">\n<div class=\"aio-icon circle \" data-animation=\"swing\" data-animation-delay=\"03\" style=\"color:#ffffff;background:#00b3d9;font-size:50px;display:inline-block;\">\n\t<i class=\"Defaults-eur euro\"><\/i>\n<\/div><\/div><\/div><\/div><div class=\"stats-desc\" id=\"counter-responsv-wrap-9733\"><div id=\"counter_160867128769f2662befe63\" data-id=\"counter_160867128769f2662befe63\"  data-ultimate-target='#counter-responsv-wrap-9733 .stats-number'  data-responsive-json-new='{\"font-size\":\"\",\"line-height\":\"\"}'  class=\"stats-number ult-responsive\" style=\"font-size:28px;  \" data-speed=\"2\" data-counter-value=\"19\" data-separator=\" \" data-decimal=\".\">0<\/div><div id=\"counter-responsv-wrap-9733\"  data-ultimate-target='#counter-responsv-wrap-9733 .stats-text'  data-responsive-json-new='{\"font-size\":\"\",\"line-height\":\"\"}'  class=\"stats-text ult-responsive\" style=\"font-size:18px;  \">milliards d'euros de chiffre d'affaires<\/div><\/div><\/div>[\/vc_column_inner][\/vc_row_inner][vc_row_inner][vc_column_inner width=\u00a0\u00bb1\/2&Prime;]<div class=\"stats-block stats-top  \"><div class=\"aio-icon-top\"><div class=\"ult-just-icon-wrapper  \"><div class=\"align-icon\" style=\"text-align:center;\">\n<div class=\"aio-icon circle \" data-animation=\"swing\" data-animation-delay=\"03\" style=\"color:#ffffff;background:#0c346f;font-size:50px;display:inline-block;\">\n\t<i class=\"Defaults-user\"><\/i>\n<\/div><\/div><\/div><\/div><div class=\"stats-desc\" id=\"counter-responsv-wrap-5905\"><div id=\"counter_62982475669f2662befed7\" data-id=\"counter_62982475669f2662befed7\"  data-ultimate-target='#counter-responsv-wrap-5905 .stats-number'  data-responsive-json-new='{\"font-size\":\"\",\"line-height\":\"\"}'  class=\"stats-number ult-responsive\" style=\"font-size:28px;  \" data-speed=\"2\" data-counter-value=\"72192 \" data-separator=\",\" data-decimal=\".\">0<\/div><div id=\"counter-responsv-wrap-5905\"  data-ultimate-target='#counter-responsv-wrap-5905 .stats-text'  data-responsive-json-new='{\"font-size\":\"\",\"line-height\":\"\"}'  class=\"stats-text ult-responsive\" style=\"font-size:18px;  \">salari\u00e9s<\/div><\/div><\/div>[\/vc_column_inner][vc_column_inner width=\u00a0\u00bb1\/2&Prime;]<div class=\"stats-block stats-top  \"><div class=\"aio-icon-top\"><div class=\"ult-just-icon-wrapper  \"><div class=\"align-icon\" style=\"text-align:center;\">\n<div class=\"aio-icon circle \" data-animation=\"swing\" data-animation-delay=\"03\" style=\"color:#ffffff;background:#00b3d9;font-size:50px;display:inline-block;\">\n\t<i class=\"Defaults-book\"><\/i>\n<\/div><\/div><\/div><\/div><div class=\"stats-desc\" id=\"counter-responsv-wrap-2032\"><div id=\"counter_110746932069f2662beff44\" data-id=\"counter_110746932069f2662beff44\"  data-ultimate-target='#counter-responsv-wrap-2032 .stats-number'  data-responsive-json-new='{\"font-size\":\"\",\"line-height\":\"\"}'  class=\"stats-number ult-responsive\" style=\"font-size:28px;  \" data-speed=\"2\" data-counter-value=\"7\" data-separator=\",\" data-decimal=\".\">0<\/div><div id=\"counter-responsv-wrap-2032\"  data-ultimate-target='#counter-responsv-wrap-2032 .stats-text'  data-responsive-json-new='{\"font-size\":\"\",\"line-height\":\"\"}'  class=\"stats-text ult-responsive\" style=\"font-size:18px;  \">conventions collectives<\/div><\/div><\/div>[\/vc_column_inner][\/vc_row_inner][vc_column_text]<\/p>\n<h6 style=\"text-align: center;\">Source\u00a0: Enqu\u00eate IPC 2015 (Quadrat Etudes) \u00e0 partir des D\u00e9clarations Annuelles de Donn\u00e9es (DADS) de 2013<\/h6>\n<p>[\/vc_column_text][vc_separator color=\u00a0\u00bbcustom\u00a0\u00bb align=\u00a0\u00bbalign_left\u00a0\u00bb border_width=\u00a0\u00bb3&Prime; el_width=\u00a0\u00bb10&Prime; accent_color=\u00a0\u00bb#163e75&Prime;][\/vc_column][\/vc_row][vc_row bg_type=\u00a0\u00bbbg_color\u00a0\u00bb bg_color_value=\u00a0\u00bb#ffffff\u00a0\u00bb][vc_column parallax=\u00a0\u00bbcontent-moving\u00a0\u00bb width=\u00a0\u00bb1\/4&Prime; css=\u00a0\u00bb.vc_custom_1536743421649{background-color: #ffffff !important;}\u00a0\u00bb][\/vc_column][vc_column width=\u00a0\u00bb3\/4&Prime; css=\u00a0\u00bb.vc_custom_1536588387556{padding-right: 50px !important;padding-left: 50px !important;}\u00a0\u00bb][vc_custom_heading text=\u00a0\u00bbEffectifs salari\u00e9s &#8211; r\u00e9partition r\u00e9gioniale\u00a0\u00bb font_container=\u00a0\u00bbtag:h3|text_align:left\u00a0\u00bb use_theme_fonts=\u00a0\u00bbyes\u00a0\u00bb css_animation=\u00a0\u00bbfadeIn\u00a0\u00bb][vc_empty_space][vc_single_image image=\u00a0\u00bb3779&Prime; img_size=\u00a0\u00bbfull\u00a0\u00bb alignment=\u00a0\u00bbcenter\u00a0\u00bb css_animation=\u00a0\u00bbfadeInUp\u00a0\u00bb][vc_column_text]<\/p>\n<h6 style=\"text-align: center;\">Source\u00a0: Enqu\u00eate IPC 2015 (Quadrat Etudes) \u00e0 partir des D\u00e9clarations Annuelles de Donn\u00e9es (DADS) de 2013<\/h6>\n<p>[\/vc_column_text][vc_separator color=\u00a0\u00bbcustom\u00a0\u00bb align=\u00a0\u00bbalign_left\u00a0\u00bb border_width=\u00a0\u00bb3&Prime; el_width=\u00a0\u00bb10&Prime; accent_color=\u00a0\u00bb#163e75&Prime;][\/vc_column][\/vc_row][vc_row bg_type=\u00a0\u00bbbg_color\u00a0\u00bb bg_color_value=\u00a0\u00bb#ffffff\u00a0\u00bb][vc_column parallax=\u00a0\u00bbcontent-moving\u00a0\u00bb width=\u00a0\u00bb1\/4&Prime; css=\u00a0\u00bb.vc_custom_1536743421649{background-color: #ffffff !important;}\u00a0\u00bb][\/vc_column][vc_column width=\u00a0\u00bb3\/4&Prime; css=\u00a0\u00bb.vc_custom_1536588387556{padding-right: 50px !important;padding-left: 50px !important;}\u00a0\u00bb][vc_custom_heading text=\u00a0\u00bbL&#8217;emploi dans l&rsquo;Intersecteur Papier-Carton\u00a0\u00bb font_container=\u00a0\u00bbtag:h3|text_align:left\u00a0\u00bb use_theme_fonts=\u00a0\u00bbyes\u00a0\u00bb css_animation=\u00a0\u00bbfadeIn\u00a0\u00bb][vc_empty_space][vc_row_inner][vc_column_inner width=\u00a0\u00bb1\/4&Prime;][vc_pie value=\u00a0\u00bb76&Prime; color=\u00a0\u00bbcustom\u00a0\u00bb css_animation=\u00a0\u00bbfadeIn\u00a0\u00bb title=\u00a0\u00bbdes effectifs travaillent en PME\u00a0\u00bb units=\u00a0\u00bb%\u00a0\u00bb custom_color=\u00a0\u00bb#0d376e\u00a0\u00bb][\/vc_column_inner][vc_column_inner width=\u00a0\u00bb1\/4&Prime;][vc_pie value=\u00a0\u00bb31&Prime; color=\u00a0\u00bbcustom\u00a0\u00bb css_animation=\u00a0\u00bbfadeIn\u00a0\u00bb title=\u00a0\u00bbdes salari\u00e9s ont plus de 50 ans\u00a0\u00bb units=\u00a0\u00bb%\u00a0\u00bb custom_color=\u00a0\u00bb#1db4d7&Prime;][\/vc_column_inner][vc_column_inner width=\u00a0\u00bb1\/4&Prime;][vc_pie value=\u00a0\u00bb49&Prime; color=\u00a0\u00bbcustom\u00a0\u00bb css_animation=\u00a0\u00bbfadeIn\u00a0\u00bb title=\u00a0\u00bbdes salari\u00e9s ont un niveau de dipl\u00f4me de Bac \u00e0 Bac+3&Prime; units=\u00a0\u00bb%\u00a0\u00bb custom_color=\u00a0\u00bb#1371ae\u00a0\u00bb][\/vc_column_inner][vc_column_inner width=\u00a0\u00bb1\/4&Prime;][vc_pie value=\u00a0\u00bb80&Prime; color=\u00a0\u00bbcustom\u00a0\u00bb css_animation=\u00a0\u00bbfadeIn\u00a0\u00bb title=\u00a0\u00bbdes ouvriers sont qualifi\u00e9s\u00a0\u00bb units=\u00a0\u00bb%\u00a0\u00bb custom_color=\u00a0\u00bb#ef53c8&Prime;][\/vc_column_inner][\/vc_row_inner][vc_column_text]<\/p>\n<h6 style=\"text-align: center;\">Source\u00a0: Enqu\u00eate IPC 2015 (Quadrat Etudes) \u00e0 partir des D\u00e9clarations Annuelles de Donn\u00e9es (DADS) de 2013<\/h6>\n<p>[\/vc_column_text][vc_separator color=\u00a0\u00bbcustom\u00a0\u00bb align=\u00a0\u00bbalign_left\u00a0\u00bb border_width=\u00a0\u00bb3&Prime; el_width=\u00a0\u00bb10&Prime; accent_color=\u00a0\u00bb#163e75&Prime;][\/vc_column][\/vc_row][vc_row bg_type=\u00a0\u00bbbg_color\u00a0\u00bb bg_color_value=\u00a0\u00bb#ffffff\u00a0\u00bb][vc_column parallax=\u00a0\u00bbcontent-moving\u00a0\u00bb width=\u00a0\u00bb1\/4&Prime; css=\u00a0\u00bb.vc_custom_1536743421649{background-color: #ffffff !important;}\u00a0\u00bb][\/vc_column][vc_column width=\u00a0\u00bb3\/4&Prime; css=\u00a0\u00bb.vc_custom_1536588387556{padding-right: 50px !important;padding-left: 50px !important;}\u00a0\u00bb][vc_custom_heading text=\u00a0\u00bb\u00c9tudes\u00a0\u00bb font_container=\u00a0\u00bbtag:h3|text_align:left\u00a0\u00bb use_theme_fonts=\u00a0\u00bbyes\u00a0\u00bb css_animation=\u00a0\u00bbfadeIn\u00a0\u00bb][vc_empty_space][vc_row_inner][vc_column_inner width=\u00a0\u00bb1\/2&Prime;]<div class=\"smile_icon_list_wrap ult_info_list_container ult-adjust-bottom-margin  \"><ul class=\"smile_icon_list left circle with_bg\"><li class=\"icon_list_item\" style=\" font-size:78px;\"><div class=\"icon_list_icon\" data-animation=\"pulse\" data-animation-delay=\"03\" style=\"font-size:26px;border-width:1px;border-style:none;background:#1db4d7;color:#ffffff;border-color:#333333;\"><i class=\"Defaults-file-pdf-o\" ><\/i><\/div><div class=\"icon_description\" id=\"Info-list-wrap-6943\" style=\"font-size:26px;\"><h3 class=\"ult-responsive info-list-heading\"  data-ultimate-target='#Info-list-wrap-6943 h3'  data-responsive-json-new='{\"font-size\":\"desktop:16px;\",\"line-height\":\"desktop:24px;\"}'  style=\"\">Portrait de l\u2019emploi dans les industries du papier carton<\/h3><div class=\"icon_description_text ult-responsive\"  data-ultimate-target='#Info-list-wrap-6943 .icon_description_text'  data-responsive-json-new='{\"font-size\":\"desktop:13px;\",\"line-height\":\"desktop:18px;\"}'  style=\"color:#1db4d7;\"><p><strong>Synth\u00e8se \u2013 d\u00e9cembre 2016<\/strong><\/p>\n<\/div><\/div><div class=\"icon_list_connector\"  style=\"border: none !important;\"><\/div><a class=\"ulimate-info-list-link\" href=\"#\" ><\/a><\/li><li class=\"icon_list_item\" style=\" font-size:78px;\"><div class=\"icon_list_icon\" data-animation=\"pulse\" data-animation-delay=\"03\" style=\"font-size:26px;border-width:1px;border-style:none;background:#1db4d7;color:#ffffff;border-color:#333333;\"><i class=\"Defaults-file-pdf-o\" ><\/i><\/div><div class=\"icon_description\" id=\"Info-list-wrap-9294\" style=\"font-size:26px;\"><h3 class=\"ult-responsive info-list-heading\"  data-ultimate-target='#Info-list-wrap-9294 h3'  data-responsive-json-new='{\"font-size\":\"desktop:16px;\",\"line-height\":\"desktop:24px;\"}'  style=\"\">Portrait de l\u2019emploi dans les industries du papier carton<\/h3><div class=\"icon_description_text ult-responsive\"  data-ultimate-target='#Info-list-wrap-9294 .icon_description_text'  data-responsive-json-new='{\"font-size\":\"desktop:13px;\",\"line-height\":\"desktop:18px;\"}'  style=\"color:#1db4d7;\"><p><strong>R\u00e9gion Auvergne-Rh\u00f4ne-Alpes \u2013 juin 2017<\/strong><\/p>\n<\/div><\/div><div class=\"icon_list_connector\"  style=\"border: none !important;\"><\/div><a class=\"ulimate-info-list-link\" href=\"#\" ><\/a><\/li><li class=\"icon_list_item\" style=\" font-size:78px;\"><div class=\"icon_list_icon\" data-animation=\"pulse\" data-animation-delay=\"03\" style=\"font-size:26px;border-width:1px;border-style:none;background:#1db4d7;color:#ffffff;border-color:#333333;\"><i class=\"Defaults-file-pdf-o\" ><\/i><\/div><div class=\"icon_description\" id=\"Info-list-wrap-1774\" style=\"font-size:26px;\"><h3 class=\"ult-responsive info-list-heading\"  data-ultimate-target='#Info-list-wrap-1774 h3'  data-responsive-json-new='{\"font-size\":\"desktop:16px;\",\"line-height\":\"desktop:24px;\"}'  style=\"\">Portrait de l\u2019emploi dans les industries du papier carton<\/h3><div class=\"icon_description_text ult-responsive\"  data-ultimate-target='#Info-list-wrap-1774 .icon_description_text'  data-responsive-json-new='{\"font-size\":\"desktop:13px;\",\"line-height\":\"desktop:18px;\"}'  style=\"color:#1db4d7;\"><p><strong>R\u00e9gion Grand Est \u2013 ao\u00fbt 2016<\/strong><\/p>\n<\/div><\/div><div class=\"icon_list_connector\"  style=\"border: none !important;\"><\/div><a class=\"ulimate-info-list-link\" href=\"#\" ><\/a><\/li><li class=\"icon_list_item\" style=\" font-size:78px;\"><div class=\"icon_list_icon\" data-animation=\"pulse\" data-animation-delay=\"03\" style=\"font-size:26px;border-width:1px;border-style:none;background:#1db4d7;color:#ffffff;border-color:#333333;\"><i class=\"Defaults-file-pdf-o\" ><\/i><\/div><div class=\"icon_description\" id=\"Info-list-wrap-7398\" style=\"font-size:26px;\"><h3 class=\"ult-responsive info-list-heading\"  data-ultimate-target='#Info-list-wrap-7398 h3'  data-responsive-json-new='{\"font-size\":\"desktop:16px;\",\"line-height\":\"desktop:24px;\"}'  style=\"\"> Rapport social<\/h3><div class=\"icon_description_text ult-responsive\"  data-ultimate-target='#Info-list-wrap-7398 .icon_description_text'  data-responsive-json-new='{\"font-size\":\"desktop:13px;\",\"line-height\":\"desktop:18px;\"}'  style=\"color:#1db4d7;\"><p><strong>2015<\/strong><\/p>\n<\/div><\/div><div class=\"icon_list_connector\"  style=\"border: none !important;\"><\/div><a class=\"ulimate-info-list-link\" href=\"#\" ><\/a><\/li><li class=\"icon_list_item\" style=\" font-size:78px;\"><div class=\"icon_list_icon\" data-animation=\"pulse\" data-animation-delay=\"03\" style=\"font-size:26px;border-width:1px;border-style:none;background:#1db4d7;color:#ffffff;border-color:#333333;\"><i class=\"Defaults-file-pdf-o\" ><\/i><\/div><div class=\"icon_description\" id=\"Info-list-wrap-8743\" style=\"font-size:26px;\"><h3 class=\"ult-responsive info-list-heading\"  data-ultimate-target='#Info-list-wrap-8743 h3'  data-responsive-json-new='{\"font-size\":\"desktop:16px;\",\"line-height\":\"desktop:24px;\"}'  style=\"\">The age of Fibre \u2013 Unfold the future<\/h3><div class=\"icon_description_text ult-responsive\"  data-ultimate-target='#Info-list-wrap-8743 .icon_description_text'  data-responsive-json-new='{\"font-size\":\"desktop:13px;\",\"line-height\":\"desktop:18px;\"}'  style=\"color:#1db4d7;\"><p><strong>Par CEPI en novembre 2015<\/strong><\/p>\n<\/div><\/div><div class=\"icon_list_connector\"  style=\"border: none !important;\"><\/div><a class=\"ulimate-info-list-link\" href=\"#\" ><\/a><\/li><\/ul><\/div>[\/vc_column_inner][vc_column_inner width=\u00a0\u00bb1\/2&Prime;]<div class=\"smile_icon_list_wrap ult_info_list_container ult-adjust-bottom-margin  \"><ul class=\"smile_icon_list left circle with_bg\"><li class=\"icon_list_item\" style=\" font-size:78px;\"><div class=\"icon_list_icon\" data-animation=\"pulse\" data-animation-delay=\"03\" style=\"font-size:26px;border-width:1px;border-style:none;background:#1db4d7;color:#ffffff;border-color:#333333;\"><i class=\"Defaults-file-pdf-o\" ><\/i><\/div><div class=\"icon_description\" id=\"Info-list-wrap-4863\" style=\"font-size:26px;\"><h3 class=\"ult-responsive info-list-heading\"  data-ultimate-target='#Info-list-wrap-4863 h3'  data-responsive-json-new='{\"font-size\":\"desktop:16px;\",\"line-height\":\"desktop:24px;\"}'  style=\"\"> \u00ab France, terre d\u2019avenir de l\u2019industrie papeti\u00e8re \u00bb <\/h3><div class=\"icon_description_text ult-responsive\"  data-ultimate-target='#Info-list-wrap-4863 .icon_description_text'  data-responsive-json-new='{\"font-size\":\"desktop:13px;\",\"line-height\":\"desktop:18px;\"}'  style=\"color:#1db4d7;\"><p><strong>par Serge Bardy, d\u00e9put\u00e9 de Maine-et-Loire, au Premier Ministre Manuel Valls, en juillet 2014<\/strong><\/p>\n<\/div><\/div><div class=\"icon_list_connector\"  style=\"border: none !important;\"><\/div><a class=\"ulimate-info-list-link\" href=\"#\" ><\/a><\/li><li class=\"icon_list_item\" style=\" font-size:78px;\"><div class=\"icon_list_icon\" data-animation=\"pulse\" data-animation-delay=\"03\" style=\"font-size:26px;border-width:1px;border-style:none;background:#1db4d7;color:#ffffff;border-color:#333333;\"><i class=\"Defaults-file-pdf-o\" ><\/i><\/div><div class=\"icon_description\" id=\"Info-list-wrap-8843\" style=\"font-size:26px;\"><h3 class=\"ult-responsive info-list-heading\"  data-ultimate-target='#Info-list-wrap-8843 h3'  data-responsive-json-new='{\"font-size\":\"desktop:16px;\",\"line-height\":\"desktop:24px;\"}'  style=\"\"> Digitalisation du recrutement de la fili\u00e8re papier carton : \u00e9tat des lieux, analyses et recommandation<\/h3><div class=\"icon_description_text ult-responsive\"  data-ultimate-target='#Info-list-wrap-8843 .icon_description_text'  data-responsive-json-new='{\"font-size\":\"desktop:13px;\",\"line-height\":\"desktop:18px;\"}'  style=\"color:#1db4d7;\"><p><strong>Par Hippocampe, en juin 2018<\/strong><\/p>\n<\/div><\/div><div class=\"icon_list_connector\"  style=\"border: none !important;\"><\/div><a class=\"ulimate-info-list-link\" href=\"#\" ><\/a><\/li><li class=\"icon_list_item\" style=\" font-size:78px;\"><div class=\"icon_list_icon\" data-animation=\"pulse\" data-animation-delay=\"03\" style=\"font-size:26px;border-width:1px;border-style:none;background:#1db4d7;color:#ffffff;border-color:#333333;\"><i class=\"Defaults-file-pdf-o\" ><\/i><\/div><div class=\"icon_description\" id=\"Info-list-wrap-6514\" style=\"font-size:26px;\"><h3 class=\"ult-responsive info-list-heading\"  data-ultimate-target='#Info-list-wrap-6514 h3'  data-responsive-json-new='{\"font-size\":\"desktop:16px;\",\"line-height\":\"desktop:24px;\"}'  style=\"\"> Perspectives 2017 \u2013 2020 dans l\u2019Intersecteur Papier Carton \u2013 Etude sur les besoins en recrutement et formation<\/h3><div class=\"icon_description_text ult-responsive\"  data-ultimate-target='#Info-list-wrap-6514 .icon_description_text'  data-responsive-json-new='{\"font-size\":\"desktop:13px;\",\"line-height\":\"desktop:18px;\"}'  style=\"color:#1db4d7;\"><p><strong>Par Arthur Hunt Consulting<\/strong><\/p>\n<\/div><\/div><div class=\"icon_list_connector\"  style=\"border: none !important;\"><\/div><a class=\"ulimate-info-list-link\" href=\"#\" ><\/a><\/li><li class=\"icon_list_item\" style=\" font-size:78px;\"><div class=\"icon_list_icon\" data-animation=\"pulse\" data-animation-delay=\"03\" style=\"font-size:26px;border-width:1px;border-style:none;background:#1db4d7;color:#ffffff;border-color:#333333;\"><i class=\"Defaults-file-pdf-o\" ><\/i><\/div><div class=\"icon_description\" id=\"Info-list-wrap-3208\" style=\"font-size:26px;\"><h3 class=\"ult-responsive info-list-heading\"  data-ultimate-target='#Info-list-wrap-3208 h3'  data-responsive-json-new='{\"font-size\":\"desktop:16px;\",\"line-height\":\"desktop:24px;\"}'  style=\"\"> Evaluation de l\u2019accord \u00e9galit\u00e9 professionnelle entre les femmes et les hommes et des mesures en faveur des jeunes et des seniors dans les industries du papier carton. <\/h3><div class=\"icon_description_text ult-responsive\"  data-ultimate-target='#Info-list-wrap-3208 .icon_description_text'  data-responsive-json-new='{\"font-size\":\"desktop:13px;\",\"line-height\":\"desktop:18px;\"}'  style=\"color:#1db4d7;\"><p><strong>Par Quadrat-Etudes, en juillet 2018<\/strong><\/p>\n<\/div><\/div><div class=\"icon_list_connector\"  style=\"border: none !important;\"><\/div><a class=\"ulimate-info-list-link\" href=\"#\" ><\/a><\/li><\/ul><\/div>[\/vc_column_inner][\/vc_row_inner][vc_empty_space][\/vc_column][\/vc_row]<\/p>\n<\/section>","protected":false},"excerpt":{"rendered":"<p>[vc_row bg_type=\u00a0\u00bbbg_color\u00a0\u00bb bg_color_value=\u00a0\u00bb#ffffff\u00a0\u00bb][vc_column parallax=\u00a0\u00bbcontent-moving\u00a0\u00bb width=\u00a0\u00bb1\/4&Prime; css=\u00a0\u00bb.vc_custom_1536743421649{background-color: #ffffff !important;}\u00a0\u00bb][vc_empty_space height=\u00a0\u00bb12px\u00a0\u00bb][vc_wp_custommenu nav_menu=\u00a0\u00bb13&Prime; el_class=\u00a0\u00bbmenu-unidisportail\u00a0\u00bb][\/vc_column][vc_column width=\u00a0\u00bb3\/4&Prime; css=\u00a0\u00bb.vc_custom_1536588387556{padding-right: 50px !important;padding-left: 50px !important;}\u00a0\u00bb][vc_custom_heading source=\u00a0\u00bbpost_title\u00a0\u00bb font_container=\u00a0\u00bbtag:h3|text_align:left\u00a0\u00bb use_theme_fonts=\u00a0\u00bbyes\u00a0\u00bb css_animation=\u00a0\u00bbfadeIn\u00a0\u00bb][vc_separator color=\u00a0\u00bbcustom\u00a0\u00bb align=\u00a0\u00bbalign_left\u00a0\u00bb border_width=\u00a0\u00bb3&Prime; el_width=\u00a0\u00bb10&Prime; accent_color=\u00a0\u00bb#163e75&Prime;][vc_row_inner][vc_column_inner width=\u00a0\u00bb1\/2&Prime;][\/vc_column_inner][vc_column_inner width=\u00a0\u00bb1\/2&Prime;][\/vc_column_inner][\/vc_row_inner][vc_row_inner][vc_column_inner width=\u00a0\u00bb1\/2&Prime;][\/vc_column_inner][vc_column_inner width=\u00a0\u00bb1\/2&Prime;][\/vc_column_inner][\/vc_row_inner][vc_column_text] Source\u00a0: Enqu\u00eate IPC 2015 (Quadrat Etudes) \u00e0 partir des D\u00e9clarations [&#8230;]<\/p>\n","protected":false},"author":3,"featured_media":0,"parent":0,"menu_order":0,"comment_status":"closed","ping_status":"closed","template":"","meta":{"_mi_skip_tracking":false,"_exactmetrics_sitenote_active":false,"_exactmetrics_sitenote_note":"","_exactmetrics_sitenote_category":0,"_monsterinsights_sitenote_active":false,"_monsterinsights_sitenote_note":"","_monsterinsights_sitenote_category":0,"footnotes":""},"aioseo_notices":[],"_links":{"self":[{"href":"https:\/\/unidis.fr\/portail\/wp-json\/wp\/v2\/pages\/3440"}],"collection":[{"href":"https:\/\/unidis.fr\/portail\/wp-json\/wp\/v2\/pages"}],"about":[{"href":"https:\/\/unidis.fr\/portail\/wp-json\/wp\/v2\/types\/page"}],"author":[{"embeddable":true,"href":"https:\/\/unidis.fr\/portail\/wp-json\/wp\/v2\/users\/3"}],"replies":[{"embeddable":true,"href":"https:\/\/unidis.fr\/portail\/wp-json\/wp\/v2\/comments?post=3440"}],"version-history":[{"count":29,"href":"https:\/\/unidis.fr\/portail\/wp-json\/wp\/v2\/pages\/3440\/revisions"}],"predecessor-version":[{"id":3820,"href":"https:\/\/unidis.fr\/portail\/wp-json\/wp\/v2\/pages\/3440\/revisions\/3820"}],"wp:attachment":[{"href":"https:\/\/unidis.fr\/portail\/wp-json\/wp\/v2\/media?parent=3440"}],"curies":[{"name":"wp","href":"https:\/\/api.w.org\/{rel}","templated":true}]}}