{"id":3322,"date":"2018-06-14T18:36:08","date_gmt":"2018-06-14T16:36:08","guid":{"rendered":"http:\/\/unidis.fr\/portail\/?page_id=3322"},"modified":"2024-02-16T10:42:32","modified_gmt":"2024-02-16T09:42:32","slug":"politique-formation","status":"publish","type":"page","link":"https:\/\/unidis.fr\/portail\/politique-formation\/","title":{"rendered":"Politique formation"},"content":{"rendered":"<section class=\"wpb-content-wrapper\"><p>[vc_row bg_type=\u00a0\u00bbbg_color\u00a0\u00bb bg_color_value=\u00a0\u00bb#ffffff\u00a0\u00bb][vc_column parallax=\u00a0\u00bbcontent-moving\u00a0\u00bb css=\u00a0\u00bb.vc_custom_1555078384522{background-color: #ffffff !important;}\u00a0\u00bb offset=\u00a0\u00bbvc_hidden-lg vc_hidden-md vc_hidden-sm\u00a0\u00bb][vc_tta_accordion color=\u00a0\u00bbsky\u00a0\u00bb c_icon=\u00a0\u00bb\u00a0\u00bb active_section=\u00a0\u00bb$\u00a0\u00bb collapsible_all=\u00a0\u00bbtrue\u00a0\u00bb][vc_tta_section i_icon_fontawesome=\u00a0\u00bbfa fa-bars\u00a0\u00bb add_icon=\u00a0\u00bbtrue\u00a0\u00bb title=\u00a0\u00bbMENU\u00a0\u00bb tab_id=\u00a0\u00bb1555076975667-ca4cfdf5-b7d3&Prime;][vc_wp_custommenu nav_menu=\u00a0\u00bb11&Prime;][\/vc_tta_section][\/vc_tta_accordion][\/vc_column][\/vc_row][vc_row bg_type=\u00a0\u00bbbg_color\u00a0\u00bb bg_color_value=\u00a0\u00bb#ffffff\u00a0\u00bb css=\u00a0\u00bb.vc_custom_1548241623968{margin-right: 20px !important;padding-right: 50px !important;}\u00a0\u00bb][vc_column width=\u00a0\u00bb1\/4&Prime; offset=\u00a0\u00bbvc_hidden-xs\u00a0\u00bb][vc_empty_space height=\u00a0\u00bb12px\u00a0\u00bb][vc_wp_custommenu nav_menu=\u00a0\u00bb11&Prime;][\/vc_column][vc_column width=\u00a0\u00bb3\/4&Prime;][vc_custom_heading source=\u00a0\u00bbpost_title\u00a0\u00bb font_container=\u00a0\u00bbtag:h3|text_align:left\u00a0\u00bb use_theme_fonts=\u00a0\u00bbyes\u00a0\u00bb css_animation=\u00a0\u00bbfadeIn\u00a0\u00bb][vc_separator color=\u00a0\u00bbcustom\u00a0\u00bb align=\u00a0\u00bbalign_left\u00a0\u00bb border_width=\u00a0\u00bb3&Prime; el_width=\u00a0\u00bb10&Prime; accent_color=\u00a0\u00bb#163e75&Prime;][vc_column_text]<\/p>\n<p style=\"text-align: justify;\">Convaincue que le d\u00e9veloppement des comp\u00e9tences des collaborateurs est un enjeu crucial pour la comp\u00e9titivit\u00e9 de ses entreprises, l\u2019Unidis a construit une politique de formation et d\u2019attractivit\u00e9 tr\u00e8s ambitieuse avec les piliers suivants\u00a0:<\/p>\n<p>[\/vc_column_text][vc_row_inner][vc_column_inner width=\u00a0\u00bb1\/4&Prime;]<div class=\"ult-just-icon-wrapper  \"><div class=\"align-icon\" style=\"text-align:center;\">\n<div class=\"aio-icon none \"  style=\"color:#173e74;font-size:32px;display:inline-block;\">\n\t<i class=\"Defaults-graduation-cap mortar-board\"><\/i>\n<\/div><\/div><\/div>[vc_column_text]<\/p>\n<h5 style=\"text-align: center;\">Cr\u00e9ation de certification de branche<\/h5>\n<p>[\/vc_column_text][\/vc_column_inner][vc_column_inner width=\u00a0\u00bb1\/4&Prime;]<div class=\"ult-just-icon-wrapper  \"><div class=\"align-icon\" style=\"text-align:center;\">\n<div class=\"aio-icon none \"  style=\"color:#173e74;font-size:32px;display:inline-block;\">\n\t<i class=\"Defaults-sliders\"><\/i>\n<\/div><\/div><\/div>[vc_column_text]<\/p>\n<h5 style=\"text-align: center;\">Mise en place d\u2019une offre de formation adapt\u00e9e<\/h5>\n<p>[\/vc_column_text][\/vc_column_inner][vc_column_inner width=\u00a0\u00bb1\/4&Prime;]<div class=\"ult-just-icon-wrapper  \"><div class=\"align-icon\" style=\"text-align:center;\">\n<div class=\"aio-icon none \"  style=\"color:#173e74;font-size:32px;display:inline-block;\">\n\t<i class=\"Defaults-desktop\"><\/i>\n<\/div><\/div><\/div>[vc_column_text]<\/p>\n<h5 style=\"text-align: center;\">Cr\u00e9ation d\u2019une plate-forme de formation digitale<\/h5>\n<p>[\/vc_column_text][\/vc_column_inner][vc_column_inner width=\u00a0\u00bb1\/4&Prime;]<div class=\"ult-just-icon-wrapper  \"><div class=\"align-icon\" style=\"text-align:center;\">\n<div class=\"aio-icon none \"  style=\"color:#173e74;font-size:32px;display:inline-block;\">\n\t<i class=\"Defaults-eur euro\"><\/i>\n<\/div><\/div><\/div>[vc_column_text]<\/p>\n<h5 style=\"text-align: center;\">Soutien financier important<\/h5>\n<p>[\/vc_column_text][\/vc_column_inner][\/vc_row_inner][vc_column_text]<\/p>\n<h5 style=\"text-align: justify;\"><strong>Politique de certification<\/strong><\/h5>\n<p style=\"text-align: justify;\">L\u2019Unidis a con\u00e7u et cr\u00e9\u00e9 \u2013 via la CPNEF (l\u2019instance paritaire en charge des questions emploi\/formation) des certifications de branche correspondant aux comp\u00e9tences actuelles et futures n\u00e9cessaires \u00e0 nos m\u00e9tiers.<\/p>\n<p style=\"text-align: justify;\">Ces certifications ont \u00e9t\u00e9 construites sous l\u2019\u00e9gide de l\u2019Unidis avec la volont\u00e9 d\u2019avoir des formations qui soient\u00a0:<\/p>\n<ul style=\"text-align: justify;\">\n<li>C\u0153ur de m\u00e9tier et qui correspondant aux besoins des industrielles ;<\/li>\n<li>Souples avec la possibilit\u00e9 de s\u2019adapter \u00e0 chaque stagiaire pour r\u00e9duire le temps de formation \u00e0 ce qui est utile ;<\/li>\n<li>Pragmatiques et pratiques ;<\/li>\n<li>\u00c9ligibles \u00e0 tous les dispositifs de financement existant au moment de leur conception\u00a0: CPF, professionnalisation, \u2026 ;<\/li>\n<li>Ouvertes \u00e0 toutes types de stagiaires\u00a0: salari\u00e9s nouvellement recrut\u00e9s ou d\u00e9j\u00e0 en poste, demandeurs d\u2019emploi, int\u00e9rimaires,\u2026<\/li>\n<\/ul>\n<p style=\"text-align: justify;\">Ces certifications se d\u00e9clinent en\u00a0:<\/p>\n<ul style=\"text-align: justify;\">\n<li>Certificats de Qualification Professionnelle\u00a0(CQP) ;<\/li>\n<li>Certifications de Comp\u00e9tences Professionnelles (CCP).<\/li>\n<\/ul>\n<p style=\"text-align: justify;\">Ces certifications peuvent \u00eatre\u00a0:<\/p>\n<ul style=\"text-align: justify;\">\n<li>sp\u00e9cifiques \u00e0 l\u2019industrie du papier carton ;<\/li>\n<li>ou inter-branches (36 secteurs professionnels adh\u00e8rent \u00e0 ce dispositif et s\u2019accordent des reconnaissance mutuelles).<\/li>\n<\/ul>\n<p style=\"text-align: justify;\">Dans ce cadre, l\u2019Unidis con\u00e7oit actuellement au sein de ses CQP des blocs de comp\u00e9tences afin de permettre plus facilement l\u2019acc\u00e8s \u00e0 la formation.<\/p>\n<h5 style=\"text-align: justify;\"><strong>Plateforme de formation \u00e0 distance<\/strong><\/h5>\n<p>L\u2019Unidis a initi\u00e9e une d\u00e9marche de formation \u00e0 distance qui permettra de compl\u00e9ter l\u2019offre p\u00e9dagogique.<\/p>\n<p>Une plate-forme en finalisation de construction sera bient\u00f4t propos\u00e9e aux entreprises de l\u2019Intersecteur du Papier carton. Elle contiendra des modules de formation sp\u00e9cifiquement d\u00e9velopp\u00e9s pour nos m\u00e9tiers.<\/p>\n<h5 style=\"text-align: justify;\"><strong>Offre de formation adapt\u00e9e<\/strong><\/h5>\n<p style=\"text-align: justify;\">Pour mettre en \u0153uvre cette politique de formation (et notamment les CQP et le CCP), l\u2019Unidis a \u00e9labor\u00e9 avec son partenaire <a href=\"https:\/\/unidis.fr\/portail\/ipc-formation\/\" target=\"_blank\" rel=\"noopener\">IPC FORMATION<\/a> (ainsi que les membres de son r\u00e9seau d\u2019organisme de formation) une offre de formation adapt\u00e9e et souple.<\/p>\n<h5 style=\"text-align: justify;\"><strong>Soutien financier<\/strong><\/h5>\n<p style=\"text-align: justify;\">L\u2019Unidis m\u00e8ne une politique pro-active pour soutenir\u00a0:<\/p>\n<ul style=\"text-align: justify;\">\n<li>Les CFA (Centres de Formation des Apprentis) d\u00e9livrant des dipl\u00f4mes correspondant \u00e0 nos m\u00e9tiers ;<\/li>\n<li>Les formations \u00ab\u00a0c\u0153ur de m\u00e9tiers\u00a0\u00bb et plus particuli\u00e8rement les CQP qui b\u00e9n\u00e9ficiaient de prise en charge quasiment int\u00e9grale (notamment via le CPF) avec dans certains cas la prise en charge d\u2019une partie des maintiens de r\u00e9mun\u00e9rations.<\/li>\n<\/ul>\n<p style=\"text-align: justify;\">L\u2019Unidis \u0153uvrera pour maintenir cet effort financier dans le nouvel environnement qui \u00e9mergera \u00e0 l\u2019entr\u00e9e en vigueur de la loi \u00ab\u00a0avenir professionnel\u00a0\u00bb.<\/p>\n<p style=\"text-align: justify;\">Enfin, l\u2019Unidis pilote avec l\u2019Afifor de nombreuses actions pour promouvoir notre fili\u00e8re et nos m\u00e9tiers aupr\u00e8s d\u2019un large public\u00a0: jeunes, grand public, enseignants, \u00e9ducation nationale, \u2026<\/p>\n<p>[\/vc_column_text][vc_empty_space height=\u00a0\u00bb60px\u00a0\u00bb][\/vc_column][\/vc_row]<\/p>\n<\/section>","protected":false},"excerpt":{"rendered":"<p>[vc_row bg_type=\u00a0\u00bbbg_color\u00a0\u00bb bg_color_value=\u00a0\u00bb#ffffff\u00a0\u00bb][vc_column parallax=\u00a0\u00bbcontent-moving\u00a0\u00bb css=\u00a0\u00bb.vc_custom_1555078384522{background-color: #ffffff !important;}\u00a0\u00bb offset=\u00a0\u00bbvc_hidden-lg vc_hidden-md vc_hidden-sm\u00a0\u00bb][vc_tta_accordion color=\u00a0\u00bbsky\u00a0\u00bb c_icon=\u00a0\u00bb\u00a0\u00bb active_section=\u00a0\u00bb$\u00a0\u00bb collapsible_all=\u00a0\u00bbtrue\u00a0\u00bb][vc_tta_section i_icon_fontawesome=\u00a0\u00bbfa fa-bars\u00a0\u00bb add_icon=\u00a0\u00bbtrue\u00a0\u00bb title=\u00a0\u00bbMENU\u00a0\u00bb tab_id=\u00a0\u00bb1555076975667-ca4cfdf5-b7d3&Prime;][vc_wp_custommenu nav_menu=\u00a0\u00bb11&Prime;][\/vc_tta_section][\/vc_tta_accordion][\/vc_column][\/vc_row][vc_row bg_type=\u00a0\u00bbbg_color\u00a0\u00bb bg_color_value=\u00a0\u00bb#ffffff\u00a0\u00bb css=\u00a0\u00bb.vc_custom_1548241623968{margin-right: 20px !important;padding-right: 50px !important;}\u00a0\u00bb][vc_column width=\u00a0\u00bb1\/4&Prime; offset=\u00a0\u00bbvc_hidden-xs\u00a0\u00bb][vc_empty_space height=\u00a0\u00bb12px\u00a0\u00bb][vc_wp_custommenu nav_menu=\u00a0\u00bb11&Prime;][\/vc_column][vc_column width=\u00a0\u00bb3\/4&Prime;][vc_custom_heading source=\u00a0\u00bbpost_title\u00a0\u00bb font_container=\u00a0\u00bbtag:h3|text_align:left\u00a0\u00bb use_theme_fonts=\u00a0\u00bbyes\u00a0\u00bb css_animation=\u00a0\u00bbfadeIn\u00a0\u00bb][vc_separator color=\u00a0\u00bbcustom\u00a0\u00bb align=\u00a0\u00bbalign_left\u00a0\u00bb border_width=\u00a0\u00bb3&Prime; el_width=\u00a0\u00bb10&Prime; [&#8230;]<\/p>\n","protected":false},"author":2,"featured_media":0,"parent":0,"menu_order":0,"comment_status":"closed","ping_status":"closed","template":"","meta":{"_mi_skip_tracking":false,"_exactmetrics_sitenote_active":false,"_exactmetrics_sitenote_note":"","_exactmetrics_sitenote_category":0,"_monsterinsights_sitenote_active":false,"_monsterinsights_sitenote_note":"","_monsterinsights_sitenote_category":0,"footnotes":""},"aioseo_notices":[],"_links":{"self":[{"href":"https:\/\/unidis.fr\/portail\/wp-json\/wp\/v2\/pages\/3322"}],"collection":[{"href":"https:\/\/unidis.fr\/portail\/wp-json\/wp\/v2\/pages"}],"about":[{"href":"https:\/\/unidis.fr\/portail\/wp-json\/wp\/v2\/types\/page"}],"author":[{"embeddable":true,"href":"https:\/\/unidis.fr\/portail\/wp-json\/wp\/v2\/users\/2"}],"replies":[{"embeddable":true,"href":"https:\/\/unidis.fr\/portail\/wp-json\/wp\/v2\/comments?post=3322"}],"version-history":[{"count":21,"href":"https:\/\/unidis.fr\/portail\/wp-json\/wp\/v2\/pages\/3322\/revisions"}],"predecessor-version":[{"id":8734,"href":"https:\/\/unidis.fr\/portail\/wp-json\/wp\/v2\/pages\/3322\/revisions\/8734"}],"wp:attachment":[{"href":"https:\/\/unidis.fr\/portail\/wp-json\/wp\/v2\/media?parent=3322"}],"curies":[{"name":"wp","href":"https:\/\/api.w.org\/{rel}","templated":true}]}}