{"id":3299,"date":"2018-06-14T18:13:02","date_gmt":"2018-06-14T16:13:02","guid":{"rendered":"http:\/\/unidis.fr\/portail\/?page_id=3299"},"modified":"2021-03-01T15:52:28","modified_gmt":"2021-03-01T14:52:28","slug":"nos-partenaires","status":"publish","type":"page","link":"https:\/\/unidis.fr\/portail\/nos-partenaires\/","title":{"rendered":"La valeur ajout\u00e9e et les services"},"content":{"rendered":"<section class=\"wpb-content-wrapper\"><p>[vc_row bg_type=\u00a0\u00bbbg_color\u00a0\u00bb bg_color_value=\u00a0\u00bb#ffffff\u00a0\u00bb][vc_column parallax=\u00a0\u00bbcontent-moving\u00a0\u00bb css=\u00a0\u00bb.vc_custom_1555078384522{background-color: #ffffff !important;}\u00a0\u00bb offset=\u00a0\u00bbvc_hidden-lg vc_hidden-md vc_hidden-sm\u00a0\u00bb][vc_tta_accordion color=\u00a0\u00bbsky\u00a0\u00bb c_icon=\u00a0\u00bb\u00a0\u00bb active_section=\u00a0\u00bb$\u00a0\u00bb collapsible_all=\u00a0\u00bbtrue\u00a0\u00bb][vc_tta_section i_icon_fontawesome=\u00a0\u00bbfa fa-bars\u00a0\u00bb add_icon=\u00a0\u00bbtrue\u00a0\u00bb title=\u00a0\u00bbMENU\u00a0\u00bb tab_id=\u00a0\u00bb1555076975667-ca4cfdf5-b7d3&Prime;][vc_wp_custommenu nav_menu=\u00a0\u00bb11&Prime;][\/vc_tta_section][\/vc_tta_accordion][\/vc_column][\/vc_row][vc_row bg_type=\u00a0\u00bbbg_color\u00a0\u00bb bg_color_value=\u00a0\u00bb#ffffff\u00a0\u00bb css=\u00a0\u00bb.vc_custom_1548241502357{margin-right: 20px !important;padding-right: 20px !important;}\u00a0\u00bb][vc_column width=\u00a0\u00bb1\/4&Prime; offset=\u00a0\u00bbvc_hidden-xs\u00a0\u00bb][vc_empty_space height=\u00a0\u00bb12px\u00a0\u00bb][vc_wp_custommenu nav_menu=\u00a0\u00bb11&Prime;][\/vc_column][vc_column width=\u00a0\u00bb3\/4&Prime;][vc_custom_heading source=\u00a0\u00bbpost_title\u00a0\u00bb font_container=\u00a0\u00bbtag:h3|text_align:left\u00a0\u00bb use_theme_fonts=\u00a0\u00bbyes\u00a0\u00bb css_animation=\u00a0\u00bbfadeIn\u00a0\u00bb][vc_separator color=\u00a0\u00bbcustom\u00a0\u00bb align=\u00a0\u00bbalign_left\u00a0\u00bb border_width=\u00a0\u00bb3&Prime; el_width=\u00a0\u00bb10&Prime; accent_color=\u00a0\u00bb#163e75&Prime;][vc_column_text el_class=\u00a0\u00bbjustify\u00a0\u00bb]<\/p>\n<p style=\"text-align: justify;\"><strong>Notre valeur ajout\u00e9e\u00a0: l&rsquo;unique r\u00e9f\u00e9rent social de <\/strong><strong>l\u2019Intersecteur\u00a0<\/strong><strong>Papiers Cartons.<\/strong><\/p>\n<p style=\"text-align: justify;\">L\u2019Unidis a une double l\u00e9gitimit\u00e9 et pertinence\u00a0:<\/p>\n<ul style=\"text-align: justify;\">\n<li><strong>unique organisation professionnelle couvrant l\u2019ensemble des branches<\/strong>\u00a0<strong>de l&rsquo;Intersecteur\u00a0<\/strong><strong>Papiers Cartons<\/strong><\/li>\n<li><strong>f\u00e9d\u00e8re les diff\u00e9rentes composantes de l\u2019IPC en termes :<\/strong>\n<ul>\n<li>de taille d\u2019entreprise (de la TPE au groupe internationale) ;<\/li>\n<li>de processus de fabrication ;<\/li>\n<li>de march\u00e9 ;<\/li>\n<li>d\u2019effectifs salari\u00e9s.<\/li>\n<\/ul>\n<\/li>\n<\/ul>\n<p style=\"text-align: justify;\">Cette position offre \u00e0 l\u2019Unidis <strong>une v\u00e9ritable expertise\u00a0<\/strong>afin de mener \u00e0 bien ses missions en r\u00e9pondant pr\u00e9cis\u00e9ment aux probl\u00e9matiques et aux besoins des entreprises.<\/p>\n<p style=\"text-align: justify;\"><strong>Chaque ann\u00e9e, plus de 1.000 questions sont pos\u00e9es \u00e0 notre Hotline juridique sociale, cela forge notre expertise technique et de terrain.<\/strong><\/p>\n<p style=\"text-align: justify;\">Nos principaux services \u2013 au-del\u00e0 de notre mission dans la conduite de la politique sociale (dialogue social, repr\u00e9sentation sur sant\u00e9 et s\u00e9curit\u00e9 au travail, convention collective, politique formation) \u2013 s\u2019articulent autour des axes suivants\u00a0:<\/p>\n<ul>\n<li style=\"text-align: justify;\">conseil et information en droit social ;<\/li>\n<li style=\"text-align: justify;\">accompagnement RH ;<\/li>\n<li style=\"text-align: justify;\">conseil \/ information en mati\u00e8re sant\u00e9 s\u00e9curit\u00e9.<\/li>\n<\/ul>\n<p>[\/vc_column_text][\/vc_column][\/vc_row]<\/p>\n<\/section>","protected":false},"excerpt":{"rendered":"<p>[vc_row bg_type=\u00a0\u00bbbg_color\u00a0\u00bb bg_color_value=\u00a0\u00bb#ffffff\u00a0\u00bb][vc_column parallax=\u00a0\u00bbcontent-moving\u00a0\u00bb css=\u00a0\u00bb.vc_custom_1555078384522{background-color: #ffffff !important;}\u00a0\u00bb offset=\u00a0\u00bbvc_hidden-lg vc_hidden-md vc_hidden-sm\u00a0\u00bb][vc_tta_accordion color=\u00a0\u00bbsky\u00a0\u00bb c_icon=\u00a0\u00bb\u00a0\u00bb active_section=\u00a0\u00bb$\u00a0\u00bb collapsible_all=\u00a0\u00bbtrue\u00a0\u00bb][vc_tta_section i_icon_fontawesome=\u00a0\u00bbfa fa-bars\u00a0\u00bb add_icon=\u00a0\u00bbtrue\u00a0\u00bb title=\u00a0\u00bbMENU\u00a0\u00bb tab_id=\u00a0\u00bb1555076975667-ca4cfdf5-b7d3&Prime;][vc_wp_custommenu nav_menu=\u00a0\u00bb11&Prime;][\/vc_tta_section][\/vc_tta_accordion][\/vc_column][\/vc_row][vc_row bg_type=\u00a0\u00bbbg_color\u00a0\u00bb bg_color_value=\u00a0\u00bb#ffffff\u00a0\u00bb css=\u00a0\u00bb.vc_custom_1548241502357{margin-right: 20px !important;padding-right: 20px !important;}\u00a0\u00bb][vc_column width=\u00a0\u00bb1\/4&Prime; offset=\u00a0\u00bbvc_hidden-xs\u00a0\u00bb][vc_empty_space height=\u00a0\u00bb12px\u00a0\u00bb][vc_wp_custommenu nav_menu=\u00a0\u00bb11&Prime;][\/vc_column][vc_column width=\u00a0\u00bb3\/4&Prime;][vc_custom_heading source=\u00a0\u00bbpost_title\u00a0\u00bb font_container=\u00a0\u00bbtag:h3|text_align:left\u00a0\u00bb use_theme_fonts=\u00a0\u00bbyes\u00a0\u00bb css_animation=\u00a0\u00bbfadeIn\u00a0\u00bb][vc_separator color=\u00a0\u00bbcustom\u00a0\u00bb align=\u00a0\u00bbalign_left\u00a0\u00bb border_width=\u00a0\u00bb3&Prime; el_width=\u00a0\u00bb10&Prime; [&#8230;]<\/p>\n","protected":false},"author":2,"featured_media":0,"parent":0,"menu_order":0,"comment_status":"closed","ping_status":"closed","template":"","meta":{"_mi_skip_tracking":false,"_exactmetrics_sitenote_active":false,"_exactmetrics_sitenote_note":"","_exactmetrics_sitenote_category":0,"_monsterinsights_sitenote_active":false,"_monsterinsights_sitenote_note":"","_monsterinsights_sitenote_category":0,"footnotes":""},"aioseo_notices":[],"_links":{"self":[{"href":"https:\/\/unidis.fr\/portail\/wp-json\/wp\/v2\/pages\/3299"}],"collection":[{"href":"https:\/\/unidis.fr\/portail\/wp-json\/wp\/v2\/pages"}],"about":[{"href":"https:\/\/unidis.fr\/portail\/wp-json\/wp\/v2\/types\/page"}],"author":[{"embeddable":true,"href":"https:\/\/unidis.fr\/portail\/wp-json\/wp\/v2\/users\/2"}],"replies":[{"embeddable":true,"href":"https:\/\/unidis.fr\/portail\/wp-json\/wp\/v2\/comments?post=3299"}],"version-history":[{"count":22,"href":"https:\/\/unidis.fr\/portail\/wp-json\/wp\/v2\/pages\/3299\/revisions"}],"predecessor-version":[{"id":6588,"href":"https:\/\/unidis.fr\/portail\/wp-json\/wp\/v2\/pages\/3299\/revisions\/6588"}],"wp:attachment":[{"href":"https:\/\/unidis.fr\/portail\/wp-json\/wp\/v2\/media?parent=3299"}],"curies":[{"name":"wp","href":"https:\/\/api.w.org\/{rel}","templated":true}]}}