{"id":3297,"date":"2018-06-14T18:12:48","date_gmt":"2018-06-14T16:12:48","guid":{"rendered":"http:\/\/unidis.fr\/portail\/?page_id=3297"},"modified":"2026-01-26T09:48:53","modified_gmt":"2026-01-26T08:48:53","slug":"gouvernance","status":"publish","type":"page","link":"https:\/\/unidis.fr\/portail\/gouvernance\/","title":{"rendered":"Gouvernance"},"content":{"rendered":"<section class=\"wpb-content-wrapper\"><p>[vc_row bg_type=\u00a0\u00bbbg_color\u00a0\u00bb bg_color_value=\u00a0\u00bb#ffffff\u00a0\u00bb][vc_column parallax=\u00a0\u00bbcontent-moving\u00a0\u00bb css=\u00a0\u00bb.vc_custom_1555078384522{background-color: #ffffff !important;}\u00a0\u00bb offset=\u00a0\u00bbvc_hidden-lg vc_hidden-md vc_hidden-sm\u00a0\u00bb][vc_tta_accordion color=\u00a0\u00bbsky\u00a0\u00bb c_icon=\u00a0\u00bb\u00a0\u00bb active_section=\u00a0\u00bb$\u00a0\u00bb collapsible_all=\u00a0\u00bbtrue\u00a0\u00bb][vc_tta_section i_icon_fontawesome=\u00a0\u00bbfa fa-bars\u00a0\u00bb add_icon=\u00a0\u00bbtrue\u00a0\u00bb title=\u00a0\u00bbMENU\u00a0\u00bb tab_id=\u00a0\u00bb1555076975667-ca4cfdf5-b7d3&Prime;][vc_wp_custommenu nav_menu=\u00a0\u00bb11&Prime;][\/vc_tta_section][\/vc_tta_accordion][\/vc_column][\/vc_row][vc_row bg_type=\u00a0\u00bbbg_color\u00a0\u00bb bg_color_value=\u00a0\u00bb#ffffff\u00a0\u00bb][vc_column parallax=\u00a0\u00bbcontent-moving\u00a0\u00bb width=\u00a0\u00bb1\/4&Prime; css=\u00a0\u00bb.vc_custom_1555078515291{background-color: #ffffff !important;}\u00a0\u00bb offset=\u00a0\u00bbvc_hidden-xs\u00a0\u00bb][vc_empty_space height=\u00a0\u00bb12px\u00a0\u00bb][vc_wp_custommenu nav_menu=\u00a0\u00bb11&Prime; el_class=\u00a0\u00bbmenu-unidisportail\u00a0\u00bb][\/vc_column][vc_column width=\u00a0\u00bb3\/4&Prime; css=\u00a0\u00bb.vc_custom_1536588387556{padding-right: 50px !important;padding-left: 50px !important;}\u00a0\u00bb][vc_empty_space][vc_custom_heading source=\u00a0\u00bbpost_title\u00a0\u00bb font_container=\u00a0\u00bbtag:h3|text_align:left\u00a0\u00bb use_theme_fonts=\u00a0\u00bbyes\u00a0\u00bb css_animation=\u00a0\u00bbfadeIn\u00a0\u00bb][vc_separator color=\u00a0\u00bbcustom\u00a0\u00bb align=\u00a0\u00bbalign_left\u00a0\u00bb border_width=\u00a0\u00bb3&Prime; el_width=\u00a0\u00bb10&Prime; accent_color=\u00a0\u00bb#163e75&Prime;][vc_column_text el_class=\u00a0\u00bbjustify\u00a0\u00bb]L\u2019Unidis a \u00e9t\u00e9 sp\u00e9cifiquement cr\u00e9\u00e9e par les F\u00e9d\u00e9rations Membres pour repr\u00e9senter leurs entreprises adh\u00e9rentes dans les domaines li\u00e9s au social, \u00e0 la formation, aux ressources humaines et \u00e0 la promotion des m\u00e9tiers.<\/p>\n<p>C\u2019est avec cet ADN \u00ab entreprise \u00bb que l\u2019Unidis est pilot\u00e9e et mandat\u00e9e par un Conseil d\u2019Administration repr\u00e9sentant la diversit\u00e9 des entreprises de l\u2019Intersecteur Papiers Cartons.<\/p>\n<p>Le Conseil d\u2019administration de l\u2019Unidis est <strong>compos\u00e9 de dirigeants d\u2019entreprises, de DRH ou de repr\u00e9sentants de F\u00e9d\u00e9rations Membres.<\/strong>[\/vc_column_text][vc_row_inner gap=\u00a0\u00bb5&Prime;][vc_column_inner css=\u00a0\u00bb.vc_custom_1536856496588{background-color: #dbe4ec !important;}\u00a0\u00bb]<div class=\"ult-just-icon-wrapper  \"><div class=\"align-icon\" style=\"text-align:center;\">\n<div class=\"aio-icon none \" data-animation=\"bounceIn\" data-animation-delay=\"03\" style=\"color:#173e74;font-size:30px;display:inline-block;\">\n\t<i class=\"Defaults-street-view\"><\/i>\n<\/div><\/div><\/div>[vc_column_text]<\/p>\n<p style=\"text-align: center;\"><strong>BUREAU UNIDIS<br \/>\nMandature 2025 \/ 2026<br \/>\n<\/strong><\/p>\n<p>[\/vc_column_text][\/vc_column_inner][\/vc_row_inner][vc_row_inner gap=\u00a0\u00bb5&Prime;][vc_column_inner css=\u00a0\u00bb.vc_custom_1536856722795{background-color: #eff0f2 !important;}\u00a0\u00bb][vc_column_text]<\/p>\n<p style=\"text-align: center;\">D\u00e9l\u00e9gu\u00e9e G\u00e9n\u00e9rale : <strong>Caroline ANQUETIL<\/strong><\/p>\n<p style=\"text-align: center;\">Pr\u00e9sidence : <strong>Fran\u00e7ois VESSIERE<\/strong> &#8211; FIBRE EXCELLENCE<\/p>\n<p style=\"text-align: center;\">Membres du Bureau :<br \/>\n<strong>Chrystelle BORDIER<\/strong> &#8211; Entreprise ETIQROLL pour l&rsquo;UNFEA \/ Vice-pr\u00e9sidence<br \/>\n<strong>Val\u00e9rie GUENIN<\/strong> &#8211; COF \/ Tr\u00e9sori\u00e8re<br \/>\n<strong>Laurence DREZET<\/strong> &#8211; WEPA France\/ Membre Administrateur<\/p>\n<p>[\/vc_column_text][\/vc_column_inner][\/vc_row_inner][vc_empty_space][vc_row_inner gap=\u00a0\u00bb5&Prime;][vc_column_inner width=\u00a0\u00bb1\/3&Prime; css=\u00a0\u00bb.vc_custom_1536856496588{background-color: #dbe4ec !important;}\u00a0\u00bb]<div class=\"ult-just-icon-wrapper  \"><div class=\"align-icon\" style=\"text-align:center;\">\n<div class=\"aio-icon none \" data-animation=\"bounceIn\" data-animation-delay=\"03\" style=\"color:#173e74;font-size:30px;display:inline-block;\">\n\t<i class=\"Defaults-bank institution university\"><\/i>\n<\/div><\/div><\/div>[vc_column_text]<\/p>\n<p style=\"text-align: center;\"><strong>F\u00c9D\u00c9RATION<\/strong><\/p>\n<p>[\/vc_column_text][\/vc_column_inner][vc_column_inner width=\u00a0\u00bb1\/3&Prime; css=\u00a0\u00bb.vc_custom_1536856524780{background-color: #dbe4ec !important;}\u00a0\u00bb]<div class=\"ult-just-icon-wrapper  \"><div class=\"align-icon\" style=\"text-align:center;\">\n<div class=\"aio-icon none \" data-animation=\"bounceIn\" data-animation-delay=\"03\" style=\"color:#173e74;font-size:30px;display:inline-block;\">\n\t<i class=\"Defaults-street-view\"><\/i>\n<\/div><\/div><\/div>[vc_column_text]<\/p>\n<p style=\"text-align: center;\"><strong>PR\u00c9NOM &amp; NOM<\/strong><\/p>\n<p>[\/vc_column_text][\/vc_column_inner][vc_column_inner width=\u00a0\u00bb1\/3&Prime; css=\u00a0\u00bb.vc_custom_1536856534802{background-color: #dbe4ec !important;}\u00a0\u00bb]<div class=\"ult-just-icon-wrapper  \"><div class=\"align-icon\" style=\"text-align:center;\">\n<div class=\"aio-icon none \" data-animation=\"bounceIn\" data-animation-delay=\"03\" style=\"color:#173e74;font-size:30px;display:inline-block;\">\n\t<i class=\"Defaults-building-o\"><\/i>\n<\/div><\/div><\/div>[vc_column_text css=\u00a0\u00bb.vc_custom_1536856576411{border-radius: 2px !important;}\u00a0\u00bb]<\/p>\n<p style=\"text-align: center;\"><strong>ENTREPRISE<\/strong><\/p>\n<p>[\/vc_column_text][\/vc_column_inner][\/vc_row_inner][vc_row_inner gap=\u00a0\u00bb5&Prime;][vc_column_inner width=\u00a0\u00bb1\/3&Prime; css=\u00a0\u00bb.vc_custom_1536856722795{background-color: #eff0f2 !important;}\u00a0\u00bb][vc_column_text]<\/p>\n<p style=\"text-align: center;\">COPACEL<br \/>\nCOPACEL<br \/>\nCOPACEL<br \/>\nCOPACEL<br \/>\nCOPACEL<br \/>\nCOPACEL<br \/>\nCOPACEL<br \/>\nCOPACEL<br \/>\nCOF<br \/>\nCOF<br \/>\nCOF<br \/>\nCOF<br \/>\nGROUP\u2019HYGIENE<br \/>\nGROUP\u2019HYGIENE<br \/>\nGROUP\u2019HYGIENE<br \/>\nUNFEA<br \/>\nCAP<\/p>\n<p>[\/vc_column_text][\/vc_column_inner][vc_column_inner width=\u00a0\u00bb1\/3&Prime; css=\u00a0\u00bb.vc_custom_1536856920603{background-color: #eff0f2 !important;}\u00a0\u00bb][vc_column_text css_animation=\u00a0\u00bbnone\u00a0\u00bb]<\/p>\n<p style=\"text-align: center;\"><strong>S\u00e9verine BUTHIER<\/strong><br \/>\n<strong>J\u00e9r\u00f4me FAVAS<\/strong><br \/>\n<strong>Jean-Bernard DUTRIEUX<\/strong><br \/>\n<strong>Gael HURARD<\/strong><br \/>\n<strong>Julie LOUSSERT<\/strong><br \/>\n<strong>Julien ELLIE<\/strong><br \/>\n<strong>Val\u00e9rie RUFFIN<\/strong><br \/>\n<strong>Fran\u00e7ois VESSIERE<\/strong><br \/>\n<strong>Meryll EDERY<\/strong><br \/>\n<strong>Patricia BACHOFFER<\/strong><br \/>\n<strong>Val\u00e9rie GUENIN<\/strong><br \/>\n<strong>Sylvain MONNIER<\/strong><br \/>\n<strong>\u00c0 venir<\/strong><br \/>\n<strong>Val\u00e9rie POUILLAT<\/strong><br \/>\n<strong>Laurence DREZET<\/strong><br \/>\n<strong>Chrystelle BORDIER<\/strong><br \/>\n<strong>Franz THIBAULT<\/strong><\/p>\n<p>[\/vc_column_text][\/vc_column_inner][vc_column_inner width=\u00a0\u00bb1\/3&Prime; css=\u00a0\u00bb.vc_custom_1536856927603{background-color: #eff0f2 !important;}\u00a0\u00bb][vc_column_text]<\/p>\n<p style=\"text-align: center;\">NORSKESKOG<br \/>\nSOFIDEL<br \/>\nLA ROCHETTE CARTON BOARD<br \/>\nESSITY<br \/>\nAHLSTROM<br \/>\nGROUPE GASCOGNE<br \/>\nCANSON<br \/>\nFIBRE EXCELLENCE<br \/>\nDS SMITH Packaging Division<br \/>\nSAICA<br \/>\nALLARD EMBALLAGES<br \/>\nSMURFIT WESTROCK<br \/>\n\u2014<br \/>\nGROUP\u2019HYGIENE<br \/>\nWEPA France<br \/>\nETIQROLL<br \/>\nTHIBAULT BERGERON<\/p>\n<p>[\/vc_column_text][\/vc_column_inner][\/vc_row_inner][vc_empty_space][vc_empty_space][\/vc_column][\/vc_row]<\/p>\n<\/section>","protected":false},"excerpt":{"rendered":"<p>[vc_row bg_type=\u00a0\u00bbbg_color\u00a0\u00bb bg_color_value=\u00a0\u00bb#ffffff\u00a0\u00bb][vc_column parallax=\u00a0\u00bbcontent-moving\u00a0\u00bb css=\u00a0\u00bb.vc_custom_1555078384522{background-color: #ffffff !important;}\u00a0\u00bb offset=\u00a0\u00bbvc_hidden-lg vc_hidden-md vc_hidden-sm\u00a0\u00bb][vc_tta_accordion color=\u00a0\u00bbsky\u00a0\u00bb c_icon=\u00a0\u00bb\u00a0\u00bb active_section=\u00a0\u00bb$\u00a0\u00bb collapsible_all=\u00a0\u00bbtrue\u00a0\u00bb][vc_tta_section i_icon_fontawesome=\u00a0\u00bbfa fa-bars\u00a0\u00bb add_icon=\u00a0\u00bbtrue\u00a0\u00bb title=\u00a0\u00bbMENU\u00a0\u00bb tab_id=\u00a0\u00bb1555076975667-ca4cfdf5-b7d3&Prime;][vc_wp_custommenu nav_menu=\u00a0\u00bb11&Prime;][\/vc_tta_section][\/vc_tta_accordion][\/vc_column][\/vc_row][vc_row bg_type=\u00a0\u00bbbg_color\u00a0\u00bb bg_color_value=\u00a0\u00bb#ffffff\u00a0\u00bb][vc_column parallax=\u00a0\u00bbcontent-moving\u00a0\u00bb width=\u00a0\u00bb1\/4&Prime; css=\u00a0\u00bb.vc_custom_1555078515291{background-color: #ffffff !important;}\u00a0\u00bb offset=\u00a0\u00bbvc_hidden-xs\u00a0\u00bb][vc_empty_space height=\u00a0\u00bb12px\u00a0\u00bb][vc_wp_custommenu nav_menu=\u00a0\u00bb11&Prime; el_class=\u00a0\u00bbmenu-unidisportail\u00a0\u00bb][\/vc_column][vc_column width=\u00a0\u00bb3\/4&Prime; css=\u00a0\u00bb.vc_custom_1536588387556{padding-right: 50px !important;padding-left: 50px !important;}\u00a0\u00bb][vc_empty_space][vc_custom_heading source=\u00a0\u00bbpost_title\u00a0\u00bb font_container=\u00a0\u00bbtag:h3|text_align:left\u00a0\u00bb use_theme_fonts=\u00a0\u00bbyes\u00a0\u00bb [&#8230;]<\/p>\n","protected":false},"author":2,"featured_media":0,"parent":0,"menu_order":0,"comment_status":"closed","ping_status":"closed","template":"","meta":{"_mi_skip_tracking":false,"_exactmetrics_sitenote_active":false,"_exactmetrics_sitenote_note":"","_exactmetrics_sitenote_category":0,"_monsterinsights_sitenote_active":false,"_monsterinsights_sitenote_note":"","_monsterinsights_sitenote_category":0,"footnotes":""},"aioseo_notices":[],"_links":{"self":[{"href":"https:\/\/unidis.fr\/portail\/wp-json\/wp\/v2\/pages\/3297"}],"collection":[{"href":"https:\/\/unidis.fr\/portail\/wp-json\/wp\/v2\/pages"}],"about":[{"href":"https:\/\/unidis.fr\/portail\/wp-json\/wp\/v2\/types\/page"}],"author":[{"embeddable":true,"href":"https:\/\/unidis.fr\/portail\/wp-json\/wp\/v2\/users\/2"}],"replies":[{"embeddable":true,"href":"https:\/\/unidis.fr\/portail\/wp-json\/wp\/v2\/comments?post=3297"}],"version-history":[{"count":83,"href":"https:\/\/unidis.fr\/portail\/wp-json\/wp\/v2\/pages\/3297\/revisions"}],"predecessor-version":[{"id":9516,"href":"https:\/\/unidis.fr\/portail\/wp-json\/wp\/v2\/pages\/3297\/revisions\/9516"}],"wp:attachment":[{"href":"https:\/\/unidis.fr\/portail\/wp-json\/wp\/v2\/media?parent=3297"}],"curies":[{"name":"wp","href":"https:\/\/api.w.org\/{rel}","templated":true}]}}