{"id":1075,"date":"2017-02-20T09:20:47","date_gmt":"2017-02-20T09:20:47","guid":{"rendered":"http:\/\/devm1.ithardcore.com\/?page_id=1075"},"modified":"2024-02-20T11:10:01","modified_gmt":"2024-02-20T10:10:01","slug":"unidis","status":"publish","type":"page","link":"https:\/\/unidis.fr\/portail\/","title":{"rendered":"Unidis : qui sommes-nous ?"},"content":{"rendered":"<section class=\"wpb-content-wrapper\"><p>[vc_row bg_type=\u00a0\u00bbbg_color\u00a0\u00bb bg_color_value=\u00a0\u00bb#ffffff\u00a0\u00bb][vc_column parallax=\u00a0\u00bbcontent-moving\u00a0\u00bb css=\u00a0\u00bb.vc_custom_1555078384522{background-color: #ffffff !important;}\u00a0\u00bb offset=\u00a0\u00bbvc_hidden-lg vc_hidden-md vc_hidden-sm\u00a0\u00bb][vc_tta_accordion color=\u00a0\u00bbsky\u00a0\u00bb c_icon=\u00a0\u00bb\u00a0\u00bb active_section=\u00a0\u00bb$\u00a0\u00bb collapsible_all=\u00a0\u00bbtrue\u00a0\u00bb][vc_tta_section i_icon_fontawesome=\u00a0\u00bbfa fa-bars\u00a0\u00bb add_icon=\u00a0\u00bbtrue\u00a0\u00bb title=\u00a0\u00bbMENU\u00a0\u00bb tab_id=\u00a0\u00bb1555076975667-ca4cfdf5-b7d3&Prime;][vc_wp_custommenu nav_menu=\u00a0\u00bb11&Prime;][\/vc_tta_section][\/vc_tta_accordion][\/vc_column][\/vc_row][vc_row bg_type=\u00a0\u00bbbg_color\u00a0\u00bb bg_color_value=\u00a0\u00bb#ffffff\u00a0\u00bb][vc_column parallax=\u00a0\u00bbcontent-moving\u00a0\u00bb width=\u00a0\u00bb1\/4&Prime; css=\u00a0\u00bb.vc_custom_1555070821841{background-color: #ffffff !important;}\u00a0\u00bb offset=\u00a0\u00bbvc_hidden-xs\u00a0\u00bb][vc_empty_space height=\u00a0\u00bb12px\u00a0\u00bb][vc_wp_custommenu nav_menu=\u00a0\u00bb11&Prime; el_class=\u00a0\u00bbmenu-unidisportail\u00a0\u00bb][\/vc_column][vc_column width=\u00a0\u00bb3\/4&Prime; css=\u00a0\u00bb.vc_custom_1536588387556{padding-right: 50px !important;padding-left: 50px !important;}\u00a0\u00bb][vc_custom_heading source=\u00a0\u00bbpost_title\u00a0\u00bb font_container=\u00a0\u00bbtag:h3|text_align:left\u00a0\u00bb use_theme_fonts=\u00a0\u00bbyes\u00a0\u00bb css_animation=\u00a0\u00bbfadeIn\u00a0\u00bb][vc_separator color=\u00a0\u00bbcustom\u00a0\u00bb align=\u00a0\u00bbalign_left\u00a0\u00bb border_width=\u00a0\u00bb3&Prime; el_width=\u00a0\u00bb10&Prime; accent_color=\u00a0\u00bb#163e75&Prime;][vc_column_text el_class=\u00a0\u00bbjustify\u00a0\u00bb]L\u2019Unidis (Union Intersecteur Papiers Cartons pour le dialogue et l&rsquo;ing\u00e9nierie sociale) est une union de syndicats professionnels cr\u00e9\u00e9e sp\u00e9cifiquement par les <strong><a href=\"http:\/\/unidis.fr\/portail\/les-federations-membres\/\">f\u00e9d\u00e9rations professionnelles des secteurs de la production et de la transformation des papiers et cartons<\/a> <\/strong>avec pour objet la promotion et la d\u00e9fense des int\u00e9r\u00eats de leurs entreprises adh\u00e9rentes dans les domaines suivants :[\/vc_column_text][vc_row_inner][vc_column_inner]<div class=\"smile_icon_list_wrap ult_info_list_container ult-adjust-bottom-margin  \"><ul class=\"smile_icon_list left circle with_bg\"><li class=\"icon_list_item\" style=\" font-size:72px;\"><div class=\"icon_list_icon\" data-animation=\"bounceIn\" data-animation-delay=\"03\" style=\"font-size:24px;border-width:1px;border-style:none;background:#163e75;color:#ffffff;border-color:#333333;\"><i class=\"Defaults-book\" ><\/i><\/div><div class=\"icon_description\" id=\"Info-list-wrap-8088\" style=\"font-size:24px;\"><h3 class=\"ult-responsive info-list-heading\"  data-ultimate-target='#Info-list-wrap-8088 h3'  data-responsive-json-new='{\"font-size\":\"desktop:16px;\",\"line-height\":\"desktop:24px;\"}'  style=\"\">Affaires sociales de branches et droit du travail<\/h3><div class=\"icon_description_text ult-responsive\"  data-ultimate-target='#Info-list-wrap-8088 .icon_description_text'  data-responsive-json-new='{\"font-size\":\"desktop:13px;\",\"line-height\":\"desktop:18px;\"}'  style=\"\"><\/div><\/div><div class=\"icon_list_connector\"  style=\"border-right-width: 1px;border-right-style: dashed;border-color: #333333;\"><\/div><\/li><li class=\"icon_list_item\" style=\" font-size:72px;\"><div class=\"icon_list_icon\" data-animation=\"bounceIn\" data-animation-delay=\"03\" style=\"font-size:24px;border-width:1px;border-style:none;background:#163e75;color:#ffffff;border-color:#333333;\"><i class=\"Defaults-child\" ><\/i><\/div><div class=\"icon_description\" id=\"Info-list-wrap-7356\" style=\"font-size:24px;\"><h3 class=\"ult-responsive info-list-heading\"  data-ultimate-target='#Info-list-wrap-7356 h3'  data-responsive-json-new='{\"font-size\":\"desktop:16px;\",\"line-height\":\"desktop:24px;\"}'  style=\"\">D\u00e9veloppement ressources humaines et formation professionnelle<\/h3><div class=\"icon_description_text ult-responsive\"  data-ultimate-target='#Info-list-wrap-7356 .icon_description_text'  data-responsive-json-new='{\"font-size\":\"desktop:13px;\",\"line-height\":\"desktop:18px;\"}'  style=\"\"><\/div><\/div><div class=\"icon_list_connector\"  style=\"border-right-width: 1px;border-right-style: dashed;border-color: #333333;\"><\/div><\/li><li class=\"icon_list_item\" style=\" font-size:72px;\"><div class=\"icon_list_icon\" data-animation=\"bounceIn\" data-animation-delay=\"03\" style=\"font-size:24px;border-width:1px;border-style:none;background:#163e75;color:#ffffff;border-color:#333333;\"><i class=\"Defaults-check-circle-o\" ><\/i><\/div><div class=\"icon_description\" id=\"Info-list-wrap-6849\" style=\"font-size:24px;\"><h3 class=\"ult-responsive info-list-heading\"  data-ultimate-target='#Info-list-wrap-6849 h3'  data-responsive-json-new='{\"font-size\":\"desktop:16px;\",\"line-height\":\"desktop:24px;\"}'  style=\"\">Sant\u00e9 et s\u00e9curit\u00e9 au travail<\/h3><div class=\"icon_description_text ult-responsive\"  data-ultimate-target='#Info-list-wrap-6849 .icon_description_text'  data-responsive-json-new='{\"font-size\":\"desktop:13px;\",\"line-height\":\"desktop:18px;\"}'  style=\"\"><\/div><\/div><div class=\"icon_list_connector\"  style=\"border-right-width: 1px;border-right-style: dashed;border-color: #333333;\"><\/div><\/li><\/ul><\/div>[\/vc_column_inner][\/vc_row_inner][vc_custom_heading text=\u00a0\u00bbRepr\u00e9sentativit\u00e9\u00a0\u00bb font_container=\u00a0\u00bbtag:h3|text_align:left\u00a0\u00bb use_theme_fonts=\u00a0\u00bbyes\u00a0\u00bb css_animation=\u00a0\u00bbfadeInRight\u00a0\u00bb][vc_separator color=\u00a0\u00bbcustom\u00a0\u00bb align=\u00a0\u00bbalign_left\u00a0\u00bb border_width=\u00a0\u00bb3&Prime; el_width=\u00a0\u00bb10&Prime; accent_color=\u00a0\u00bb#163e75&Prime;][vc_column_text el_class=\u00a0\u00bbjustify\u00a0\u00bb]L\u2019Unidis, <strong>unique organisation patronale repr\u00e9sentative dans les branches Papiers et Cartons<\/strong>, pilote l\u2019ensemble des conventions collectives de la Production &#8211; Transformation des papiers et cartons et des instruments \u00e0 \u00e9crire. Ces conventions collectives couvrent 65.000 salari\u00e9s et 1.200 entreprises.[\/vc_column_text][vc_row_inner][vc_column_inner width=\u00a0\u00bb1\/2&Prime;]<div class=\"stats-block stats-top  \"><div class=\"aio-icon-top\"><div class=\"ult-just-icon-wrapper  \"><div class=\"align-icon\" style=\"text-align:center;\">\n<div class=\"aio-icon circle \" data-animation=\"swing\" data-animation-delay=\"03\" style=\"color:#ffffff;background:#0c346f;font-size:50px;display:inline-block;\">\n\t<i class=\"Defaults-male\"><\/i>\n<\/div><\/div><\/div><\/div><div class=\"stats-desc\" id=\"counter-responsv-wrap-7379\"><div id=\"counter_152706210069d55f3c6661a\" data-id=\"counter_152706210069d55f3c6661a\"  data-ultimate-target='#counter-responsv-wrap-7379 .stats-number'  data-responsive-json-new='{\"font-size\":\"\",\"line-height\":\"\"}'  class=\"stats-number ult-responsive\" style=\"font-size:28px;  \" data-speed=\"2\" data-counter-value=\"65000\" data-separator=\",\" data-decimal=\".\">0<\/div><div id=\"counter-responsv-wrap-7379\"  data-ultimate-target='#counter-responsv-wrap-7379 .stats-text'  data-responsive-json-new='{\"font-size\":\"\",\"line-height\":\"\"}'  class=\"stats-text ult-responsive\" style=\"font-size:18px;  \">salari\u00e9s<\/div><\/div><\/div>[\/vc_column_inner][vc_column_inner width=\u00a0\u00bb1\/2&Prime;]<div class=\"stats-block stats-top  \"><div class=\"aio-icon-top\"><div class=\"ult-just-icon-wrapper  \"><div class=\"align-icon\" style=\"text-align:center;\">\n<div class=\"aio-icon circle \" data-animation=\"swing\" data-animation-delay=\"03\" style=\"color:#ffffff;background:#00b3d9;font-size:50px;display:inline-block;\">\n\t<i class=\"Defaults-building-o\"><\/i>\n<\/div><\/div><\/div><\/div><div class=\"stats-desc\" id=\"counter-responsv-wrap-6618\"><div id=\"counter_55529113669d55f3c66679\" data-id=\"counter_55529113669d55f3c66679\"  data-ultimate-target='#counter-responsv-wrap-6618 .stats-number'  data-responsive-json-new='{\"font-size\":\"\",\"line-height\":\"\"}'  class=\"stats-number ult-responsive\" style=\"font-size:28px;  \" data-speed=\"2\" data-counter-value=\"1200\" data-separator=\",\" data-decimal=\".\">0<\/div><div id=\"counter-responsv-wrap-6618\"  data-ultimate-target='#counter-responsv-wrap-6618 .stats-text'  data-responsive-json-new='{\"font-size\":\"\",\"line-height\":\"\"}'  class=\"stats-text ult-responsive\" style=\"font-size:18px;  \">entreprises<\/div><\/div><\/div>[\/vc_column_inner][\/vc_row_inner][vc_custom_heading text=\u00a0\u00bbLes Missions principales\u00a0\u00bb font_container=\u00a0\u00bbtag:h3|text_align:left\u00a0\u00bb use_theme_fonts=\u00a0\u00bbyes\u00a0\u00bb css_animation=\u00a0\u00bbfadeInRight\u00a0\u00bb][vc_separator color=\u00a0\u00bbcustom\u00a0\u00bb align=\u00a0\u00bbalign_left\u00a0\u00bb border_width=\u00a0\u00bb3&Prime; el_width=\u00a0\u00bb10&Prime; accent_color=\u00a0\u00bb#163e75&Prime;][vc_column_text el_class=\u00a0\u00bbjustify\u00a0\u00bb]<\/p>\n<ul>\n<li>Repr\u00e9senter les entreprises dans le cadre de la n\u00e9gociation collective avec les organisations syndicales de salari\u00e9s repr\u00e9sentatives au niveau national\u00a0ainsi que dans les instances et organismes paritaires (OPCO 2i, CPNEF\u2026) ;<\/li>\n<li>Conseiller les entreprises (hotline d\u00e9di\u00e9e, r\u00e9daction de guides, organisation de journ\u00e9es d\u2019information\/formation) ;<\/li>\n<li>D\u00e9fendre et promouvoir les int\u00e9r\u00eats des entreprises aupr\u00e8s des pouvoirs publics ;<\/li>\n<li>Construire une politique globale de formation correspondant aux besoins actuels et futurs des entreprises ;<\/li>\n<li>D\u00e9velopper l\u2019attractivit\u00e9 du secteur pour attirer les meilleures comp\u00e9tences.<\/li>\n<\/ul>\n<p>[\/vc_column_text][vc_custom_heading text=\u00a0\u00bbRepr\u00e9sentation\u00a0\u00bb font_container=\u00a0\u00bbtag:h3|text_align:left\u00a0\u00bb use_theme_fonts=\u00a0\u00bbyes\u00a0\u00bb css_animation=\u00a0\u00bbfadeInRight\u00a0\u00bb][vc_separator color=\u00a0\u00bbcustom\u00a0\u00bb align=\u00a0\u00bbalign_left\u00a0\u00bb border_width=\u00a0\u00bb3&Prime; el_width=\u00a0\u00bb10&Prime; accent_color=\u00a0\u00bb#163e75&Prime;][vc_column_text el_class=\u00a0\u00bbjustify\u00a0\u00bb]Dans le cadre de la d\u00e9finition et la mise en \u0153uvre d\u2019une politique ambitieuse en mati\u00e8re de formation, l\u2019Unidis participe activement aux actions men\u00e9es par\u00a0:<\/p>\n<ul>\n<li>L\u2019Afifor qui contribue au d\u00e9veloppement de l\u2019apprentissage, de la formation initiale et des Centres de formations des Apprentis dans l\u2019IPC ;<\/li>\n<li>IPC FORMATION qui intervient sur la formation continue, la certification et le d\u00e9veloppement RH ;<\/li>\n<li>L\u2019Observatoire Paritaire des m\u00e9tiers.<\/li>\n<\/ul>\n<p>L\u2019Unidis est \u00e9galement membre de la gouvernance de l\u2019OPCO 2i (Conseil d\u2019Administration) et pilote la Section Paritaire Professionnelle (S.P.P) de l\u2019IPC au sein de l\u2019OPCO 2i (cette instance permet la mise en \u0153uvre de la politique de branche comme le taux de prise en charge des formations, la cr\u00e9ation de CQP, \u2026).<\/p>\n<p>Par ailleurs, l\u2019Unidis exerce son action de repr\u00e9sentation et de d\u00e9fense des int\u00e9r\u00eats parmi de multiples organisations ou instances paritaires r\u00e9gionales, nationales ou europ\u00e9ennes\u00a0:<\/p>\n<ul>\n<li>Medef ;<\/li>\n<li>OPCO 2i, Centres de Formations des Apprentis (ex\u00a0: ING-PAGORA,\u2026) ;<\/li>\n<li>Commissions consultatives minist\u00e9rielles ;<\/li>\n<li>CNAMTS (accidents et maladies professionnelles) ;<\/li>\n<li>CEPI (Confederation of European Paper Industries).<\/li>\n<\/ul>\n<p>[\/vc_column_text][vc_empty_space][\/vc_column][\/vc_row]<\/p>\n<\/section>","protected":false},"excerpt":{"rendered":"<p>[vc_row bg_type=\u00a0\u00bbbg_color\u00a0\u00bb bg_color_value=\u00a0\u00bb#ffffff\u00a0\u00bb][vc_column parallax=\u00a0\u00bbcontent-moving\u00a0\u00bb css=\u00a0\u00bb.vc_custom_1555078384522{background-color: #ffffff !important;}\u00a0\u00bb offset=\u00a0\u00bbvc_hidden-lg vc_hidden-md vc_hidden-sm\u00a0\u00bb][vc_tta_accordion color=\u00a0\u00bbsky\u00a0\u00bb c_icon=\u00a0\u00bb\u00a0\u00bb active_section=\u00a0\u00bb$\u00a0\u00bb collapsible_all=\u00a0\u00bbtrue\u00a0\u00bb][vc_tta_section i_icon_fontawesome=\u00a0\u00bbfa fa-bars\u00a0\u00bb add_icon=\u00a0\u00bbtrue\u00a0\u00bb title=\u00a0\u00bbMENU\u00a0\u00bb tab_id=\u00a0\u00bb1555076975667-ca4cfdf5-b7d3&Prime;][vc_wp_custommenu nav_menu=\u00a0\u00bb11&Prime;][\/vc_tta_section][\/vc_tta_accordion][\/vc_column][\/vc_row][vc_row bg_type=\u00a0\u00bbbg_color\u00a0\u00bb bg_color_value=\u00a0\u00bb#ffffff\u00a0\u00bb][vc_column parallax=\u00a0\u00bbcontent-moving\u00a0\u00bb width=\u00a0\u00bb1\/4&Prime; css=\u00a0\u00bb.vc_custom_1555070821841{background-color: #ffffff !important;}\u00a0\u00bb offset=\u00a0\u00bbvc_hidden-xs\u00a0\u00bb][vc_empty_space height=\u00a0\u00bb12px\u00a0\u00bb][vc_wp_custommenu nav_menu=\u00a0\u00bb11&Prime; el_class=\u00a0\u00bbmenu-unidisportail\u00a0\u00bb][\/vc_column][vc_column width=\u00a0\u00bb3\/4&Prime; css=\u00a0\u00bb.vc_custom_1536588387556{padding-right: 50px !important;padding-left: 50px !important;}\u00a0\u00bb][vc_custom_heading source=\u00a0\u00bbpost_title\u00a0\u00bb font_container=\u00a0\u00bbtag:h3|text_align:left\u00a0\u00bb use_theme_fonts=\u00a0\u00bbyes\u00a0\u00bb [&#8230;]<\/p>\n","protected":false},"author":2,"featured_media":0,"parent":0,"menu_order":0,"comment_status":"closed","ping_status":"open","template":"","meta":{"_mi_skip_tracking":false,"_exactmetrics_sitenote_active":false,"_exactmetrics_sitenote_note":"","_exactmetrics_sitenote_category":0,"_monsterinsights_sitenote_active":false,"_monsterinsights_sitenote_note":"","_monsterinsights_sitenote_category":0,"footnotes":""},"aioseo_notices":[],"_links":{"self":[{"href":"https:\/\/unidis.fr\/portail\/wp-json\/wp\/v2\/pages\/1075"}],"collection":[{"href":"https:\/\/unidis.fr\/portail\/wp-json\/wp\/v2\/pages"}],"about":[{"href":"https:\/\/unidis.fr\/portail\/wp-json\/wp\/v2\/types\/page"}],"author":[{"embeddable":true,"href":"https:\/\/unidis.fr\/portail\/wp-json\/wp\/v2\/users\/2"}],"replies":[{"embeddable":true,"href":"https:\/\/unidis.fr\/portail\/wp-json\/wp\/v2\/comments?post=1075"}],"version-history":[{"count":70,"href":"https:\/\/unidis.fr\/portail\/wp-json\/wp\/v2\/pages\/1075\/revisions"}],"predecessor-version":[{"id":8739,"href":"https:\/\/unidis.fr\/portail\/wp-json\/wp\/v2\/pages\/1075\/revisions\/8739"}],"wp:attachment":[{"href":"https:\/\/unidis.fr\/portail\/wp-json\/wp\/v2\/media?parent=1075"}],"curies":[{"name":"wp","href":"https:\/\/api.w.org\/{rel}","templated":true}]}}